{"id":15188,"date":"2023-10-05T18:32:42","date_gmt":"2023-10-05T16:32:42","guid":{"rendered":"https:\/\/mammiko.pl\/?post_type=product&#038;p=15188"},"modified":"2026-03-24T15:51:45","modified_gmt":"2026-03-24T14:51:45","slug":"kimono","status":"publish","type":"product","link":"https:\/\/mammiko.pl\/de\/produkt\/kimono\/","title":{"rendered":"Kimono"},"content":{"rendered":"<p><span style=\"font-weight: 400;\">Kimono \"I Love You Mom\" ist nicht nur Kleidung. Es ist eine Erg\u00e4nzung f\u00fcr Frauen, die jeden Tag sch\u00f6n und attraktiv aussehen und sich so f\u00fchlen m\u00f6chten. Es lohnt sich besonders, auf die Details zu achten, die diesen Kimono so einzigartig machen.\u2028<\/span><\/p>\n<ul>\n<li style=\"font-weight: 400;\" aria-level=\"1\"><span style=\"font-weight: 400;\">R\u0119kawy w kimono &#8222;I Love You Mom&#8221; s\u0105 absolutnie uniwersalne. Dzi\u0119ki zastosowaniu elastycznych gumek i stoper\u00f3w mo\u017cna je \u0142atwo regulowa\u0107, dostosowuj\u0105c do w\u0142asnych preferencji i stylu.\u00a0<\/span><\/li>\n<li style=\"font-weight: 400;\" aria-level=\"1\"><span style=\"font-weight: 400;\">Mo\u017cesz nosi\u0107 je puszczone lu\u017ano, co mo\u017cna okre\u015bli\u0107 klasyczn\u0105 nonszalancj\u0105. Wygl\u0105da wtedy pi\u0119knie, \u0142adnie si\u0119 uk\u0142ada i nadaje ca\u0142ej stylizacji lu\u017anego klimatu.<\/span><\/li>\n<li style=\"font-weight: 400;\" aria-level=\"1\"><span style=\"font-weight: 400;\">Dla kobiet, kt\u00f3rym zale\u017cy na wi\u0119kszej funkcjonalno\u015bci, istnieje mo\u017cliwo\u015b\u0107 spi\u0119cia r\u0119kawa w bufk\u0119, co jednocze\u015bnie umo\u017cliwia jego dowolne podci\u0105ganie i regulowanie jego d\u0142ugo\u015bci. Dzi\u0119ki temu r\u0119kaw w niczym nie przeszkadza. Wci\u0105\u017c jest elegancki, oryginalny, a do tego mo\u017cesz bez skr\u0119powania wykonywa\u0107 w nim ka\u017cd\u0105 codzienn\u0105 czynno\u015b\u0107. <\/span><\/li>\n<\/ul>","protected":false},"excerpt":{"rendered":"<p><span style=\"font-weight: 400;\">Kimono \"I Love You Mom\" ist nicht nur Kleidung. Es ist eine Erg\u00e4nzung f\u00fcr Frauen, die jeden Tag sch\u00f6n und attraktiv aussehen und sich so f\u00fchlen m\u00f6chten. Es lohnt sich besonders, auf die Details zu achten, die diesen Kimono so einzigartig machen.\u2028<\/span><\/p>","protected":false},"featured_media":14324,"template":"","meta":[],"product_brand":[],"product_cat":[135],"product_tag":[],"class_list":{"0":"post-15188","1":"product","2":"type-product","3":"status-publish","4":"has-post-thumbnail","6":"product_cat-kimono","8":"first","9":"instock","10":"taxable","11":"shipping-taxable","12":"purchasable","13":"product-type-variable"},"_links":{"self":[{"href":"https:\/\/mammiko.pl\/de\/wp-json\/wp\/v2\/product\/15188","targetHints":{"allow":["GET"]}}],"collection":[{"href":"https:\/\/mammiko.pl\/de\/wp-json\/wp\/v2\/product"}],"about":[{"href":"https:\/\/mammiko.pl\/de\/wp-json\/wp\/v2\/types\/product"}],"version-history":[{"count":3,"href":"https:\/\/mammiko.pl\/de\/wp-json\/wp\/v2\/product\/15188\/revisions"}],"predecessor-version":[{"id":16760,"href":"https:\/\/mammiko.pl\/de\/wp-json\/wp\/v2\/product\/15188\/revisions\/16760"}],"wp:featuredmedia":[{"embeddable":true,"href":"https:\/\/mammiko.pl\/de\/wp-json\/wp\/v2\/media\/14324"}],"wp:attachment":[{"href":"https:\/\/mammiko.pl\/de\/wp-json\/wp\/v2\/media?parent=15188"}],"wp:term":[{"taxonomy":"product_brand","embeddable":true,"href":"https:\/\/mammiko.pl\/de\/wp-json\/wp\/v2\/product_brand?post=15188"},{"taxonomy":"product_cat","embeddable":true,"href":"https:\/\/mammiko.pl\/de\/wp-json\/wp\/v2\/product_cat?post=15188"},{"taxonomy":"product_tag","embeddable":true,"href":"https:\/\/mammiko.pl\/de\/wp-json\/wp\/v2\/product_tag?post=15188"}],"curies":[{"name":"wp","href":"https:\/\/api.w.org\/{rel}","templated":true}]}}