{"id":14625,"date":"2023-09-12T22:48:03","date_gmt":"2023-09-12T20:48:03","guid":{"rendered":"https:\/\/mammiko.pl\/?post_type=product&#038;p=14625"},"modified":"2026-03-24T15:52:33","modified_gmt":"2026-03-24T14:52:33","slug":"retro-sunset","status":"publish","type":"product","link":"https:\/\/mammiko.pl\/de\/produkt\/retro-sunset\/","title":{"rendered":"Stillkleid Retro Sunset"},"content":{"rendered":"","protected":false},"excerpt":{"rendered":"<div class=\"flex flex-col text-sm\">\n<article class=\"text-token-text-primary w-full focus:outline-none [--shadow-height:45px] has-data-writing-block:pointer-events-none has-data-writing-block:-mt-(--shadow-height) has-data-writing-block:pt-(--shadow-height) [&amp;:has([data-writing-block])&gt;*]:pointer-events-auto scroll-mt-[calc(var(--header-height)+min(200px,max(70px,20svh)))]\" dir=\"auto\" tabindex=\"-1\" data-turn-id=\"34f0c070-7289-42b1-9469-25006b44a55d\" data-testid=\"conversation-turn-10\" data-scroll-anchor=\"true\" data-turn=\"assistant\">\n<div class=\"text-base my-auto mx-auto pb-10 [--thread-content-margin:--spacing(4)] @w-sm\/main:[--thread-content-margin:--spacing(6)] @w-lg\/main:[--thread-content-margin:--spacing(16)] px-(--thread-content-margin)\">\n<div class=\"[--thread-content-max-width:40rem] @w-lg\/main:[--thread-content-max-width:48rem] mx-auto max-w-(--thread-content-max-width) flex-1 group\/turn-messages focus-visible:outline-hidden relative flex w-full min-w-0 flex-col agent-turn\" tabindex=\"-1\">\n<div class=\"flex max-w-full flex-col grow\">\n<div class=\"min-h-8 text-message relative flex w-full flex-col items-end gap-2 text-start break-words whitespace-normal [.text-message+&amp;]:mt-1\" dir=\"auto\" data-message-author-role=\"assistant\" data-message-id=\"ea0830f6-a7f8-4b1f-89b2-b8bda9336b4f\" data-message-model-slug=\"gpt-5-2-thinking\">\n<div class=\"flex w-full flex-col gap-1 empty:hidden first:pt-[1px]\">\n<div class=\"markdown prose dark:prose-invert w-full break-words light markdown-new-styling\">\n<p data-start=\"0\" data-end=\"460\" class=\"translation-block\">Das Kleid <b>Rita Retro Sunset <\/b>umh\u00fcllt dich mit der W\u00e4rme s\u00fcdlicher Sonnenunterg\u00e4nge. Violett, Orange und ein zartes Blau verbinden sich zu einem Effekt, der die nat\u00fcrliche Sch\u00f6nheit unterstreicht und Selbstbewusstsein schenkt. Dieses Muster begleitet dich durch <b>das ganze Jahr<\/b>: Im Sommer tr\u00e4gst du es leicht mit Espadrilles, im Winter kombinierst du es mit Strumpfhosen und einem Wollpullover \u2013 stilvoll zu jeder Jahreszeit.\nDie geometrische Retro-\u00c4sthetik macht Rita Retro SUnset zu mehr als nur einem Stillkleid. <b>Es ist Ausdruck deiner Individualit\u00e4t und der Freude an der Mutterschaft.<\/b><\/p>\n<\/div>\n<\/div>\n<\/div>\n<\/div>\n<div class=\"z-0 flex min-h-[46px] justify-start\"><\/div>\n<div class=\"mt-3 w-full empty:hidden\">\n<div class=\"text-center\"><\/div>\n<\/div>\n<\/div>\n<\/div>\n<\/article>\n<\/div>\n<div class=\"pointer-events-none h-px w-px absolute bottom-0\" aria-hidden=\"true\" data-edge=\"true\"><\/div>","protected":false},"featured_media":14555,"template":"","meta":[],"product_brand":[],"product_cat":[124],"product_tag":[],"class_list":{"0":"post-14625","1":"product","2":"type-product","3":"status-publish","4":"has-post-thumbnail","6":"product_cat-rita","8":"first","9":"instock","10":"taxable","11":"shipping-taxable","12":"purchasable","13":"product-type-variable"},"_links":{"self":[{"href":"https:\/\/mammiko.pl\/de\/wp-json\/wp\/v2\/product\/14625","targetHints":{"allow":["GET"]}}],"collection":[{"href":"https:\/\/mammiko.pl\/de\/wp-json\/wp\/v2\/product"}],"about":[{"href":"https:\/\/mammiko.pl\/de\/wp-json\/wp\/v2\/types\/product"}],"version-history":[{"count":14,"href":"https:\/\/mammiko.pl\/de\/wp-json\/wp\/v2\/product\/14625\/revisions"}],"predecessor-version":[{"id":16714,"href":"https:\/\/mammiko.pl\/de\/wp-json\/wp\/v2\/product\/14625\/revisions\/16714"}],"wp:featuredmedia":[{"embeddable":true,"href":"https:\/\/mammiko.pl\/de\/wp-json\/wp\/v2\/media\/14555"}],"wp:attachment":[{"href":"https:\/\/mammiko.pl\/de\/wp-json\/wp\/v2\/media?parent=14625"}],"wp:term":[{"taxonomy":"product_brand","embeddable":true,"href":"https:\/\/mammiko.pl\/de\/wp-json\/wp\/v2\/product_brand?post=14625"},{"taxonomy":"product_cat","embeddable":true,"href":"https:\/\/mammiko.pl\/de\/wp-json\/wp\/v2\/product_cat?post=14625"},{"taxonomy":"product_tag","embeddable":true,"href":"https:\/\/mammiko.pl\/de\/wp-json\/wp\/v2\/product_tag?post=14625"}],"curies":[{"name":"wp","href":"https:\/\/api.w.org\/{rel}","templated":true}]}}