{"id":14624,"date":"2023-09-12T22:47:06","date_gmt":"2023-09-12T20:47:06","guid":{"rendered":"https:\/\/mammiko.pl\/?post_type=product&#038;p=14624"},"modified":"2026-03-24T15:53:01","modified_gmt":"2026-03-24T14:53:01","slug":"so-pink","status":"publish","type":"product","link":"https:\/\/mammiko.pl\/de\/produkt\/so-pink\/","title":{"rendered":"Multifunktionales Umstandskleid So? Pink!"},"content":{"rendered":"","protected":false},"excerpt":{"rendered":"<p class=\"translation-block\">Das Kleid <b>Rita So? Pink!<\/b> \u00fcberzeugt mit einem ausdrucksstarken, femininen Print, der dein Outfit praktisch von selbst komplettiert. Rosa und tiefes Braun in aztekischen Mustern unterstreichen die Sch\u00f6nheit jeder Mama und schenken Selbstbewusstsein. Du kannst es <b>das ganze Jahr<\/b> \u00fcber tragen: im Herbst mit warmen, dunklen Accessoires wie Stiefeletten oder einer Lederjacke, im Fr\u00fchling und Sommer kombiniert mit gebr\u00e4unter Haut und einer geflochtenen Tasche.\nEs ist die perfekte Verbindung von <b>Komfort und Stil<\/b>, die den Alltag erleichtert \u2013 auch w\u00e4hrend der Stillzeit \u2013 und dir erm\u00f6glicht, dich modisch, frei und ganz du selbst zu f\u00fchlen.<\/p>","protected":false},"featured_media":14484,"template":"","meta":[],"product_brand":[],"product_cat":[124],"product_tag":[],"class_list":{"0":"post-14624","1":"product","2":"type-product","3":"status-publish","4":"has-post-thumbnail","6":"product_cat-rita","8":"first","9":"instock","10":"taxable","11":"shipping-taxable","12":"purchasable","13":"product-type-variable"},"_links":{"self":[{"href":"https:\/\/mammiko.pl\/de\/wp-json\/wp\/v2\/product\/14624","targetHints":{"allow":["GET"]}}],"collection":[{"href":"https:\/\/mammiko.pl\/de\/wp-json\/wp\/v2\/product"}],"about":[{"href":"https:\/\/mammiko.pl\/de\/wp-json\/wp\/v2\/types\/product"}],"version-history":[{"count":33,"href":"https:\/\/mammiko.pl\/de\/wp-json\/wp\/v2\/product\/14624\/revisions"}],"predecessor-version":[{"id":16716,"href":"https:\/\/mammiko.pl\/de\/wp-json\/wp\/v2\/product\/14624\/revisions\/16716"}],"wp:featuredmedia":[{"embeddable":true,"href":"https:\/\/mammiko.pl\/de\/wp-json\/wp\/v2\/media\/14484"}],"wp:attachment":[{"href":"https:\/\/mammiko.pl\/de\/wp-json\/wp\/v2\/media?parent=14624"}],"wp:term":[{"taxonomy":"product_brand","embeddable":true,"href":"https:\/\/mammiko.pl\/de\/wp-json\/wp\/v2\/product_brand?post=14624"},{"taxonomy":"product_cat","embeddable":true,"href":"https:\/\/mammiko.pl\/de\/wp-json\/wp\/v2\/product_cat?post=14624"},{"taxonomy":"product_tag","embeddable":true,"href":"https:\/\/mammiko.pl\/de\/wp-json\/wp\/v2\/product_tag?post=14624"}],"curies":[{"name":"wp","href":"https:\/\/api.w.org\/{rel}","templated":true}]}}