{"id":14622,"date":"2023-09-12T22:45:22","date_gmt":"2023-09-12T20:45:22","guid":{"rendered":"https:\/\/mammiko.pl\/?post_type=product&#038;p=14622"},"modified":"2026-03-24T15:50:18","modified_gmt":"2026-03-24T14:50:18","slug":"black-chic","status":"publish","type":"product","link":"https:\/\/mammiko.pl\/de\/produkt\/black-chic\/","title":{"rendered":"2-in-1: Komfort w\u00e4hrend der Schwangerschaft und Stillzeit \u2013 Black Chic"},"content":{"rendered":"","protected":false},"excerpt":{"rendered":"<p class=\"translation-block\">Das Kleid <b>Black Chic<\/b> ist deine sichere Wahl f\u00fcr immer. Klassisches Schwarz sorgt sofort f\u00fcr einen eleganten Look, w\u00e4hrend das feine Blumenmuster Leichtigkeit und einen Hauch von Romantik verleiht. <b>Bequem und praktisch auch w\u00e4hrend der Stillzeit<\/b>, begleitet es dich komfortabel durch den ganzen Tag \u2013 ganz ohne Stilkompromisse.\nDu kannst es \u00fcberall und zu jeder Jahreszeit tragen \u2013 vom Alltag bis zu besonderen Anl\u00e4ssen \u2013 und wirkst dabei stets feminin, gepflegt und hochwertig.<\/p>","protected":false},"featured_media":14584,"template":"","meta":[],"product_brand":[],"product_cat":[124],"product_tag":[],"class_list":{"0":"post-14622","1":"product","2":"type-product","3":"status-publish","4":"has-post-thumbnail","6":"product_cat-rita","8":"first","9":"instock","10":"taxable","11":"shipping-taxable","12":"purchasable","13":"product-type-variable"},"_links":{"self":[{"href":"https:\/\/mammiko.pl\/de\/wp-json\/wp\/v2\/product\/14622","targetHints":{"allow":["GET"]}}],"collection":[{"href":"https:\/\/mammiko.pl\/de\/wp-json\/wp\/v2\/product"}],"about":[{"href":"https:\/\/mammiko.pl\/de\/wp-json\/wp\/v2\/types\/product"}],"version-history":[{"count":7,"href":"https:\/\/mammiko.pl\/de\/wp-json\/wp\/v2\/product\/14622\/revisions"}],"predecessor-version":[{"id":16803,"href":"https:\/\/mammiko.pl\/de\/wp-json\/wp\/v2\/product\/14622\/revisions\/16803"}],"wp:featuredmedia":[{"embeddable":true,"href":"https:\/\/mammiko.pl\/de\/wp-json\/wp\/v2\/media\/14584"}],"wp:attachment":[{"href":"https:\/\/mammiko.pl\/de\/wp-json\/wp\/v2\/media?parent=14622"}],"wp:term":[{"taxonomy":"product_brand","embeddable":true,"href":"https:\/\/mammiko.pl\/de\/wp-json\/wp\/v2\/product_brand?post=14622"},{"taxonomy":"product_cat","embeddable":true,"href":"https:\/\/mammiko.pl\/de\/wp-json\/wp\/v2\/product_cat?post=14622"},{"taxonomy":"product_tag","embeddable":true,"href":"https:\/\/mammiko.pl\/de\/wp-json\/wp\/v2\/product_tag?post=14622"}],"curies":[{"name":"wp","href":"https:\/\/api.w.org\/{rel}","templated":true}]}}