{"id":14615,"date":"2023-09-12T22:42:40","date_gmt":"2023-09-12T20:42:40","guid":{"rendered":"https:\/\/mammiko.pl\/?post_type=product&#038;p=14615"},"modified":"2026-03-24T15:51:09","modified_gmt":"2026-03-24T14:51:09","slug":"simply-boho-mammiko-82","status":"publish","type":"product","link":"https:\/\/mammiko.pl\/de\/produkt\/simply-boho-mammiko-82\/","title":{"rendered":"Schwangerschaft und Stillzeit in einem Kleid \u2013 Simply Boho"},"content":{"rendered":"<div data-elementor-type=\"wp-post\" data-elementor-id=\"14615\" class=\"elementor elementor-14615\">\n\t\t\t\t\t\t<section class=\"elementor-section elementor-top-section elementor-element elementor-element-68127b2 elementor-section-boxed elementor-section-height-default elementor-section-height-default\" data-id=\"68127b2\" data-element_type=\"section\">\r\n\t\t\t\t\t\t<div class=\"elementor-container elementor-column-gap-default jws_section_\" >\r\n\t\t\t\t<div class=\"elementor-column elementor-col-100 elementor-top-column elementor-element elementor-element-23d1fd1\" data-id=\"23d1fd1\" data-element_type=\"column\">\n\t\t\t<div class=\"elementor-widget-wrap elementor-element-populated\">\n\t\t\t\t\t\t<div class=\"elementor-element elementor-element-230260d elementor-widget elementor-widget-html\" data-id=\"230260d\" data-element_type=\"widget\" data-widget_type=\"html.default\">\n\t\t\t\t<div class=\"elementor-widget-container\">\n\t\t\t\t\t<!DOCTYPE html>\n<html>\n<head>\n<style>\n#magic_line {\n    display: none;\n}\n\n.woocommerce-tabs.horizontal .tabs {\noverflow: hidden;\ndisplay: none;\n}\n\n<\/style>\n<\/head>\n<body>\n<div id=\"magic_line\">\n<\/div>\n<\/body>\n<\/html>\n\t\t\t\t<\/div>\n\t\t\t\t<\/div>\n\t\t\t\t<div class=\"elementor-element elementor-element-0468d60 elementor-widget elementor-widget-jws_tab\" data-id=\"0468d60\" data-element_type=\"widget\" data-widget_type=\"jws_tab.default\">\n\t\t\t\t<div class=\"elementor-widget-container\">\n\t\t\t\t\t\t\t      \t<div class=\"jws_tab_wrap display_top\">\r\n                  <div class=\"tab_nav_container layout_layout1\"> \r\n                      <div class=\"tab_nav_wrap\">  \r\n                          <ul class=\"tab_nav\">\r\n                                                    \t\t\t\t<li class=\"jws_nav_item current\">\r\n                                        <a href=\"#\" data-tab=\"e301284\">\r\n                                                                                        <span class=\"item-icon elementor-align-icon-left\">\r\n                                \t\t\t\t<i aria-hidden=\"true\" class=\"jws-icon-heart-straight-thin-1\"><\/i>  \r\n                                \t\t\t<\/span>\r\n                                                                                        <span>Opis<\/span>\r\n                                        <\/a>  \r\n                                    <\/li>\r\n                    \t\t                      \t\t\t\t<li class=\"jws_nav_item\">\r\n                                        <a href=\"#\" data-tab=\"ecb135d\">\r\n                                                                                        <span class=\"item-icon elementor-align-icon-left\">\r\n                                \t\t\t\t<i aria-hidden=\"true\" class=\"jws-icon-eye-thin\"><\/i>  \r\n                                \t\t\t<\/span>\r\n                                                                                        <span>Stoff<\/span>\r\n                                        <\/a>  \r\n                                    <\/li>\r\n                    \t\t                      \t\t\t\t<li class=\"jws_nav_item\">\r\n                                        <a href=\"#\" data-tab=\"eff18bc\">\r\n                                                                                        <span class=\"item-icon elementor-align-icon-left\">\r\n                                \t\t\t\t<i aria-hidden=\"true\" class=\"jws-icon-check-circle-thin\"><\/i>  \r\n                                \t\t\t<\/span>\r\n                                                                                        <span>Certyfikat<\/span>\r\n                                        <\/a>  \r\n                                    <\/li>\r\n                    \t\t                      \t\t\t\t<li class=\"jws_nav_item\">\r\n                                        <a href=\"#\" data-tab=\"c92bc59\">\r\n                                                                                        <span class=\"item-icon elementor-align-icon-left\">\r\n                                \t\t\t\t<i aria-hidden=\"true\" class=\"jws-icon-handbag-thin\"><\/i>  \r\n                                \t\t\t<\/span>\r\n                                                                                        <span>Pranie<\/span>\r\n                                        <\/a>  \r\n                                    <\/li>\r\n                    \t\t                            <\/ul>  \r\n                      <\/div>\r\n                  <\/div> \r\n                  <div class=\"tab_content\">  \r\n            \t\t              \t\t\t\t<div id=\"e301284\" class=\"jws_tab_item current\">\r\n                                    <div class=\"content_text\"><p style=\"text-align: left;\">Sukienka Rita to nie tylko wyj\u0105tkowy element garderoby dla mam karmi\u0105cych, ale tak\u017ce przyk\u0142ad naszego zaanga\u017cowania w jako\u015b\u0107 i dba\u0142o\u015b\u0107 o \u015brodowisko. Chcieli\u015bmy stworzy\u0107 nie tylko pi\u0119kn\u0105, ale tak\u017ce funkcjonaln\u0105 i ekologiczn\u0105 sukienk\u0119, kt\u00f3ra spe\u0142ni oczekiwania ka\u017cdej mamy.<\/p><p style=\"text-align: left;\">Materia\u0142 sukienki Rita to w 100% bawe\u0142na, co gwarantuje przyjemno\u015b\u0107 noszenia oraz oddychalno\u015b\u0107 tkaniny. Dzi\u0119ki temu sukienka jest komfortowa i delikatna dla sk\u00f3ry, co jest szczeg\u00f3lnie istotne podczas karmienia. Dzianinowa cz\u0119\u015b\u0107 do karmienia skomponowana jest z 94% bawe\u0142ny organicznej i 6% elastanu, co zapewnia elastyczno\u015b\u0107 i wygod\u0119.<\/p><p style=\"text-align: left;\">Nasze produkty s\u0105 nie tylko przyjazne dla sk\u00f3ry mamy, ale r\u00f3wnie\u017c dziecka, kt\u00f3re w okresie karmienia, najcz\u0119\u015bciej wtula si\u0119 w mam\u0119, czuj\u0105c jej blisko\u015b\u0107. Wszystkie tkaniny i dzianiny, z kt\u00f3rych korzystamy, posiadaj\u0105 certyfikat Oeko-Tex Standard 100, co oznacza, \u017ce s\u0105 wolne od szkodliwych substancji chemicznych. Dbamy o to, aby nasza produkcja by\u0142a ekologiczna i zr\u00f3wnowa\u017cona.<\/p><p style=\"text-align: left;\">Sukienki Rita s\u0105 szyte w Polsce, co pozwala nam nadzorowa\u0107 jako\u015b\u0107 produkcji i wspiera\u0107 lokaln\u0105 gospodark\u0119. Jako m\u0142oda mama wiem, jak wa\u017cne jest wsparcie rodzimych firm i dlatego z dum\u0105 mo\u017cemy powiedzie\u0107, \u017ce sukienka Rita to polska jako\u015b\u0107.<\/p><p style=\"text-align: left;\">Dzi\u0119ki trosce o szczeg\u00f3\u0142y i jako\u015b\u0107 materia\u0142\u00f3w, sukienka Rita to nie tylko ubranie do karmienia, ale tak\u017ce wyraz naszej pasji i zaanga\u017cowania w tworzenie produkt\u00f3w, kt\u00f3re pomagaj\u0105 mamom czu\u0107 si\u0119 pi\u0119knie i wygodnie w roli matki.<\/p><\/div>   \r\n                            <\/div>\r\n            \t\t              \t\t\t\t<div id=\"ecb135d\" class=\"jws_tab_item\">\r\n                                    <div class=\"content_text\"><ul><li style=\"text-align: left;\">Oberstoff: 100% Baumwolle\u2028<\/li><li style=\"text-align: left;\">dzianinowa cz\u0119\u015b\u0107 do karmienia: 94% bawe\u0142na organiczna, 6% elastan<\/li><li style=\"text-align: left;\">Futter: 100% Baumwolle\u2028<\/li><\/ul><p style=\"text-align: left;\">Die Stoffe und das Stillteil tragen das Oeko-Tex Standard 100-Zertifikat. Die Produkte werden in Polen hergestellt.\u2028<\/p><\/div>   \r\n                            <\/div>\r\n            \t\t              \t\t\t\t<div id=\"eff18bc\" class=\"jws_tab_item\">\r\n                                    <div class=\"content_text\"><p><img decoding=\"async\" class=\"alignnone wp-image-15731\" src=\"https:\/\/mammiko.pl\/wp-content\/uploads\/2021\/12\/certyfikat.png\" alt=\"\" width=\"202\" height=\"168\" srcset=\"https:\/\/mammiko.pl\/wp-content\/uploads\/2021\/12\/certyfikat.png 835w, https:\/\/mammiko.pl\/wp-content\/uploads\/2021\/12\/certyfikat-300x249.png 300w, https:\/\/mammiko.pl\/wp-content\/uploads\/2021\/12\/certyfikat-768x637.png 768w, https:\/\/mammiko.pl\/wp-content\/uploads\/2021\/12\/certyfikat-14x12.png 14w, https:\/\/mammiko.pl\/wp-content\/uploads\/2021\/12\/certyfikat-500x415.png 500w\" sizes=\"(max-width: 202px) 100vw, 202px\" \/><\/p><p style=\"text-align: left;\">Der Stoff ist nach STANDARD 100 by OEKO-TEX\u00ae zertifiziert \u2013 einem der f\u00fchrenden Sicherheitsstandards weltweit. Das bedeutet, dass der Stoff gepr\u00fcft wurde, frei von sch\u00e4dlichen Substanzen ist und keine negativen Auswirkungen auf den Menschen hat. Er ist vollkommen unbedenklich im Gebrauch und eignet sich auch f\u00fcr die Herstellung von Kinderkleidung.\u2028<\/p><p style=\"text-align: left;\">Prz\u0119dza organiczna u\u017cyta do produkcji dzianiny posiada r\u00f3wnie\u017c certyfikat GOTS czyli Global Organic Textile Standard, co daje pewno\u015b\u0107, \u017ce nie zawiera szkodliwych chemikali\u00f3w, a przy produkcji zredukowane zosta\u0142o zu\u017cycie energii i wody.<\/p><\/div>   \r\n                            <\/div>\r\n            \t\t              \t\t\t\t<div id=\"c92bc59\" class=\"jws_tab_item\">\r\n                                    <div class=\"content_text\"><p><img decoding=\"async\" class=\"alignnone wp-image-15732\" src=\"https:\/\/mammiko.pl\/wp-content\/uploads\/2021\/12\/przepis-prania.jpg\" alt=\"\" width=\"387\" height=\"129\" srcset=\"https:\/\/mammiko.pl\/wp-content\/uploads\/2021\/12\/przepis-prania.jpg 734w, https:\/\/mammiko.pl\/wp-content\/uploads\/2021\/12\/przepis-prania-300x100.jpg 300w, https:\/\/mammiko.pl\/wp-content\/uploads\/2021\/12\/przepis-prania-18x6.jpg 18w, https:\/\/mammiko.pl\/wp-content\/uploads\/2021\/12\/przepis-prania-500x167.jpg 500w\" sizes=\"(max-width: 387px) 100vw, 387px\" \/><\/p><\/div>   \r\n                            <\/div>\r\n            \t\t                    <\/div>\r\n                <\/div>\r\n\t\t    \t\t\t\t<\/div>\n\t\t\t\t<\/div>\n\t\t\t\t\t<\/div>\n\t\t<\/div>\n\t\t\t\t      \r\n            \r\n              \r\n            \r\n            \t\r\n\t\t\t<\/div>\r\n\t\t<\/section>\r\n\t\t\t\t<\/div>","protected":false},"excerpt":{"rendered":"<p class=\"translation-block\">Das Kleid Rita Simply Boho steht f\u00fcr genau die Leichtigkeit, die du brauchst. Der helle Farbton und die zarten Blumenmotive bringen den Teint zum Strahlen, betonen die nat\u00fcrliche Sch\u00f6nheit und sorgen ganz m\u00fchelos f\u00fcr einen frischen, romantischen Look.\n<b>Der luftige Stoff und der lockere Schnitt<\/b> bieten hohen Tragekomfort selbst an warmen Tagen und erm\u00f6glichen zugleich ein bequemes und diskretes Stillen, egal wo du bist. Ein echtes Allround-Modell f\u00fcr Spazierg\u00e4nge, die Terrasse oder unterwegs und es wirkt immer so, als h\u00e4ttest du einen perfekten Plan f\u00fcr dein Outfit.<\/p>","protected":false},"featured_media":14593,"template":"","meta":[],"product_brand":[],"product_cat":[124],"product_tag":[],"class_list":{"0":"post-14615","1":"product","2":"type-product","3":"status-publish","4":"has-post-thumbnail","6":"product_cat-rita","8":"first","9":"instock","10":"taxable","11":"shipping-taxable","12":"purchasable","13":"product-type-variable"},"_links":{"self":[{"href":"https:\/\/mammiko.pl\/de\/wp-json\/wp\/v2\/product\/14615","targetHints":{"allow":["GET"]}}],"collection":[{"href":"https:\/\/mammiko.pl\/de\/wp-json\/wp\/v2\/product"}],"about":[{"href":"https:\/\/mammiko.pl\/de\/wp-json\/wp\/v2\/types\/product"}],"version-history":[{"count":6,"href":"https:\/\/mammiko.pl\/de\/wp-json\/wp\/v2\/product\/14615\/revisions"}],"predecessor-version":[{"id":16722,"href":"https:\/\/mammiko.pl\/de\/wp-json\/wp\/v2\/product\/14615\/revisions\/16722"}],"wp:featuredmedia":[{"embeddable":true,"href":"https:\/\/mammiko.pl\/de\/wp-json\/wp\/v2\/media\/14593"}],"wp:attachment":[{"href":"https:\/\/mammiko.pl\/de\/wp-json\/wp\/v2\/media?parent=14615"}],"wp:term":[{"taxonomy":"product_brand","embeddable":true,"href":"https:\/\/mammiko.pl\/de\/wp-json\/wp\/v2\/product_brand?post=14615"},{"taxonomy":"product_cat","embeddable":true,"href":"https:\/\/mammiko.pl\/de\/wp-json\/wp\/v2\/product_cat?post=14615"},{"taxonomy":"product_tag","embeddable":true,"href":"https:\/\/mammiko.pl\/de\/wp-json\/wp\/v2\/product_tag?post=14615"}],"curies":[{"name":"wp","href":"https:\/\/api.w.org\/{rel}","templated":true}]}}