{"id":6842,"date":"2022-03-23T08:17:22","date_gmt":"2022-03-23T07:17:22","guid":{"rendered":"http:\/\/mammiko.pl\/?page_id=6842"},"modified":"2023-11-03T04:36:37","modified_gmt":"2023-11-03T03:36:37","slug":"wizja-i-marzenie","status":"publish","type":"page","link":"https:\/\/mammiko.pl\/de\/wizja-i-marzenie\/","title":{"rendered":"Vision und Traum"},"content":{"rendered":"<div data-elementor-type=\"wp-page\" data-elementor-id=\"6842\" class=\"elementor elementor-6842\">\n\t\t\t\t\t\t<section class=\"elementor-section elementor-top-section elementor-element elementor-element-4f723bc elementor-section-content-middle elementor-section-boxed elementor-section-height-default elementor-section-height-default\" data-id=\"4f723bc\" data-element_type=\"section\">\r\n\t\t\t\t\t\t<div class=\"elementor-container elementor-column-gap-wider jws_section_\" >\r\n\t\t\t\t<div class=\"elementor-column elementor-col-50 elementor-top-column elementor-element elementor-element-e9494fc\" data-id=\"e9494fc\" data-element_type=\"column\">\n\t\t\t<div class=\"elementor-widget-wrap elementor-element-populated\">\n\t\t\t\t\t\t<div class=\"elementor-element elementor-element-763b78f elementor-widget elementor-widget-heading\" data-id=\"763b78f\" data-element_type=\"widget\" data-widget_type=\"heading.default\">\n\t\t\t\t<div class=\"elementor-widget-container\">\n\t\t\t\t\t<span class=\"elementor-heading-title elementor-size-default\">historia mammiko<\/span>\t\t\t\t<\/div>\n\t\t\t\t<\/div>\n\t\t\t\t<div class=\"elementor-element elementor-element-c2c5ff1 elementor-widget elementor-widget-heading\" data-id=\"c2c5ff1\" data-element_type=\"widget\" data-widget_type=\"heading.default\">\n\t\t\t\t<div class=\"elementor-widget-container\">\n\t\t\t\t\t<h1 class=\"elementor-heading-title elementor-size-default\">Hallo, ich freue mich, dass du hier bist!\u2028 <\/h1>\t\t\t\t<\/div>\n\t\t\t\t<\/div>\n\t\t\t\t<div class=\"elementor-element elementor-element-1f51cdc elementor-widget elementor-widget-text-editor\" data-id=\"1f51cdc\" data-element_type=\"widget\" data-widget_type=\"text-editor.default\">\n\t\t\t\t<div class=\"elementor-widget-container\">\n\t\t\t\t\t\t\t\t\t<p>Erlaube mir, mich vorzustellen und dir zu erz\u00e4hlen, was mich dazu bewogen hat, die Marke Mammiko ins Leben zu rufen.<\/p><p>Mein Name ist Dagna. Ich bin eine junge Mutter, die die Herausforderung angenommen hat, etwas zu schaffen, was sie selbst schon lange gebraucht hat. Ich habe gr\u00fcne Augen, h\u00f6re gerne Musik, wenn ich arbeite, und mag es nicht, wenn meine Teetasse nicht randvoll ist. Ich liebe es zu lesen, obwohl ich seit meiner Mutterschaft viel weniger Zeit daf\u00fcr habe. Ich mag keine Langeweile - das passt gerade gut zum Mamasein. \ud83d\ude42 Ich bin auch die Frau von dem wunderbaren Tomasz, wir kennen uns seit der High School, und im Laufe der Jahre hat uns eine wundervolle Freundschaft verbunden, die sich in Liebe und Ehe verwandelt hat. Wir sind die Eltern von dem gro\u00dfartigen Jasiu, unserem verr\u00fcckten, klugen und l\u00e4chelnden Jungen, der eine entscheidende Rolle bei der Entstehung von Mammiko gespielt hat.\u2028\u2028<\/p><p>Mammiko ist nicht nur mein Gesch\u00e4ft, es ist auch mein zweites Kind. Ein Projekt, das aus der Liebe zum Muttersein und dem Bed\u00fcrfnis entstand, etwas Besonderes f\u00fcr stillende M\u00fctter zu schaffen. Etwas, das mir selbst beim Betreten dieses besonderen Weges gefehlt hat. Als Jasiu geboren wurde, wurde mir klar, dass es einen riesigen Bedarf an Kleidung gibt, die nicht nur praktisch, sondern auch sch\u00f6n und feminin ist. Ich wollte mich in meiner Haut wohlf\u00fchlen, egal ob ich Jasiu zu Hause oder an \u00f6ffentlichen Orten stille, ohne unn\u00f6tige Sorgen und Blicke.\u2028\u2028<\/p>\t\t\t\t\t\t\t\t<\/div>\n\t\t\t\t<\/div>\n\t\t\t\t\t<\/div>\n\t\t<\/div>\n\t\t\t\t<div class=\"elementor-column elementor-col-50 elementor-top-column elementor-element elementor-element-ae469ed\" data-id=\"ae469ed\" data-element_type=\"column\" data-settings=\"{&quot;background_background&quot;:&quot;classic&quot;}\">\n\t\t\t<div class=\"elementor-widget-wrap elementor-element-populated\">\n\t\t\t\t\t\t<div class=\"elementor-element elementor-element-214cff8 elementor-widget elementor-widget-spacer\" data-id=\"214cff8\" data-element_type=\"widget\" data-widget_type=\"spacer.default\">\n\t\t\t\t<div class=\"elementor-widget-container\">\n\t\t\t\t\t\t\t<div class=\"elementor-spacer\">\n\t\t\t<div class=\"elementor-spacer-inner\"><\/div>\n\t\t<\/div>\n\t\t\t\t\t\t<\/div>\n\t\t\t\t<\/div>\n\t\t\t\t\t<\/div>\n\t\t<\/div>\n\t\t\t\t      \r\n            \r\n              \r\n            \r\n            \t\r\n\t\t\t<\/div>\r\n\t\t<\/section>\r\n\t\t\t\t<section class=\"elementor-section elementor-top-section elementor-element elementor-element-5ee19bd elementor-section-content-middle elementor-reverse-mobile elementor-section-boxed elementor-section-height-default elementor-section-height-default\" data-id=\"5ee19bd\" data-element_type=\"section\">\r\n\t\t\t\t\t\t<div class=\"elementor-container elementor-column-gap-wider jws_section_\" >\r\n\t\t\t\t<div class=\"elementor-column elementor-col-50 elementor-top-column elementor-element elementor-element-f5358d3\" data-id=\"f5358d3\" data-element_type=\"column\" data-settings=\"{&quot;background_background&quot;:&quot;classic&quot;}\">\n\t\t\t<div class=\"elementor-widget-wrap elementor-element-populated\">\n\t\t\t\t\t\t<div class=\"elementor-element elementor-element-6077579 elementor-widget elementor-widget-spacer\" data-id=\"6077579\" data-element_type=\"widget\" data-widget_type=\"spacer.default\">\n\t\t\t\t<div class=\"elementor-widget-container\">\n\t\t\t\t\t\t\t<div class=\"elementor-spacer\">\n\t\t\t<div class=\"elementor-spacer-inner\"><\/div>\n\t\t<\/div>\n\t\t\t\t\t\t<\/div>\n\t\t\t\t<\/div>\n\t\t\t\t\t<\/div>\n\t\t<\/div>\n\t\t\t\t<div class=\"elementor-column elementor-col-50 elementor-top-column elementor-element elementor-element-d4ded3b\" data-id=\"d4ded3b\" data-element_type=\"column\">\n\t\t\t<div class=\"elementor-widget-wrap elementor-element-populated\">\n\t\t\t\t\t\t<div class=\"elementor-element elementor-element-c74b64d elementor-widget elementor-widget-text-editor\" data-id=\"c74b64d\" data-element_type=\"widget\" data-widget_type=\"text-editor.default\">\n\t\t\t\t<div class=\"elementor-widget-container\">\n\t\t\t\t\t\t\t\t\t<p>Als wir nach der Pandemie anfingen, das Haus zu verlassen, wurde mir schnell klar, dass es auf dem Markt an Stillkleidung fehlt, die meine Erwartungen erf\u00fcllt. So entstand die Idee f\u00fcr Mammiko. Ich wollte eine Kollektion schaffen, die nicht nur bequemes Stillen erm\u00f6glicht, sondern auch Weiblichkeit und Originalit\u00e4t betont. Ich wollte mich nicht in \u00f6ffentlichen Orten dem Unbehagen aussetzen, mich auszuziehen, um zu stillen - ich wollte Kleidung haben, die Diskretion und Intimit\u00e4t erm\u00f6glicht.\u2028<\/p><p>Trotz der Schwierigkeiten und Ersch\u00f6pfung, die mich auf dem Weg zur Er\u00f6ffnung des Ladens begleitet haben, habe ich nicht aufgeh\u00f6rt, an die Bedeutung dieses Projekts zu glauben. Dank der Zusammenarbeit mit talentierten Menschen konnte ich Kleidung schaffen, die Komfort und Stil vereint und es M\u00fcttern erm\u00f6glicht, \u00fcberall und jederzeit zu stillen, dabei aber ihre so wichtige Intimit\u00e4t bewahrt.\u2028<\/p><p>Mammiko ist mein Traum, den ich dank der Unterst\u00fctzung meiner Familie, Freunde und Gesch\u00e4ftspartner verwirklicht habe. Jetzt bereite ich mich darauf vor, weitere Projekte einzuf\u00fchren, die den Bed\u00fcrfnissen aktiver M\u00fctter gerecht werden, die Mutterschaft mit Selbstverwirklichung verbinden wollen und das Leben mit ihrem kleinen Liebling genie\u00dfen m\u00f6chten.\u2028<\/p><p>F\u00fcr mich ist Mammiko nicht nur eine Bekleidungsmarke. Es ist der Ausdruck meiner Liebe zum Muttersein, der Wunsch, anderen M\u00fcttern zu helfen, damit sie sich selbstbewusster und sch\u00f6ner in ihrer Rolle f\u00fchlen k\u00f6nnen. Ich freue mich, ein Teil dieser au\u00dfergew\u00f6hnlichen Welt des Mutterseins zu sein und gemeinsam mit euch die Geschichte von Mammiko zu schreiben.\u2028<\/p><p>Danke, dass ihr mich auf diesem aufregenden Weg begleitet!\u2028<\/p>\t\t\t\t\t\t\t\t<\/div>\n\t\t\t\t<\/div>\n\t\t\t\t<div class=\"elementor-element elementor-element-e837e20 elementor-widget elementor-widget-text-editor\" data-id=\"e837e20\" data-element_type=\"widget\" data-widget_type=\"text-editor.default\">\n\t\t\t\t<div class=\"elementor-widget-container\">\n\t\t\t\t\t\t\t\t\t<p>Dagna<\/p>\t\t\t\t\t\t\t\t<\/div>\n\t\t\t\t<\/div>\n\t\t\t\t\t<\/div>\n\t\t<\/div>\n\t\t\t\t      \r\n            \r\n              \r\n            \r\n            \t\r\n\t\t\t<\/div>\r\n\t\t<\/section>\r\n\t\t\t\t<\/div>","protected":false},"excerpt":{"rendered":"<p>historia mammiko Cze\u015b\u0107, ciesz\u0119 si\u0119, \u017ce tu jeste\u015b! Pozw\u00f3l, \u017ce si\u0119 przedstawi\u0119 i opowiem Ci, co sprawi\u0142o, \u017ce w mojej g\u0142owie pojawi\u0142 si\u0119 pomys\u0142 na mark\u0119 Mammiko. Mam na imi\u0119 Dagna. Jestem m\u0142od\u0105 mam\u0105, kt\u00f3ra postanowi\u0142a podj\u0105\u0107 wyzwanie i stworzy\u0107 co\u015b, czego od dawna sama potrzebowa\u0142a. Mam zielone oczy, lubi\u0119 s\u0142ucha\u0107 muzyki kiedy pracuj\u0119 i [&hellip;]<\/p>","protected":false},"author":1,"featured_media":0,"parent":0,"menu_order":0,"comment_status":"closed","ping_status":"closed","template":"","meta":{"footnotes":""},"class_list":["post-6842","page","type-page","status-publish","hentry"],"_links":{"self":[{"href":"https:\/\/mammiko.pl\/de\/wp-json\/wp\/v2\/pages\/6842","targetHints":{"allow":["GET"]}}],"collection":[{"href":"https:\/\/mammiko.pl\/de\/wp-json\/wp\/v2\/pages"}],"about":[{"href":"https:\/\/mammiko.pl\/de\/wp-json\/wp\/v2\/types\/page"}],"author":[{"embeddable":true,"href":"https:\/\/mammiko.pl\/de\/wp-json\/wp\/v2\/users\/1"}],"replies":[{"embeddable":true,"href":"https:\/\/mammiko.pl\/de\/wp-json\/wp\/v2\/comments?post=6842"}],"version-history":[{"count":52,"href":"https:\/\/mammiko.pl\/de\/wp-json\/wp\/v2\/pages\/6842\/revisions"}],"predecessor-version":[{"id":16208,"href":"https:\/\/mammiko.pl\/de\/wp-json\/wp\/v2\/pages\/6842\/revisions\/16208"}],"wp:attachment":[{"href":"https:\/\/mammiko.pl\/de\/wp-json\/wp\/v2\/media?parent=6842"}],"curies":[{"name":"wp","href":"https:\/\/api.w.org\/{rel}","templated":true}]}}