{"id":6599,"date":"2022-03-22T08:09:26","date_gmt":"2022-03-22T07:09:26","guid":{"rendered":"http:\/\/mammiko.pl\/?page_id=6599"},"modified":"2025-11-17T17:10:08","modified_gmt":"2025-11-17T16:10:08","slug":"regulamin-sklepu","status":"publish","type":"page","link":"https:\/\/mammiko.pl\/de\/regulamin-sklepu\/","title":{"rendered":"Regulamin sklepu"},"content":{"rendered":"<div data-elementor-type=\"wp-page\" data-elementor-id=\"6599\" class=\"elementor elementor-6599\">\n\t\t\t\t\t\t<section class=\"elementor-section elementor-top-section elementor-element elementor-element-13d6bb9 elementor-section-content-middle elementor-section-boxed elementor-section-height-default elementor-section-height-default\" data-id=\"13d6bb9\" data-element_type=\"section\" data-no-translation=\"\">\r\n\t\t\t\t\t\t<div class=\"elementor-container elementor-column-gap-wider jws_section_\" >\r\n\t\t\t\t<div class=\"elementor-column elementor-col-100 elementor-top-column elementor-element elementor-element-383d657\" data-id=\"383d657\" data-element_type=\"column\">\n\t\t\t<div class=\"elementor-widget-wrap elementor-element-populated\">\n\t\t\t\t\t\t<div class=\"elementor-element elementor-element-6962208 elementor-widget elementor-widget-text-editor\" data-id=\"6962208\" data-element_type=\"widget\" data-widget_type=\"text-editor.default\">\n\t\t\t\t<div class=\"elementor-widget-container\">\n\t\t\t\t\t\t\t\t\t<h1><span class=\"s2\">Allgemeine Gesch\u00e4ftsbedingungen (AGB)<\/span><\/h1><p class=\"s4\"><span class=\"s3\">Mammiko<\/span><span class=\"s3\"> Dagna Konieczny<\/span><\/p><p class=\"s4\"><span class=\"s3\">Einzelunternehmen<\/span><\/p><p class=\"s4\"><span class=\"s3\">Inhaberin: Dagna Konieczny<\/span><\/p><p class=\"s4\"><span class=\"s3\">Wielandstr<\/span><span class=\"s3\">. 13, 04177 Leipzig, Deutschland<\/span><\/p><p class=\"s4\"><span class=\"s3\">E-Mail: dagna@mammiko.de<\/span><\/p><p class=\"s4\"><span class=\"s3\">USt-IdNr<\/span><span class=\"s3\">.: DE 352 108 564<\/span><\/p><p><span class=\"s3\">Stand: November 2025<\/span><\/p><p><span class=\"s2\">1. \u00dcber mich<\/span><\/p><p><span class=\"s3\">Ich f\u00fchre Mammiko als Einzelunternehmerin. Ich entwerfe Kleidung, die M\u00fcttern im Alltag mit Babys nahe ist und sie gleichzeitig sch\u00f6n begleitet.<\/span><\/p><p><span class=\"s3\">Diese AGB erkl\u00e4ren verst\u00e4ndlich, wie eine Bestellung bei mir abl\u00e4uft.<\/span><\/p><p><span class=\"s2\">2. Bestellung und Vertragsabschluss<\/span><\/p><p><span class=\"s3\">Du legst Produkte in den Warenkorb und best\u00e4tigst am Ende deine Bestellung.<\/span><\/p><p><span class=\"s3\">Mit der Bestellbest\u00e4tigung per E-Mail kommt der Vertrag zustande.<\/span><\/p><p><span class=\"s2\">3. Preise und Versandkosten<\/span><\/p><p><span class=\"s3\">Alle Preise sind in Euro angegeben und enthalten die gesetzliche Mehrwertsteuer.<\/span><\/p><p><span class=\"s3\">Die Versandkosten werden im Bestellvorgang angezeigt.<\/span><\/p><p><span class=\"s3\">F\u00fcr Lieferungen in die Schweiz k\u00f6nnen zus\u00e4tzliche Z\u00f6lle oder Geb\u00fchren anfallen.<\/span><\/p><p><span class=\"s2\">4. Zahlung<\/span><\/p><p><span class=\"s3\">Du kannst unter anderem bezahlen mit: &#8211; PayPal &#8211; Klarna (Sofort \/ Rechnung) &#8211; <\/span><span class=\"s3\">PayU<\/span><span class=\"s3\"> (f\u00fcr <\/span><span class=\"s3\">Kund:innen<\/span><span class=\"s3\"> in Polen) &#8211; Kreditkarte &#8211; Bank\u00fcberweisung<\/span><\/p><p><span class=\"s3\">Die Zahlung erfolgt \u00fcber den jeweiligen Anbieter.<\/span><\/p><p><span class=\"s2\">5. Lieferung<\/span><\/p><p><span class=\"s3\">Ich verpacke und versende Bestellungen selbst von Leipzig aus.<\/span><\/p><p><span class=\"s3\">Die Lieferzeit findest du auf der Produktseite oder in der Bestellbest\u00e4tigung.<\/span><\/p><p><span class=\"s2\">6. Widerruf<\/span><\/p><p><span class=\"s3\">Du kannst deine Bestellung innerhalb von 14 Tagen nach Erhalt der Ware widerrufen.<\/span><\/p><p><span class=\"s3\">Schicke mir dazu eine kurze Nachricht an: dagna@mammiko.de<\/span><\/p><p><span class=\"s3\">Die R\u00fccksendekosten innerhalb Deutschlands \u00fcbernehme ich.<\/span><\/p><p><span class=\"s3\">Die R\u00fccksendung sollte ungetragen und im Originalzustand erfolgen.<\/span><\/p><p><span class=\"s3\">Nach Erhalt erstatte ich den Kaufbetrag \u00fcber die gleiche Zahlungsart.<\/span><\/p><p>\u00a0<\/p><p><span class=\"s2\">7. Produkte und kleine Abweichungen<\/span><\/p><p><span class=\"s3\">Die Farben k\u00f6nnen je nach Bildschirm leicht variieren.<\/span><\/p><p><span class=\"s3\">Weil Stoffe nat\u00fcrlich sind und jeder Produktionslauf ein wenig anders ist, kann es zu kleinen Ma\u00df- oder Strukturabweichungen kommen.<\/span><\/p><p>\u00a0<\/p><p><span class=\"s2\">8. Gew\u00e4hrleistung (gesetzliche M\u00e4ngelrechte)<\/span><\/p><p><span class=\"s3\">Wenn mit einem Artikel etwas nicht stimmt, melde dich bitte.<\/span><\/p><p>\u00a0<\/p><p><span class=\"s2\">9. Reklamationsverfahren (wenn etwas nicht in Ordnung ist)<\/span><\/p><p><span class=\"s3\">Wenn du einen Mangel bemerkst, schreib mir bitte innerhalb von 14 Tagen nach Erhalt der Ware an: dagna@mammiko.de<\/span><\/p><p><span class=\"s3\">Bitte gib an: &#8211; Bestellnummer &#8211; kurze Beschreibung &#8211; am liebsten auch ein Foto<\/span><\/p><p><span class=\"s3\">Ich melde mich normalerweise innerhalb von 3 Werktagen.<\/span><\/p><p><span class=\"s3\">Wir finden gemeinsam eine gute L\u00f6sung.<\/span><\/p><p><span class=\"s3\">M\u00f6gliche Schritte je nach Situation: &#8211; Nachbesserung &#8211; Austausch &#8211; Preisnachlass &#8211; R\u00fcckerstattung<\/span><\/p><p><span class=\"s3\">Ich entscheide das nicht \u201egegen\u201c dich, sondern im Dialog \u2014 so wie ich es mir selbst w\u00fcnschen w\u00fcrde.<\/span><\/p><p>\u00a0<\/p><p><span class=\"s2\">10. Eigentumsvorbehalt<\/span><\/p><p><span class=\"s3\">Die Ware bleibt mein Eigentum, bis sie vollst\u00e4ndig bezahlt ist.<\/span><\/p><p>\u00a0<\/p><p><span class=\"s2\">11. Haftung<\/span><\/p><p><span class=\"s3\">Ich hafte f\u00fcr Vorsatz und grobe Fahrl\u00e4ssigkeit.<\/span><\/p><p><span class=\"s3\">F\u00fcr leichte Fahrl\u00e4ssigkeit nur dann, wenn wesentliche Pflichten verletzt wurden.<\/span><\/p><p>\u00a0<\/p><p><span class=\"s2\">12. Streitbeilegung<\/span><\/p><p><span class=\"s3\">Ich bin nicht verpflichtet und nicht bereit, an einem Streitbeilegungsverfahren vor einer Verbraucherschlichtungsstelle teilzunehmen.<\/span><\/p><p>\u00a0<\/p><p><span class=\"s2\">13. Gerichtsstand und Recht<\/span><\/p><p><span class=\"s3\">Es gilt deutsches Recht.<\/span><\/p><p><span class=\"s3\">Soweit zul\u00e4ssig, ist Gerichtsstand Leipzig.<\/span><\/p><p>\u00a0<\/p><p><span class=\"s3\">&#8212;<\/span><\/p><p><span class=\"s3\">Danke, dass du Mammiko unterst\u00fctzt.<\/span><\/p><p><span class=\"s3\">Ich freue mich, wenn die Kleidung dich begleitet und dir im Alltag ein bisschen W\u00e4rme schenkt.<\/span><\/p>\t\t\t\t\t\t\t\t<\/div>\n\t\t\t\t<\/div>\n\t\t\t\t\t<\/div>\n\t\t<\/div>\n\t\t\t\t      \r\n            \r\n              \r\n            \r\n            \t\r\n\t\t\t<\/div>\r\n\t\t<\/section>\r\n\t\t\t\t<\/div>","protected":false},"excerpt":{"rendered":"<p>REGULAMIN SKLEPU Produkty oferowane w Sklepie s\u0105 sprzedawane przez Dagn\u0119 Konieczny prowadz\u0105c\u0105 dzia\u0142alno\u015b\u0107 gospodarcz\u0105 pod nazw\u0105 Mammiko Dagna Konieczny, VAT EU: DE 352 108&nbsp;564, zarejestrowanej pod adresem&nbsp;Wielandstra\u00dfe 13, 04177 Leipzig, Deutschland, dalej jako Sprzedawca. Mo\u017cesz skontaktowa\u0107 si\u0119 ze Sprzedawc\u0105 pisz\u0105c na adres e-mail: hello@mammiko.pl lub telefonicznie: +49&nbsp;157&nbsp;564&nbsp;397 46. \u00a71 PODSTAWOWE POJ\u0118CIA Wyja\u015bnienie podstawowych poj\u0119\u0107: Cena [&hellip;]<\/p>","protected":false},"author":1,"featured_media":0,"parent":0,"menu_order":0,"comment_status":"closed","ping_status":"closed","template":"","meta":{"footnotes":""},"class_list":["post-6599","page","type-page","status-publish","hentry"],"_links":{"self":[{"href":"https:\/\/mammiko.pl\/de\/wp-json\/wp\/v2\/pages\/6599","targetHints":{"allow":["GET"]}}],"collection":[{"href":"https:\/\/mammiko.pl\/de\/wp-json\/wp\/v2\/pages"}],"about":[{"href":"https:\/\/mammiko.pl\/de\/wp-json\/wp\/v2\/types\/page"}],"author":[{"embeddable":true,"href":"https:\/\/mammiko.pl\/de\/wp-json\/wp\/v2\/users\/1"}],"replies":[{"embeddable":true,"href":"https:\/\/mammiko.pl\/de\/wp-json\/wp\/v2\/comments?post=6599"}],"version-history":[{"count":13,"href":"https:\/\/mammiko.pl\/de\/wp-json\/wp\/v2\/pages\/6599\/revisions"}],"predecessor-version":[{"id":16647,"href":"https:\/\/mammiko.pl\/de\/wp-json\/wp\/v2\/pages\/6599\/revisions\/16647"}],"wp:attachment":[{"href":"https:\/\/mammiko.pl\/de\/wp-json\/wp\/v2\/media?parent=6599"}],"curies":[{"name":"wp","href":"https:\/\/api.w.org\/{rel}","templated":true}]}}