{"id":3,"date":"2021-12-27T02:19:59","date_gmt":"2021-12-27T02:19:59","guid":{"rendered":"http:\/\/mammiko.pl\/?page_id=3"},"modified":"2025-11-17T17:10:42","modified_gmt":"2025-11-17T16:10:42","slug":"polityka-prywatnosci","status":"publish","type":"page","link":"https:\/\/mammiko.pl\/de\/polityka-prywatnosci\/","title":{"rendered":"Datenschutzerkl\u00e4rung"},"content":{"rendered":"<div data-elementor-type=\"wp-page\" data-elementor-id=\"3\" class=\"elementor elementor-3\">\n\t\t\t\t\t\t<section class=\"elementor-section elementor-top-section elementor-element elementor-element-5bba84f elementor-section-content-middle elementor-section-boxed elementor-section-height-default elementor-section-height-default\" data-id=\"5bba84f\" data-element_type=\"section\" data-no-translation=\"\">\r\n\t\t\t\t\t\t<div class=\"elementor-container elementor-column-gap-wider jws_section_\" >\r\n\t\t\t\t<div class=\"elementor-column elementor-col-100 elementor-top-column elementor-element elementor-element-6fe17d6\" data-id=\"6fe17d6\" data-element_type=\"column\">\n\t\t\t<div class=\"elementor-widget-wrap elementor-element-populated\">\n\t\t\t\t\t\t<div class=\"elementor-element elementor-element-29185c3 elementor-widget elementor-widget-text-editor\" data-id=\"29185c3\" data-element_type=\"widget\" data-widget_type=\"text-editor.default\">\n\t\t\t\t<div class=\"elementor-widget-container\">\n\t\t\t\t\t\t\t\t\t<h1><span class=\"s2\">Datenschutzerkl\u00e4rung<\/span><\/h1>\n<p><span class=\"s3\">Mammiko Dagna Konieczny<\/span><\/p>\n<p><span class=\"s3\">Einzelunternehmen<\/span><\/p>\n<p><span class=\"s3\">Inhaberin: Dagna Konieczny<\/span><\/p>\n<p><span class=\"s3\">Wielandstr<\/span><span class=\"s3\">. 13, 04177 Leipzig, Deutschland<\/span><\/p>\n<p><span class=\"s3\">E-Mail: dagna@mammiko.de<\/span><\/p>\n<p><span class=\"s3\">USt-IdNr<\/span><span class=\"s3\">.: DE 352 108 564<\/span><\/p>\n<p><span class=\"s3\">Stand: November 2025<\/span><\/p>\n<p><span class=\"s4\">1. Einleitung<\/span><\/p>\n<p><span class=\"s3\">Ich betreibe Mammiko als Einzelunternehmerin. Ich lege gro\u00dfen Wert darauf, deine personenbezogenen Daten zu sch\u00fctzen. Hier erkl\u00e4re ich, welche Daten ich verarbeite, zu welchen Zwecken und welche Rechte du hast.<\/span><\/p>\n<p><span class=\"s3\">Die Nutzung meines Online-Shops ist grunds\u00e4tzlich ohne Angabe personenbezogener Daten m\u00f6glich. Einige Funktionen (z. B. Bestellungen, Newsletter, Personalisierung) erfordern jedoch Datenverarbeitung.<\/span><\/p>\n<p><span class=\"s3\">Rechtsgrundlagen gem\u00e4\u00df DSGVO: Art. 6 Abs. 1 <\/span><span class=\"s3\">lit<\/span><span class=\"s3\">. a (Einwilligung), <\/span><span class=\"s3\">lit<\/span><span class=\"s3\">. b (Vertrag), <\/span><span class=\"s3\">lit<\/span><span class=\"s3\">. c (gesetzliche Pflichten), <\/span><span class=\"s3\">lit<\/span><span class=\"s3\">. f (berechtigtes Interesse).<\/span><\/p>\n<p><span class=\"s4\">2. Verantwortliche Stelle<\/span><\/p>\n<p><span class=\"s3\">F\u00fcr die Datenverarbeitung verantwortlich bin ich:<\/span><\/p>\n<p><span class=\"s3\">Mammiko <\/span><span class=\"s3\">Dagna Konieczny <\/span><\/p>\n<p><span class=\"s3\">Wielandstr<\/span><span class=\"s3\">. 13<\/span><\/p>\n<p><span class=\"s3\">04177 Leipzig<\/span><\/p>\n<p><span class=\"s3\">E-Mail: dagna@mammiko.de<\/span><\/p>\n<p><span class=\"s4\">3. Daten bei Bestellungen<\/span><\/p>\n<p><span class=\"s3\">Wenn du in meinem Shop bestellst, erhebe ich folgende Daten: &#8211; Name &#8211; Rechnungs- und Lieferadresse &#8211; E-Mail-Adresse &#8211; Zahlungsinformationen<\/span><\/p>\n<p><span class=\"s3\">Diese Daten ben\u00f6tige ich zur Abwicklung der Bestellung (Art. 6 Abs. 1 <\/span><span class=\"s3\">lit<\/span><span class=\"s3\">. b DSGVO).<\/span><\/p>\n<p><span class=\"s3\">Ich speichere sie f\u00fcr die Dauer der steuer- und handelsrechtlichen Aufbewahrungspflichten.<\/span><\/p>\n<p><span class=\"s3\">Ich verpacke und versende Bestellungen selbst von meinem Standort in Leipzig.<\/span><\/p>\n<p>\u00a0<\/p>\n<p><span class=\"s4\">4. Zahlungssysteme<\/span><\/p>\n<p><span class=\"s3\">Ich biete folgende Zahlungsarten an: &#8211; PayPal &#8211; Klarna (Sofort \/ Rechnung) &#8211; <\/span><span class=\"s3\">PayU<\/span><span class=\"s3\"> (f\u00fcr <\/span><span class=\"s3\">Kund:innen<\/span><span class=\"s3\"> in Polen) &#8211; Kreditkarte &#8211; Bank\u00fcberweisung<\/span><\/p>\n<p><span class=\"s3\">Daten werden an den jeweiligen Zahlungsanbieter \u00fcbermittelt, um die Zahlung abzuwickeln (Art. 6 Abs. 1 <\/span><span class=\"s3\">lit<\/span><span class=\"s3\">. b DSGVO).<\/span><\/p>\n<p><span class=\"s3\">Diese Anbieter arbeiten eigenst\u00e4ndig als Verantwortliche.<\/span><\/p>\n<p><span class=\"s4\">5. Versand<\/span><\/p>\n<p><span class=\"s3\">Ich versende nach: &#8211; EU-L\u00e4nder &#8211; Schweiz (CH) \u2014 hier k\u00f6nnen Z\u00f6lle und zus\u00e4tzliche Geb\u00fchren anfallen.<\/span><\/p>\n<p><span class=\"s3\">Die Lieferadresse wird an das Versandunternehmen \u00fcbermittelt.<\/span><\/p>\n<p><span class=\"s4\">6. Newsletter (<\/span><span class=\"s4\">MailerLite<\/span><span class=\"s4\">)<\/span><\/p>\n<p><span class=\"s3\">Wenn du dich f\u00fcr den Newsletter anmeldest, wird deine E-Mail-Adresse an <\/span><span class=\"s3\">MailerLite<\/span><span class=\"s3\">\u00fcbertragen.<\/span><\/p>\n<p><span class=\"s3\">Rechtsgrundlage: Einwilligung (Art. 6 Abs. 1 <\/span><span class=\"s3\">lit<\/span><span class=\"s3\">. a DSGVO).<\/span><\/p>\n<p><span class=\"s3\">Du kannst dich jederzeit abmelden.<\/span><\/p>\n<p><span class=\"s4\">7. Cookies und <\/span><span class=\"s4\">Consent<\/span><span class=\"s4\">-Banner<\/span><\/p>\n<p><span class=\"s3\">Ich verwende ein Cookie-Banner, das Tracking-Skripte erst nach Einwilligung l\u00e4dt.<\/span><\/p>\n<p><span class=\"s3\">Das bedeutet: Google Analytics, <\/span><span class=\"s3\">Meta<\/span><span class=\"s3\"> Pixel, TikTok Pixel, <\/span><span class=\"s3\">Hotjar<\/span><span class=\"s3\"> und Google Fonts werden nicht geladen, bevor du zustimmst.<\/span><\/p>\n<p><span class=\"s3\">Rechtsgrundlage: Einwilligung (Art. 6 Abs. 1 <\/span><span class=\"s3\">lit<\/span><span class=\"s3\">. a DSGVO).<\/span><\/p>\n<p><span class=\"s4\">8. Google Analytics (GA4)<\/span><\/p>\n<p><span class=\"s3\">Ich nutze Google Analytics zur Analyse des Nutzungsverhaltens.<\/span><\/p>\n<p><span class=\"s3\">IP-Adressen werden anonymisiert.<\/span><\/p>\n<p><span class=\"s3\">Rechtsgrundlage: Einwilligung.<\/span><\/p>\n<p><span class=\"s4\">9. Google Tag Manager<\/span><\/p>\n<p><span class=\"s3\">Er dient der Verwaltung von Skripten. Es werden selbst keine personenbezogenen Daten gespeichert.<\/span><\/p>\n<p>\u00a0<\/p>\n<p><span class=\"s4\">10. <\/span><span class=\"s4\">Meta<\/span><span class=\"s4\"> Pixel (Facebook \/ Instagram)<\/span><\/p>\n<p class=\"s5\"><span class=\"s3\">Wird eingesetzt zur Erfolgsmessung von Werbeanzeigen.<\/span><\/p>\n<p class=\"s5\"><span class=\"s3\">Rechtsgrundlage: Einwilligung.<\/span><\/p>\n<p class=\"s5\">\u00a0<\/p>\n<p><span class=\"s4\">11. TikTok Pixel<\/span><\/p>\n<p class=\"s5\"><span class=\"s3\">Zur Auswertung von Kampagnen auf TikTok.<\/span><\/p>\n<p class=\"s5\"><span class=\"s3\">Rechtsgrundlage: Einwilligung.<\/span><\/p>\n<p class=\"s5\">\u00a0<\/p>\n<p><span class=\"s4\">12. <\/span><span class=\"s4\">Hotjar<\/span><\/p>\n<p class=\"s5\"><span class=\"s3\">Ich nutze <\/span><span class=\"s3\">Hotjar<\/span><span class=\"s3\"> zur Analyse des Nutzerverhaltens (<\/span><span class=\"s3\">Heatmaps<\/span><span class=\"s3\">, Klickwege).<\/span><\/p>\n<p class=\"s5\"><span class=\"s3\">Es werden keine direkten Identifizierungsdaten gespeichert.<\/span><\/p>\n<p class=\"s5\"><span class=\"s3\">Rechtsgrundlage: Einwilligung.<\/span><\/p>\n<p class=\"s5\">\u00a0<\/p>\n<p><span class=\"s4\">13. Google Fonts<\/span><\/p>\n<p class=\"s5\"><span class=\"s3\">Schriftarten werden von Google-Servern geladen.<\/span><\/p>\n<p class=\"s5\"><span class=\"s3\">Dadurch wird deine IP-Adresse an Google \u00fcbertragen.<\/span><\/p>\n<p class=\"s5\"><span class=\"s3\">Rechtsgrundlage: Einwilligung.<\/span><\/p>\n<p class=\"s5\">\u00a0<\/p>\n<p><span class=\"s4\">14. Bilder und Nutzer-Inhalte<\/span><\/p>\n<p><span class=\"s3\">Ich verwende Fotos von stillenden M\u00fcttern nur: &#8211; mit ausdr\u00fccklicher Zustimmung &#8211; oder ohne erkennbare Identifizierung (z. B. ohne Gesicht)<\/span><\/p>\n<p><span class=\"s3\">Wenn Kundinnen mir Nachrichten oder Erfahrungen senden, ver\u00f6ffentliche ich sie nur nach Einverst\u00e4ndnis.<\/span><\/p>\n<p><span class=\"s4\">15. Deine Rechte<\/span><\/p>\n<p class=\"s5\"><span class=\"s3\">Du hast jederzeit: &#8211; Recht auf Auskunft &#8211; Recht auf Berichtigung &#8211; Recht auf L\u00f6schung &#8211; Recht auf Einschr\u00e4nkung &#8211; Recht auf Daten\u00fcbertragbarkeit &#8211; Recht auf Widerruf von Einwilligungen<\/span><\/p>\n<p class=\"s5\"><span class=\"s3\">Schreibe dazu einfach an: <\/span><a href=\"mailto:dagna@mammiko.de\"><span class=\"s6\">dagna@mammiko.de<\/span><\/a><\/p>\n<p class=\"s5\">\u00a0<\/p>\n<p><span class=\"s4\">16. Keine Teilnahme an Streitbeilegungsverfahren<\/span><\/p>\n<p><span class=\"s3\">Ich bin nicht verpflichtet und nicht bereit, an Streitbeilegungsverfahren vor einer Verbraucherschlichtungsstelle teilzunehmen.<\/span><\/p>\n<p><span class=\"s4\">17. Schluss<\/span><\/p>\n<p><span class=\"s3\">Wenn sich etwas \u00e4ndert, aktualisiere ich diese Erkl\u00e4rung.<\/span><\/p>\n<p><span class=\"s3\">&#8212;<\/span><\/p>\n<p><span class=\"s3\">Vielen Dank, dass du hier bist.<\/span><\/p>\n<p><!-- \/wp:paragraph --><\/p>\t\t\t\t\t\t\t\t<\/div>\n\t\t\t\t<\/div>\n\t\t\t\t\t<\/div>\n\t\t<\/div>\n\t\t\t\t      \r\n            \r\n              \r\n            \r\n            \t\r\n\t\t\t<\/div>\r\n\t\t<\/section>\r\n\t\t\t\t<\/div>","protected":false},"excerpt":{"rendered":"<p>Dzie\u0144 dobry!\/ Cze\u015b\u0107!&nbsp; Je\u015bli trafi\u0142e\u015b na t\u0119 stron\u0119, to znaczy, \u017ce wa\u017cna jest dla Ciebie ochrona Twoich danych osobowych. Chcemy Ci\u0119 zapewni\u0107, \u017ce dbamy o Twoj\u0105 prywatno\u015b\u0107 i jest ona dla nas wa\u017cna. W tym celu wdro\u017cyli\u015bmy nie tylko \u015brodki prawne, ale i techniczne, \u017ceby dodatkowo wzmocni\u0107 jej ochron\u0119. Zgodnie z RODO, poni\u017cej przedstawiamy, zasady [&hellip;]<\/p>","protected":false},"author":1,"featured_media":0,"parent":0,"menu_order":0,"comment_status":"closed","ping_status":"closed","template":"","meta":{"footnotes":""},"class_list":["post-3","page","type-page","status-publish","hentry"],"_links":{"self":[{"href":"https:\/\/mammiko.pl\/de\/wp-json\/wp\/v2\/pages\/3","targetHints":{"allow":["GET"]}}],"collection":[{"href":"https:\/\/mammiko.pl\/de\/wp-json\/wp\/v2\/pages"}],"about":[{"href":"https:\/\/mammiko.pl\/de\/wp-json\/wp\/v2\/types\/page"}],"author":[{"embeddable":true,"href":"https:\/\/mammiko.pl\/de\/wp-json\/wp\/v2\/users\/1"}],"replies":[{"embeddable":true,"href":"https:\/\/mammiko.pl\/de\/wp-json\/wp\/v2\/comments?post=3"}],"version-history":[{"count":11,"href":"https:\/\/mammiko.pl\/de\/wp-json\/wp\/v2\/pages\/3\/revisions"}],"predecessor-version":[{"id":16650,"href":"https:\/\/mammiko.pl\/de\/wp-json\/wp\/v2\/pages\/3\/revisions\/16650"}],"wp:attachment":[{"href":"https:\/\/mammiko.pl\/de\/wp-json\/wp\/v2\/media?parent=3"}],"curies":[{"name":"wp","href":"https:\/\/api.w.org\/{rel}","templated":true}]}}