{"id":16616,"date":"2025-11-07T00:34:12","date_gmt":"2025-11-06T23:34:12","guid":{"rendered":"https:\/\/mammiko.pl\/?page_id=16616"},"modified":"2025-11-17T17:12:03","modified_gmt":"2025-11-17T16:12:03","slug":"impressum","status":"publish","type":"page","link":"https:\/\/mammiko.pl\/de\/impressum\/","title":{"rendered":"Impressum"},"content":{"rendered":"<div data-elementor-type=\"wp-page\" data-elementor-id=\"16616\" class=\"elementor elementor-16616\">\n\t\t\t\t<div class=\"elementor-element elementor-element-636ebc0 e-flex e-con-boxed e-con e-parent\" data-id=\"636ebc0\" data-element_type=\"container\">\n\t\t\t\t\t<div class=\"e-con-inner\">\n\t\t\t\t<div class=\"elementor-element elementor-element-49bb1e3 elementor-widget elementor-widget-text-editor\" data-id=\"49bb1e3\" data-element_type=\"widget\" data-widget_type=\"text-editor.default\">\n\t\t\t\t<div class=\"elementor-widget-container\">\n\t\t\t\t\t\t\t\t\t\n<p><strong>Mammiko Dagna Konieczny<\/strong><br>Inhaberin<strong>&nbsp;<\/strong>Dagna Konieczny<br>Wielandstr. 13<br>04177 Leipzig<br>Deutschland<br><br>E-Mail:&nbsp;<strong><a>dagna@mammiko.de<\/a><\/strong><\/p>\n\n\n\n<p>USt-IdNr.:&nbsp;DE 352 108 564<\/p>\n\n\n\n<p>F\u00fcr den Inhalt dieser Seite nach \u00a7 18 Abs. 2 MStV bin ich verantwortlich:<br><strong>Dagna Konieczny, Wielandstr. 13, 04177 Leipzig<\/strong><\/p>\n\n\n\n<p>Online-Streitbeilegung gem\u00e4\u00df Art. 14 Abs. 1 ODR-VO:<br>Die Europ\u00e4ische Kommission stellt eine Plattform zur Online-Streitbeilegung (OS) bereit:<br><a>https:\/\/ec.europa.eu\/consumers\/odr\/<\/a><\/p>\n\n\n\n<p>Wenn es einmal zu Unstimmigkeiten kommen sollte, kl\u00e4re ich das am liebsten direkt und pers\u00f6nlich mit dir.<br>Ich nehme daher nicht an Streitbeilegungsverfahren vor einer Verbraucherschlichtungsstelle teil.<\/p>\n\t\t\t\t\t\t\t\t<\/div>\n\t\t\t\t<\/div>\n\t\t\t\t\t<\/div>\n\t\t\t\t<\/div>\n\t\t\t\t<\/div>","protected":false},"excerpt":{"rendered":"<p>Mammiko Dagna KoniecznyInhaberin&nbsp;Dagna KoniecznyWielandstr. 1304177 LeipzigDeutschland E-Mail:&nbsp;dagna@mammiko.de USt-IdNr.:&nbsp;DE 352 108 564 F\u00fcr den Inhalt dieser Seite nach \u00a7 18 Abs. 2 MStV bin ich verantwortlich:Dagna Konieczny, Wielandstr. 13, 04177 Leipzig Online-Streitbeilegung gem\u00e4\u00df Art. 14 Abs. 1 ODR-VO:Die Europ\u00e4ische Kommission stellt eine Plattform zur Online-Streitbeilegung (OS) bereit:https:\/\/ec.europa.eu\/consumers\/odr\/ Wenn es einmal zu Unstimmigkeiten kommen sollte, kl\u00e4re ich [&hellip;]<\/p>","protected":false},"author":1,"featured_media":0,"parent":0,"menu_order":0,"comment_status":"closed","ping_status":"closed","template":"","meta":{"footnotes":""},"class_list":["post-16616","page","type-page","status-publish","hentry"],"_links":{"self":[{"href":"https:\/\/mammiko.pl\/de\/wp-json\/wp\/v2\/pages\/16616","targetHints":{"allow":["GET"]}}],"collection":[{"href":"https:\/\/mammiko.pl\/de\/wp-json\/wp\/v2\/pages"}],"about":[{"href":"https:\/\/mammiko.pl\/de\/wp-json\/wp\/v2\/types\/page"}],"author":[{"embeddable":true,"href":"https:\/\/mammiko.pl\/de\/wp-json\/wp\/v2\/users\/1"}],"replies":[{"embeddable":true,"href":"https:\/\/mammiko.pl\/de\/wp-json\/wp\/v2\/comments?post=16616"}],"version-history":[{"count":4,"href":"https:\/\/mammiko.pl\/de\/wp-json\/wp\/v2\/pages\/16616\/revisions"}],"predecessor-version":[{"id":16653,"href":"https:\/\/mammiko.pl\/de\/wp-json\/wp\/v2\/pages\/16616\/revisions\/16653"}],"wp:attachment":[{"href":"https:\/\/mammiko.pl\/de\/wp-json\/wp\/v2\/media?parent=16616"}],"curies":[{"name":"wp","href":"https:\/\/api.w.org\/{rel}","templated":true}]}}