{"id":16255,"date":"2023-11-17T17:34:56","date_gmt":"2023-11-17T16:34:56","guid":{"rendered":"https:\/\/mammiko.pl\/?page_id=16255"},"modified":"2026-02-11T21:21:34","modified_gmt":"2026-02-11T20:21:34","slug":"regulamin-newslettera","status":"publish","type":"page","link":"https:\/\/mammiko.pl\/de\/regulamin-newslettera\/","title":{"rendered":"Regulamin newslettera"},"content":{"rendered":"<div data-elementor-type=\"wp-page\" data-elementor-id=\"16255\" class=\"elementor elementor-16255\">\n\t\t\t\t\t\t<section class=\"elementor-section elementor-top-section elementor-element elementor-element-6cbdae11 elementor-section-content-middle elementor-section-boxed elementor-section-height-default elementor-section-height-default\" data-id=\"6cbdae11\" data-element_type=\"section\">\r\n\t\t\t\t\t\t<div class=\"elementor-container elementor-column-gap-wider jws_section_\" >\r\n\t\t\t\t<div class=\"elementor-column elementor-col-100 elementor-top-column elementor-element elementor-element-48c840d0\" data-id=\"48c840d0\" data-element_type=\"column\">\n\t\t\t<div class=\"elementor-widget-wrap elementor-element-populated\">\n\t\t\t\t\t\t<div class=\"elementor-element elementor-element-1faca039 elementor-widget elementor-widget-text-editor\" data-id=\"1faca039\" data-element_type=\"widget\" data-no-translation=\"\" data-widget_type=\"text-editor.default\">\n\t\t\t\t<div class=\"elementor-widget-container\">\n\t\t\t\t\t<style>.elementor-element-1faca039{display:none !important}<\/style>\t\t\t\t<\/div>\n\t\t\t\t<\/div>\n\t\t\t\t<div class=\"elementor-element elementor-element-ef31e9a elementor-widget elementor-widget-text-editor\" data-id=\"ef31e9a\" data-element_type=\"widget\" data-no-translation=\"\" data-widget_type=\"text-editor.default\">\n\t\t\t\t<div class=\"elementor-widget-container\">\n\t\t\t\t\t\t\t\t\t<h2><b>Newsletter-Richtlinien<\/b><\/h2>\n<h3><b>1. Allgemeine Informationen<\/b><\/h3>\n<p><span style=\"font-weight: 400;\">Mit den folgenden Newsletter-Richtlinien informieren wir Sie dar\u00fcber, wie wir unseren Newsletter versenden, welche Inhalte er enth\u00e4lt und wie Ihre personenbezogenen Daten dabei verarbeitet werden.<\/span><\/p>\n<p><span style=\"font-weight: 400;\">Der Versand des Newsletters erfolgt \u00fcber den Dienstleister <\/span><b>MailerLite<\/b><span style=\"font-weight: 400;\">. Die Anmeldung zum Newsletter ist freiwillig.<\/span><\/p>\n<h3><b>2. Inhalte des Newsletters<\/b><\/h3>\n<p><span style=\"font-weight: 400;\">Unser Newsletter informiert Sie regelm\u00e4\u00dfig \u00fcber:<\/span><\/p>\n<ul>\n<li style=\"font-weight: 400;\" aria-level=\"1\"><span style=\"font-weight: 400;\">neue Produkte und Kollektionen<\/span><\/li>\n<li style=\"font-weight: 400;\" aria-level=\"1\"><span style=\"font-weight: 400;\">Angebote und Aktionen<\/span><\/li>\n<li style=\"font-weight: 400;\" aria-level=\"1\"><span style=\"font-weight: 400;\">Neuigkeiten rund um unseren Online-Shop<\/span><\/li>\n<li style=\"font-weight: 400;\" aria-level=\"1\"><span style=\"font-weight: 400;\">Inhalte und Inspirationen im Zusammenhang mit unseren Produkten<\/span><\/li>\n<\/ul>\n<h3><b>3. Anmeldung zum Newsletter (Double-Opt-In)<\/b><\/h3>\n<p><span style=\"font-weight: 400;\">Die Anmeldung zu unserem Newsletter erfolgt im sogenannten Double-Opt-In-Verfahren.<\/span><span style=\"font-weight: 400;\"><br \/><\/span><span style=\"font-weight: 400;\">Nach der Anmeldung erhalten Sie eine E-Mail, in der Sie gebeten werden, Ihre Anmeldung zu best\u00e4tigen. Erst nach dieser Best\u00e4tigung wird Ihre E-Mail-Adresse in unseren Verteiler aufgenommen.<\/span><\/p>\n<p><span style=\"font-weight: 400;\">Damit stellen wir sicher, dass sich niemand mit einer fremden E-Mail-Adresse anmelden kann.<\/span><\/p>\n<h3><b>4. Verarbeitete Daten<\/b><\/h3>\n<p><span style=\"font-weight: 400;\">Im Rahmen der Newsletter-Anmeldung und des Newsletter-Versands verarbeiten wir folgende Daten:<\/span><\/p>\n<ul>\n<li style=\"font-weight: 400;\" aria-level=\"1\"><span style=\"font-weight: 400;\">E-Mail-Adresse<\/span><\/li>\n<li style=\"font-weight: 400;\" aria-level=\"1\"><span style=\"font-weight: 400;\">Zeitpunkt der Anmeldung und Best\u00e4tigung<\/span><\/li>\n<li style=\"font-weight: 400;\" aria-level=\"1\"><span style=\"font-weight: 400;\">IP-Adresse (zum Nachweis der Einwilligung)<\/span><\/li>\n<\/ul>\n<p><span style=\"font-weight: 400;\">Diese Daten werden ausschlie\u00dflich f\u00fcr den Versand des Newsletters verwendet.<\/span><\/p>\n<h3><b>5. Einsatz von MailerLite<\/b><\/h3>\n<p><span style=\"font-weight: 400;\">Der Newsletter-Versand erfolgt \u00fcber den Anbieter <\/span><b>MailerLite<\/b><span style=\"font-weight: 400;\">, der als Auftragsverarbeiter gem\u00e4\u00df Art. 28 DSGVO f\u00fcr uns t\u00e4tig ist.<\/span><\/p>\n<p><span style=\"font-weight: 400;\">MailerLite speichert die Daten auf Servern innerhalb der EU bzw. unter Einhaltung der geltenden Datenschutzvorschriften.<\/span><span style=\"font-weight: 400;\"><br \/><\/span><span style=\"font-weight: 400;\">Wir haben mit MailerLite einen Vertrag zur Auftragsverarbeitung (AVV) abgeschlossen.<\/span><\/p>\n<p><span style=\"font-weight: 400;\">Weitere Informationen zum Datenschutz bei MailerLite finden Sie in der Datenschutzerkl\u00e4rung des Anbieters.<\/span><\/p>\n<h3><b>6. Erfolgsmessung und Analyse<\/b><\/h3>\n<p><span style=\"font-weight: 400;\">Unsere Newsletter k\u00f6nnen sogenannte Z\u00e4hlpixel oder Tracking-Links enthalten.<\/span><span style=\"font-weight: 400;\"><br \/><\/span><span style=\"font-weight: 400;\">Damit k\u00f6nnen wir auswerten, ob und wann ein Newsletter ge\u00f6ffnet wurde und welche Links angeklickt wurden.<\/span><\/p>\n<p><span style=\"font-weight: 400;\">Diese Auswertung dient ausschlie\u00dflich dazu, unsere Inhalte besser an die Interessen unserer Abonnentinnen und Abonnenten anzupassen.<\/span><\/p>\n<h3><b>7. Widerruf der Einwilligung<\/b><\/h3>\n<p><span style=\"font-weight: 400;\">Sie k\u00f6nnen Ihre Einwilligung zum Erhalt des Newsletters jederzeit widerrufen.<\/span><span style=\"font-weight: 400;\"><br \/><\/span><span style=\"font-weight: 400;\">Ein entsprechender Abmeldelink befindet sich am Ende jedes Newsletters.<\/span><\/p>\n<p><span style=\"font-weight: 400;\">Nach der Abmeldung wird Ihre E-Mail-Adresse unverz\u00fcglich aus unserem Newsletter-Verteiler gel\u00f6scht.<\/span><\/p>\n<h3><b>8. Rechtsgrundlage<\/b><\/h3>\n<p><span style=\"font-weight: 400;\">Die Verarbeitung Ihrer Daten erfolgt auf Grundlage Ihrer Einwilligung gem\u00e4\u00df Art. 6 Abs. 1 lit. a DSGVO.<\/span><\/p>\n<h3><b>9. Verkn\u00fcpfung mit der Datenschutzerkl\u00e4rung<\/b><\/h3>\n<p><span style=\"font-weight: 400;\">Weitere Informationen zur Verarbeitung personenbezogener Daten, zu Ihren Rechten sowie zu Kontaktm\u00f6glichkeiten finden Sie in unserer Datenschutzerkl\u00e4rung.<\/span><\/p>\t\t\t\t\t\t\t\t<\/div>\n\t\t\t\t<\/div>\n\t\t\t\t\t<\/div>\n\t\t<\/div>\n\t\t\t\t      \r\n            \r\n              \r\n            \r\n            \t\r\n\t\t\t<\/div>\r\n\t\t<\/section>\r\n\t\t\t\t<\/div>","protected":false},"excerpt":{"rendered":"<p>Dzie\u0144 dobry, cze\u015b\u0107,\u00a0 Je\u015bli trafi\u0142e\u015b na t\u0119 stron\u0119, to znaczy, \u017ce wa\u017cne s\u0105 dla Ciebie zasady dostarczania przeze mnie Newslettera.\u00a0 W Regulaminie, kt\u00f3ry znajdziesz poni\u017cej, znajdziesz wszystkie niezb\u0119dne informacje. Zapoznaj si\u0119 z nimi, a w razie jakichkolwiek w\u0105tpliwo\u015bci lub dodatkowych pyta\u0144 dotycz\u0105cych Regulaminu Newslettera, zapraszam do kontaktu ze mn\u0105 pisz\u0105c na adres e-mail: hello@mammiko.pl \u00a71 [&hellip;]<\/p>","protected":false},"author":1,"featured_media":0,"parent":0,"menu_order":0,"comment_status":"closed","ping_status":"closed","template":"","meta":{"footnotes":""},"class_list":["post-16255","page","type-page","status-publish","hentry"],"_links":{"self":[{"href":"https:\/\/mammiko.pl\/de\/wp-json\/wp\/v2\/pages\/16255","targetHints":{"allow":["GET"]}}],"collection":[{"href":"https:\/\/mammiko.pl\/de\/wp-json\/wp\/v2\/pages"}],"about":[{"href":"https:\/\/mammiko.pl\/de\/wp-json\/wp\/v2\/types\/page"}],"author":[{"embeddable":true,"href":"https:\/\/mammiko.pl\/de\/wp-json\/wp\/v2\/users\/1"}],"replies":[{"embeddable":true,"href":"https:\/\/mammiko.pl\/de\/wp-json\/wp\/v2\/comments?post=16255"}],"version-history":[{"count":10,"href":"https:\/\/mammiko.pl\/de\/wp-json\/wp\/v2\/pages\/16255\/revisions"}],"predecessor-version":[{"id":16766,"href":"https:\/\/mammiko.pl\/de\/wp-json\/wp\/v2\/pages\/16255\/revisions\/16766"}],"wp:attachment":[{"href":"https:\/\/mammiko.pl\/de\/wp-json\/wp\/v2\/media?parent=16255"}],"curies":[{"name":"wp","href":"https:\/\/api.w.org\/{rel}","templated":true}]}}