{"id":15992,"date":"2023-10-16T17:35:42","date_gmt":"2023-10-16T15:35:42","guid":{"rendered":"https:\/\/mammiko.pl\/?page_id=15992"},"modified":"2023-12-20T18:43:59","modified_gmt":"2023-12-20T17:43:59","slug":"detale-i-innowacje","status":"publish","type":"page","link":"https:\/\/mammiko.pl\/de\/detale-i-innowacje\/","title":{"rendered":"Details und Innovationen"},"content":{"rendered":"<div data-elementor-type=\"wp-page\" data-elementor-id=\"15992\" class=\"elementor elementor-15992\">\n\t\t\t\t\t\t<section class=\"elementor-section elementor-top-section elementor-element elementor-element-5ba2c79 elementor-section-content-middle elementor-section-boxed elementor-section-height-default elementor-section-height-default\" data-id=\"5ba2c79\" data-element_type=\"section\">\r\n\t\t\t\t\t\t<div class=\"elementor-container elementor-column-gap-wider jws_section_\" >\r\n\t\t\t\t<div class=\"elementor-column elementor-col-50 elementor-top-column elementor-element elementor-element-b145ea4\" data-id=\"b145ea4\" data-element_type=\"column\">\n\t\t\t<div class=\"elementor-widget-wrap elementor-element-populated\">\n\t\t\t\t\t\t<div class=\"elementor-element elementor-element-715e473 elementor-widget elementor-widget-text-editor\" data-id=\"715e473\" data-element_type=\"widget\" data-widget_type=\"text-editor.default\">\n\t\t\t\t<div class=\"elementor-widget-container\">\n\t\t\t\t\t\t\t\t\t<h2>Details und Innovationen<\/h2><p>Kimono \"I Love You Mom\" ist nicht nur Kleidung. Es ist eine Erg\u00e4nzung f\u00fcr Frauen, die jeden Tag sch\u00f6n und attraktiv aussehen und sich so f\u00fchlen m\u00f6chten. Es lohnt sich besonders, auf die Details zu achten, die diesen Kimono so einzigartig machen.\u2028<\/p><p>Speziell geplante Abn\u00e4her sorgen f\u00fcr mehr Stoff auf der Vorderseite, geben Raum f\u00fcr den wachsenden Bauch und erm\u00f6glichen gleichzeitig bequemes Stillen. Das Kimono-Material schmiegt sich nicht an den K\u00f6rper w\u00e4hrend der Schwangerschaft oder an die Brust der stillenden Mutter an, es bietet Bewegungsfreiheit und Komfort beim Tragen.\u2028<\/p><p>Der einfache Verschluss im Inneren verhindert ein versehentliches Auseinanderfallen des Kimonos und unerw\u00fcnschtes Entbl\u00f6\u00dfen der Brust oder ein st\u00e4ndiges Auseinanderziehen am wachsenden Bauch w\u00e4hrend der Schwangerschaft. Durchdachte Taschen erm\u00f6glichen die Aufbewahrung vieler notwendiger Kleinigkeiten.\u2028<\/p>\t\t\t\t\t\t\t\t<\/div>\n\t\t\t\t<\/div>\n\t\t\t\t<div class=\"elementor-element elementor-element-a9984c1 elementor-align-center elementor-widget elementor-widget-bloompixel-gradient-button\" data-id=\"a9984c1\" data-element_type=\"widget\" data-widget_type=\"bloompixel-gradient-button.default\">\n\t\t\t\t<div class=\"elementor-widget-container\">\n\t\t\t\t\t\t\t<div class=\"elementor-button-wrapper button-defautl\">\r\n\t\t\t<a href=\"https:\/\/mammiko.pl\/de\/produkt\/kimono\/\" class=\"elementor-button-link elementor-button btn-main classic elementor-size-sm\" role=\"button\">\r\n\t\t\t\t\t\t<span class=\"elementor-button-content-wrapper\">\r\n\t\t\t\t\t\t<span class=\"elementor-button-icon elementor-align-icon-right\">\r\n\t\t\t\t<i aria-hidden=\"true\" class=\"jws-icon-arrow-up-right-thin-1\"><\/i>  \r\n\t\t\t<\/span>\r\n\t\t\t\t\t\t<span class=\"elementor-button-text\">Hol dir das Kimono \u201eI love you mom<\/span>\r\n\t\t<\/span>\r\n\t\t\t\t\t<\/a>\r\n\t\t<\/div>\r\n\t\t\t\t\t\t<\/div>\n\t\t\t\t<\/div>\n\t\t\t\t<div class=\"elementor-element elementor-element-98c9959 elementor-widget elementor-widget-spacer\" data-id=\"98c9959\" data-element_type=\"widget\" data-widget_type=\"spacer.default\">\n\t\t\t\t<div class=\"elementor-widget-container\">\n\t\t\t\t\t\t\t<div class=\"elementor-spacer\">\n\t\t\t<div class=\"elementor-spacer-inner\"><\/div>\n\t\t<\/div>\n\t\t\t\t\t\t<\/div>\n\t\t\t\t<\/div>\n\t\t\t\t\t<\/div>\n\t\t<\/div>\n\t\t\t\t<div class=\"elementor-column elementor-col-50 elementor-top-column elementor-element elementor-element-5eeabdc\" data-id=\"5eeabdc\" data-element_type=\"column\">\n\t\t\t<div class=\"elementor-widget-wrap elementor-element-populated\">\n\t\t\t\t\t\t<div class=\"elementor-element elementor-element-93e6c4a gallery-spacing-custom elementor-widget elementor-widget-image-gallery\" data-id=\"93e6c4a\" data-element_type=\"widget\" data-widget_type=\"image-gallery.default\">\n\t\t\t\t<div class=\"elementor-widget-container\">\n\t\t\t\t\t\t\t<div class=\"elementor-image-gallery\">\n\t\t\t<div id='gallery-1' class='gallery galleryid-15992 gallery-columns-3 gallery-size-medium_large'><figure class='gallery-item'>\n\t\t\t<div class='gallery-icon portrait'>\n\t\t\t\t<a data-elementor-open-lightbox=\"yes\" data-elementor-lightbox-slideshow=\"93e6c4a\" data-elementor-lightbox-title=\"Natalia i Michalinka38\" data-e-action-hash=\"#elementor-action%3Aaction%3Dlightbox%26settings%3DeyJpZCI6MTQ1MjksInVybCI6Imh0dHBzOlwvXC9tYW1taWtvLnBsXC93cC1jb250ZW50XC91cGxvYWRzXC8yMDIzXC8wOVwvTmF0YWxpYS1pLU1pY2hhbGlua2EzOC5qcGciLCJzbGlkZXNob3ciOiI5M2U2YzRhIn0%3D\" href='https:\/\/mammiko.pl\/wp-content\/uploads\/2023\/09\/Natalia-i-Michalinka38.jpg'><img fetchpriority=\"high\" decoding=\"async\" width=\"640\" height=\"960\" src=\"https:\/\/mammiko.pl\/wp-content\/uploads\/2023\/09\/Natalia-i-Michalinka38-768x1152.jpg\" class=\"attachment-medium_large size-medium_large\" alt=\"\" srcset=\"https:\/\/mammiko.pl\/wp-content\/uploads\/2023\/09\/Natalia-i-Michalinka38-768x1152.jpg 768w, https:\/\/mammiko.pl\/wp-content\/uploads\/2023\/09\/Natalia-i-Michalinka38-500x750.jpg 500w, https:\/\/mammiko.pl\/wp-content\/uploads\/2023\/09\/Natalia-i-Michalinka38-1024x1536.jpg 1024w, https:\/\/mammiko.pl\/wp-content\/uploads\/2023\/09\/Natalia-i-Michalinka38-200x300.jpg 200w, https:\/\/mammiko.pl\/wp-content\/uploads\/2023\/09\/Natalia-i-Michalinka38-683x1024.jpg 683w, https:\/\/mammiko.pl\/wp-content\/uploads\/2023\/09\/Natalia-i-Michalinka38.jpg 1267w\" sizes=\"(max-width: 640px) 100vw, 640px\" \/><\/a>\n\t\t\t<\/div><\/figure><figure class='gallery-item'>\n\t\t\t<div class='gallery-icon portrait'>\n\t\t\t\t<a data-elementor-open-lightbox=\"yes\" data-elementor-lightbox-slideshow=\"93e6c4a\" data-elementor-lightbox-title=\"Dominika5\" data-e-action-hash=\"#elementor-action%3Aaction%3Dlightbox%26settings%3DeyJpZCI6MTU5OTcsInVybCI6Imh0dHBzOlwvXC9tYW1taWtvLnBsXC93cC1jb250ZW50XC91cGxvYWRzXC8yMDIxXC8xMlwvRG9taW5pa2E1LmpwZyIsInNsaWRlc2hvdyI6IjkzZTZjNGEifQ%3D%3D\" href='https:\/\/mammiko.pl\/wp-content\/uploads\/2021\/12\/Dominika5.jpg'><img decoding=\"async\" width=\"640\" height=\"960\" src=\"https:\/\/mammiko.pl\/wp-content\/uploads\/2021\/12\/Dominika5-768x1152.jpg\" class=\"attachment-medium_large size-medium_large\" alt=\"\" srcset=\"https:\/\/mammiko.pl\/wp-content\/uploads\/2021\/12\/Dominika5-768x1152.jpg 768w, https:\/\/mammiko.pl\/wp-content\/uploads\/2021\/12\/Dominika5-200x300.jpg 200w, https:\/\/mammiko.pl\/wp-content\/uploads\/2021\/12\/Dominika5-683x1024.jpg 683w, https:\/\/mammiko.pl\/wp-content\/uploads\/2021\/12\/Dominika5-1024x1536.jpg 1024w, https:\/\/mammiko.pl\/wp-content\/uploads\/2021\/12\/Dominika5-8x12.jpg 8w, https:\/\/mammiko.pl\/wp-content\/uploads\/2021\/12\/Dominika5-500x750.jpg 500w, https:\/\/mammiko.pl\/wp-content\/uploads\/2021\/12\/Dominika5.jpg 1067w\" sizes=\"(max-width: 640px) 100vw, 640px\" \/><\/a>\n\t\t\t<\/div><\/figure><figure class='gallery-item'>\n\t\t\t<div class='gallery-icon portrait'>\n\t\t\t\t<a data-elementor-open-lightbox=\"yes\" data-elementor-lightbox-slideshow=\"93e6c4a\" data-elementor-lightbox-title=\"Dominika6\" data-e-action-hash=\"#elementor-action%3Aaction%3Dlightbox%26settings%3DeyJpZCI6MTU5OTYsInVybCI6Imh0dHBzOlwvXC9tYW1taWtvLnBsXC93cC1jb250ZW50XC91cGxvYWRzXC8yMDIxXC8xMlwvRG9taW5pa2E2LmpwZyIsInNsaWRlc2hvdyI6IjkzZTZjNGEifQ%3D%3D\" href='https:\/\/mammiko.pl\/wp-content\/uploads\/2021\/12\/Dominika6.jpg'><img decoding=\"async\" width=\"640\" height=\"960\" src=\"https:\/\/mammiko.pl\/wp-content\/uploads\/2021\/12\/Dominika6-768x1152.jpg\" class=\"attachment-medium_large size-medium_large\" alt=\"\" srcset=\"https:\/\/mammiko.pl\/wp-content\/uploads\/2021\/12\/Dominika6-768x1152.jpg 768w, https:\/\/mammiko.pl\/wp-content\/uploads\/2021\/12\/Dominika6-200x300.jpg 200w, https:\/\/mammiko.pl\/wp-content\/uploads\/2021\/12\/Dominika6-683x1024.jpg 683w, https:\/\/mammiko.pl\/wp-content\/uploads\/2021\/12\/Dominika6-1024x1536.jpg 1024w, https:\/\/mammiko.pl\/wp-content\/uploads\/2021\/12\/Dominika6-8x12.jpg 8w, https:\/\/mammiko.pl\/wp-content\/uploads\/2021\/12\/Dominika6-500x750.jpg 500w, https:\/\/mammiko.pl\/wp-content\/uploads\/2021\/12\/Dominika6.jpg 1067w\" sizes=\"(max-width: 640px) 100vw, 640px\" \/><\/a>\n\t\t\t<\/div><\/figure><figure class='gallery-item'>\n\t\t\t<div class='gallery-icon portrait'>\n\t\t\t\t<a data-elementor-open-lightbox=\"yes\" data-elementor-lightbox-slideshow=\"93e6c4a\" data-elementor-lightbox-title=\"Natalia i Michalinka24\" data-e-action-hash=\"#elementor-action%3Aaction%3Dlightbox%26settings%3DeyJpZCI6MTUxMzYsInVybCI6Imh0dHBzOlwvXC9tYW1taWtvLnBsXC93cC1jb250ZW50XC91cGxvYWRzXC8yMDIzXC8xMFwvTmF0YWxpYS1pLU1pY2hhbGlua2EyNC5qcGciLCJzbGlkZXNob3ciOiI5M2U2YzRhIn0%3D\" href='https:\/\/mammiko.pl\/wp-content\/uploads\/2023\/10\/Natalia-i-Michalinka24.jpg'><img loading=\"lazy\" decoding=\"async\" width=\"640\" height=\"960\" src=\"https:\/\/mammiko.pl\/wp-content\/uploads\/2023\/10\/Natalia-i-Michalinka24-768x1152.jpg\" class=\"attachment-medium_large size-medium_large\" alt=\"\" srcset=\"https:\/\/mammiko.pl\/wp-content\/uploads\/2023\/10\/Natalia-i-Michalinka24-768x1152.jpg 768w, https:\/\/mammiko.pl\/wp-content\/uploads\/2023\/10\/Natalia-i-Michalinka24-200x300.jpg 200w, https:\/\/mammiko.pl\/wp-content\/uploads\/2023\/10\/Natalia-i-Michalinka24-683x1024.jpg 683w, https:\/\/mammiko.pl\/wp-content\/uploads\/2023\/10\/Natalia-i-Michalinka24-1024x1536.jpg 1024w, https:\/\/mammiko.pl\/wp-content\/uploads\/2023\/10\/Natalia-i-Michalinka24-500x750.jpg 500w, https:\/\/mammiko.pl\/wp-content\/uploads\/2023\/10\/Natalia-i-Michalinka24.jpg 1067w\" sizes=\"(max-width: 640px) 100vw, 640px\" \/><\/a>\n\t\t\t<\/div><\/figure><figure class='gallery-item'>\n\t\t\t<div class='gallery-icon portrait'>\n\t\t\t\t<a data-elementor-open-lightbox=\"yes\" data-elementor-lightbox-slideshow=\"93e6c4a\" data-elementor-lightbox-title=\"Natalia i Michalinka35\" data-e-action-hash=\"#elementor-action%3Aaction%3Dlightbox%26settings%3DeyJpZCI6MTUxMzksInVybCI6Imh0dHBzOlwvXC9tYW1taWtvLnBsXC93cC1jb250ZW50XC91cGxvYWRzXC8yMDIzXC8xMFwvTmF0YWxpYS1pLU1pY2hhbGlua2EzNS5qcGciLCJzbGlkZXNob3ciOiI5M2U2YzRhIn0%3D\" href='https:\/\/mammiko.pl\/wp-content\/uploads\/2023\/10\/Natalia-i-Michalinka35.jpg'><img loading=\"lazy\" decoding=\"async\" width=\"640\" height=\"960\" src=\"https:\/\/mammiko.pl\/wp-content\/uploads\/2023\/10\/Natalia-i-Michalinka35-768x1152.jpg\" class=\"attachment-medium_large size-medium_large\" alt=\"\" srcset=\"https:\/\/mammiko.pl\/wp-content\/uploads\/2023\/10\/Natalia-i-Michalinka35-768x1152.jpg 768w, https:\/\/mammiko.pl\/wp-content\/uploads\/2023\/10\/Natalia-i-Michalinka35-200x300.jpg 200w, https:\/\/mammiko.pl\/wp-content\/uploads\/2023\/10\/Natalia-i-Michalinka35-683x1024.jpg 683w, https:\/\/mammiko.pl\/wp-content\/uploads\/2023\/10\/Natalia-i-Michalinka35-1024x1536.jpg 1024w, https:\/\/mammiko.pl\/wp-content\/uploads\/2023\/10\/Natalia-i-Michalinka35-500x750.jpg 500w, https:\/\/mammiko.pl\/wp-content\/uploads\/2023\/10\/Natalia-i-Michalinka35.jpg 1067w\" sizes=\"(max-width: 640px) 100vw, 640px\" \/><\/a>\n\t\t\t<\/div><\/figure><figure class='gallery-item'>\n\t\t\t<div class='gallery-icon portrait'>\n\t\t\t\t<a data-elementor-open-lightbox=\"yes\" data-elementor-lightbox-slideshow=\"93e6c4a\" data-elementor-lightbox-title=\"Natalia i Michalinka37\" data-e-action-hash=\"#elementor-action%3Aaction%3Dlightbox%26settings%3DeyJpZCI6MTU5OTUsInVybCI6Imh0dHBzOlwvXC9tYW1taWtvLnBsXC93cC1jb250ZW50XC91cGxvYWRzXC8yMDIxXC8xMlwvTmF0YWxpYS1pLU1pY2hhbGlua2EzNy5qcGciLCJzbGlkZXNob3ciOiI5M2U2YzRhIn0%3D\" href='https:\/\/mammiko.pl\/wp-content\/uploads\/2021\/12\/Natalia-i-Michalinka37.jpg'><img loading=\"lazy\" decoding=\"async\" width=\"640\" height=\"960\" src=\"https:\/\/mammiko.pl\/wp-content\/uploads\/2021\/12\/Natalia-i-Michalinka37-768x1152.jpg\" class=\"attachment-medium_large size-medium_large\" alt=\"\" srcset=\"https:\/\/mammiko.pl\/wp-content\/uploads\/2021\/12\/Natalia-i-Michalinka37-768x1152.jpg 768w, https:\/\/mammiko.pl\/wp-content\/uploads\/2021\/12\/Natalia-i-Michalinka37-200x300.jpg 200w, https:\/\/mammiko.pl\/wp-content\/uploads\/2021\/12\/Natalia-i-Michalinka37-683x1024.jpg 683w, https:\/\/mammiko.pl\/wp-content\/uploads\/2021\/12\/Natalia-i-Michalinka37-1024x1536.jpg 1024w, https:\/\/mammiko.pl\/wp-content\/uploads\/2021\/12\/Natalia-i-Michalinka37-8x12.jpg 8w, https:\/\/mammiko.pl\/wp-content\/uploads\/2021\/12\/Natalia-i-Michalinka37-500x750.jpg 500w, https:\/\/mammiko.pl\/wp-content\/uploads\/2021\/12\/Natalia-i-Michalinka37.jpg 1067w\" sizes=\"(max-width: 640px) 100vw, 640px\" \/><\/a>\n\t\t\t<\/div><\/figure>\n\t\t<\/div>\n\t\t<\/div>\n\t\t\t\t\t\t<\/div>\n\t\t\t\t<\/div>\n\t\t\t\t\t<\/div>\n\t\t<\/div>\n\t\t\t\t      \r\n            \r\n              \r\n            \r\n            \t\r\n\t\t\t<\/div>\r\n\t\t<\/section>\r\n\t\t\t\t<section class=\"elementor-section elementor-top-section elementor-element elementor-element-71c0d5a elementor-section-content-middle elementor-section-boxed elementor-section-height-default elementor-section-height-default\" data-id=\"71c0d5a\" data-element_type=\"section\">\r\n\t\t\t\t\t\t<div class=\"elementor-container elementor-column-gap-wider jws_section_\" >\r\n\t\t\t\t<div class=\"elementor-column elementor-col-50 elementor-top-column elementor-element elementor-element-6600a4f\" data-id=\"6600a4f\" data-element_type=\"column\">\n\t\t\t<div class=\"elementor-widget-wrap elementor-element-populated\">\n\t\t\t\t\t\t<div class=\"elementor-element elementor-element-e7c4f44 gallery-spacing-custom elementor-widget elementor-widget-image-gallery\" data-id=\"e7c4f44\" data-element_type=\"widget\" data-widget_type=\"image-gallery.default\">\n\t\t\t\t<div class=\"elementor-widget-container\">\n\t\t\t\t\t\t\t<div class=\"elementor-image-gallery\">\n\t\t\t<div id='gallery-2' class='gallery galleryid-15992 gallery-columns-3 gallery-size-medium_large'><figure class='gallery-item'>\n\t\t\t<div class='gallery-icon portrait'>\n\t\t\t\t<a data-elementor-open-lightbox=\"yes\" data-elementor-lightbox-slideshow=\"e7c4f44\" data-elementor-lightbox-title=\"Dominika9\" data-e-action-hash=\"#elementor-action%3Aaction%3Dlightbox%26settings%3DeyJpZCI6MTQzNTcsInVybCI6Imh0dHBzOlwvXC9tYW1taWtvLnBsXC93cC1jb250ZW50XC91cGxvYWRzXC8yMDIzXC8wOVwvRG9taW5pa2E5LmpwZyIsInNsaWRlc2hvdyI6ImU3YzRmNDQifQ%3D%3D\" href='https:\/\/mammiko.pl\/wp-content\/uploads\/2023\/09\/Dominika9.jpg'><img loading=\"lazy\" decoding=\"async\" width=\"640\" height=\"960\" src=\"https:\/\/mammiko.pl\/wp-content\/uploads\/2023\/09\/Dominika9-768x1152.jpg\" class=\"attachment-medium_large size-medium_large\" alt=\"\" srcset=\"https:\/\/mammiko.pl\/wp-content\/uploads\/2023\/09\/Dominika9-768x1152.jpg 768w, https:\/\/mammiko.pl\/wp-content\/uploads\/2023\/09\/Dominika9-500x750.jpg 500w, https:\/\/mammiko.pl\/wp-content\/uploads\/2023\/09\/Dominika9-1024x1536.jpg 1024w, https:\/\/mammiko.pl\/wp-content\/uploads\/2023\/09\/Dominika9-200x300.jpg 200w, https:\/\/mammiko.pl\/wp-content\/uploads\/2023\/09\/Dominika9-683x1024.jpg 683w, https:\/\/mammiko.pl\/wp-content\/uploads\/2023\/09\/Dominika9.jpg 1267w\" sizes=\"(max-width: 640px) 100vw, 640px\" \/><\/a>\n\t\t\t<\/div><\/figure><figure class='gallery-item'>\n\t\t\t<div class='gallery-icon portrait'>\n\t\t\t\t<a data-elementor-open-lightbox=\"yes\" data-elementor-lightbox-slideshow=\"e7c4f44\" data-elementor-lightbox-title=\"Dominika25\" data-e-action-hash=\"#elementor-action%3Aaction%3Dlightbox%26settings%3DeyJpZCI6MTQ1MzAsInVybCI6Imh0dHBzOlwvXC9tYW1taWtvLnBsXC93cC1jb250ZW50XC91cGxvYWRzXC8yMDIzXC8wOVwvRG9taW5pa2EyNS5qcGciLCJzbGlkZXNob3ciOiJlN2M0ZjQ0In0%3D\" href='https:\/\/mammiko.pl\/wp-content\/uploads\/2023\/09\/Dominika25.jpg'><img loading=\"lazy\" decoding=\"async\" width=\"640\" height=\"960\" src=\"https:\/\/mammiko.pl\/wp-content\/uploads\/2023\/09\/Dominika25-768x1152.jpg\" class=\"attachment-medium_large size-medium_large\" alt=\"\" srcset=\"https:\/\/mammiko.pl\/wp-content\/uploads\/2023\/09\/Dominika25-768x1152.jpg 768w, https:\/\/mammiko.pl\/wp-content\/uploads\/2023\/09\/Dominika25-500x750.jpg 500w, https:\/\/mammiko.pl\/wp-content\/uploads\/2023\/09\/Dominika25-1024x1536.jpg 1024w, https:\/\/mammiko.pl\/wp-content\/uploads\/2023\/09\/Dominika25-200x300.jpg 200w, https:\/\/mammiko.pl\/wp-content\/uploads\/2023\/09\/Dominika25-683x1024.jpg 683w, https:\/\/mammiko.pl\/wp-content\/uploads\/2023\/09\/Dominika25.jpg 1267w\" sizes=\"(max-width: 640px) 100vw, 640px\" \/><\/a>\n\t\t\t<\/div><\/figure><figure class='gallery-item'>\n\t\t\t<div class='gallery-icon portrait'>\n\t\t\t\t<a data-elementor-open-lightbox=\"yes\" data-elementor-lightbox-slideshow=\"e7c4f44\" data-elementor-lightbox-title=\"Dominika30\" data-e-action-hash=\"#elementor-action%3Aaction%3Dlightbox%26settings%3DeyJpZCI6MTUxMzgsInVybCI6Imh0dHBzOlwvXC9tYW1taWtvLnBsXC93cC1jb250ZW50XC91cGxvYWRzXC8yMDIzXC8xMFwvRG9taW5pa2EzMC5qcGciLCJzbGlkZXNob3ciOiJlN2M0ZjQ0In0%3D\" href='https:\/\/mammiko.pl\/wp-content\/uploads\/2023\/10\/Dominika30.jpg'><img loading=\"lazy\" decoding=\"async\" width=\"640\" height=\"960\" src=\"https:\/\/mammiko.pl\/wp-content\/uploads\/2023\/10\/Dominika30-768x1152.jpg\" class=\"attachment-medium_large size-medium_large\" alt=\"\" srcset=\"https:\/\/mammiko.pl\/wp-content\/uploads\/2023\/10\/Dominika30-768x1152.jpg 768w, https:\/\/mammiko.pl\/wp-content\/uploads\/2023\/10\/Dominika30-200x300.jpg 200w, https:\/\/mammiko.pl\/wp-content\/uploads\/2023\/10\/Dominika30-683x1024.jpg 683w, https:\/\/mammiko.pl\/wp-content\/uploads\/2023\/10\/Dominika30-1024x1536.jpg 1024w, https:\/\/mammiko.pl\/wp-content\/uploads\/2023\/10\/Dominika30-500x750.jpg 500w, https:\/\/mammiko.pl\/wp-content\/uploads\/2023\/10\/Dominika30.jpg 1067w\" sizes=\"(max-width: 640px) 100vw, 640px\" \/><\/a>\n\t\t\t<\/div><\/figure><figure class='gallery-item'>\n\t\t\t<div class='gallery-icon portrait'>\n\t\t\t\t<a data-elementor-open-lightbox=\"yes\" data-elementor-lightbox-slideshow=\"e7c4f44\" data-elementor-lightbox-title=\"Dominika11\" data-e-action-hash=\"#elementor-action%3Aaction%3Dlightbox%26settings%3DeyJpZCI6MTUxMzcsInVybCI6Imh0dHBzOlwvXC9tYW1taWtvLnBsXC93cC1jb250ZW50XC91cGxvYWRzXC8yMDIzXC8xMFwvRG9taW5pa2ExMS5qcGciLCJzbGlkZXNob3ciOiJlN2M0ZjQ0In0%3D\" href='https:\/\/mammiko.pl\/wp-content\/uploads\/2023\/10\/Dominika11.jpg'><img loading=\"lazy\" decoding=\"async\" width=\"640\" height=\"960\" src=\"https:\/\/mammiko.pl\/wp-content\/uploads\/2023\/10\/Dominika11-768x1152.jpg\" class=\"attachment-medium_large size-medium_large\" alt=\"\" srcset=\"https:\/\/mammiko.pl\/wp-content\/uploads\/2023\/10\/Dominika11-768x1152.jpg 768w, https:\/\/mammiko.pl\/wp-content\/uploads\/2023\/10\/Dominika11-200x300.jpg 200w, https:\/\/mammiko.pl\/wp-content\/uploads\/2023\/10\/Dominika11-683x1024.jpg 683w, https:\/\/mammiko.pl\/wp-content\/uploads\/2023\/10\/Dominika11-1024x1536.jpg 1024w, https:\/\/mammiko.pl\/wp-content\/uploads\/2023\/10\/Dominika11-500x750.jpg 500w, https:\/\/mammiko.pl\/wp-content\/uploads\/2023\/10\/Dominika11.jpg 1067w\" sizes=\"(max-width: 640px) 100vw, 640px\" \/><\/a>\n\t\t\t<\/div><\/figure><figure class='gallery-item'>\n\t\t\t<div class='gallery-icon portrait'>\n\t\t\t\t<a data-elementor-open-lightbox=\"yes\" data-elementor-lightbox-slideshow=\"e7c4f44\" data-elementor-lightbox-title=\"Tab _Mama_\" data-e-action-hash=\"#elementor-action%3Aaction%3Dlightbox%26settings%3DeyJpZCI6MTQzMjQsInVybCI6Imh0dHBzOlwvXC9tYW1taWtvLnBsXC93cC1jb250ZW50XC91cGxvYWRzXC8yMDIzXC8wOVwvVGFiLV9NYW1hXy5qcGciLCJzbGlkZXNob3ciOiJlN2M0ZjQ0In0%3D\" href='https:\/\/mammiko.pl\/wp-content\/uploads\/2023\/09\/Tab-_Mama_.jpg'><img loading=\"lazy\" decoding=\"async\" width=\"640\" height=\"960\" src=\"https:\/\/mammiko.pl\/wp-content\/uploads\/2023\/09\/Tab-_Mama_-768x1152.jpg\" class=\"attachment-medium_large size-medium_large\" alt=\"\" srcset=\"https:\/\/mammiko.pl\/wp-content\/uploads\/2023\/09\/Tab-_Mama_-768x1152.jpg 768w, https:\/\/mammiko.pl\/wp-content\/uploads\/2023\/09\/Tab-_Mama_-500x750.jpg 500w, https:\/\/mammiko.pl\/wp-content\/uploads\/2023\/09\/Tab-_Mama_-1024x1536.jpg 1024w, https:\/\/mammiko.pl\/wp-content\/uploads\/2023\/09\/Tab-_Mama_-200x300.jpg 200w, https:\/\/mammiko.pl\/wp-content\/uploads\/2023\/09\/Tab-_Mama_-683x1024.jpg 683w, https:\/\/mammiko.pl\/wp-content\/uploads\/2023\/09\/Tab-_Mama_.jpg 1267w\" sizes=\"(max-width: 640px) 100vw, 640px\" \/><\/a>\n\t\t\t<\/div><\/figure><figure class='gallery-item'>\n\t\t\t<div class='gallery-icon landscape'>\n\t\t\t\t<a data-elementor-open-lightbox=\"yes\" data-elementor-lightbox-slideshow=\"e7c4f44\" data-elementor-lightbox-title=\"Natalia i Michalinka40\" data-e-action-hash=\"#elementor-action%3Aaction%3Dlightbox%26settings%3DeyJpZCI6MTQ1MzIsInVybCI6Imh0dHBzOlwvXC9tYW1taWtvLnBsXC93cC1jb250ZW50XC91cGxvYWRzXC8yMDIzXC8wOVwvTmF0YWxpYS1pLU1pY2hhbGlua2E0MC5qcGciLCJzbGlkZXNob3ciOiJlN2M0ZjQ0In0%3D\" href='https:\/\/mammiko.pl\/wp-content\/uploads\/2023\/09\/Natalia-i-Michalinka40.jpg'><img loading=\"lazy\" decoding=\"async\" width=\"640\" height=\"427\" src=\"https:\/\/mammiko.pl\/wp-content\/uploads\/2023\/09\/Natalia-i-Michalinka40-768x512.jpg\" class=\"attachment-medium_large size-medium_large\" alt=\"\" srcset=\"https:\/\/mammiko.pl\/wp-content\/uploads\/2023\/09\/Natalia-i-Michalinka40-768x512.jpg 768w, https:\/\/mammiko.pl\/wp-content\/uploads\/2023\/09\/Natalia-i-Michalinka40-500x333.jpg 500w, https:\/\/mammiko.pl\/wp-content\/uploads\/2023\/09\/Natalia-i-Michalinka40-1024x682.jpg 1024w, https:\/\/mammiko.pl\/wp-content\/uploads\/2023\/09\/Natalia-i-Michalinka40-300x200.jpg 300w, https:\/\/mammiko.pl\/wp-content\/uploads\/2023\/09\/Natalia-i-Michalinka40.jpg 1280w\" sizes=\"(max-width: 640px) 100vw, 640px\" \/><\/a>\n\t\t\t<\/div><\/figure>\n\t\t<\/div>\n\t\t<\/div>\n\t\t\t\t\t\t<\/div>\n\t\t\t\t<\/div>\n\t\t\t\t\t<\/div>\n\t\t<\/div>\n\t\t\t\t<div class=\"elementor-column elementor-col-50 elementor-top-column elementor-element elementor-element-9340290\" data-id=\"9340290\" data-element_type=\"column\">\n\t\t\t<div class=\"elementor-widget-wrap elementor-element-populated\">\n\t\t\t\t\t\t<div class=\"elementor-element elementor-element-6f5b50b elementor-widget elementor-widget-text-editor\" data-id=\"6f5b50b\" data-element_type=\"widget\" data-widget_type=\"text-editor.default\">\n\t\t\t\t<div class=\"elementor-widget-container\">\n\t\t\t\t\t\t\t\t\t<p>Du kannst ihn locker tragen, was als klassische L\u00e4ssigkeit bezeichnet werden kann. Es sieht dann sch\u00f6n aus, f\u00e4llt sch\u00f6n und verleiht dem gesamten Look eine l\u00e4ssige Atmosph\u00e4re.\u2028F\u00fcr Frauen, die mehr Funktionalit\u00e4t w\u00fcnschen, besteht die M\u00f6glichkeit, den \u00c4rmel zu einer Puff\u00e4rmel zu verbinden, was gleichzeitig das Hochziehen und Einstellen der L\u00e4nge erm\u00f6glicht. Dadurch wird der \u00c4rmel nicht st\u00f6rend. Er bleibt weiterhin elegant, originell, und du kannst darin ohne Einschr\u00e4nkungen allt\u00e4gliche Aufgaben erledigen.\u2028<\/p><p>Speziell geplante Abn\u00e4her erm\u00f6glichen mehr Stoff auf der Vorderseite, geben Raum f\u00fcr den wachsenden Bauch und erm\u00f6glichen gleichzeitig bequemes Stillen. Der Kimono schmiegt sich nicht an den K\u00f6rper, er bietet Freiheit und Lockerheit.\u2028<\/p><p>Die eingef\u00fchrte Verschlussmethode im Inneren sch\u00fctzt vor einem versehentlichen Auseinanderfallen des Kimonos und sch\u00fctzt vor unerw\u00fcnschtem Entbl\u00f6\u00dfen der Brust oder einem st\u00e4ndigen Auseinanderziehen am wachsenden Bauch w\u00e4hrend der Schwangerschaft. Durchdachte Taschen erm\u00f6glichen die Aufbewahrung von notwendigen Kleinigkeiten wie Schnuller oder Telefon.\"<\/p>\t\t\t\t\t\t\t\t<\/div>\n\t\t\t\t<\/div>\n\t\t\t\t<div class=\"elementor-element elementor-element-99e83a0 elementor-align-center elementor-widget elementor-widget-bloompixel-gradient-button\" data-id=\"99e83a0\" data-element_type=\"widget\" data-widget_type=\"bloompixel-gradient-button.default\">\n\t\t\t\t<div class=\"elementor-widget-container\">\n\t\t\t\t\t\t\t<div class=\"elementor-button-wrapper button-defautl\">\r\n\t\t\t<a href=\"https:\/\/mammiko.pl\/de\/produkt\/kimono\/\" class=\"elementor-button-link elementor-button btn-main classic elementor-size-sm\" role=\"button\">\r\n\t\t\t\t\t\t<span class=\"elementor-button-content-wrapper\">\r\n\t\t\t\t\t\t<span class=\"elementor-button-icon elementor-align-icon-right\">\r\n\t\t\t\t<i aria-hidden=\"true\" class=\"jws-icon-arrow-up-right-thin-1\"><\/i>  \r\n\t\t\t<\/span>\r\n\t\t\t\t\t\t<span class=\"elementor-button-text\">Hol dir das Kimono \u201eI love you mom<\/span>\r\n\t\t<\/span>\r\n\t\t\t\t\t<\/a>\r\n\t\t<\/div>\r\n\t\t\t\t\t\t<\/div>\n\t\t\t\t<\/div>\n\t\t\t\t<div class=\"elementor-element elementor-element-a0c72ee elementor-widget elementor-widget-spacer\" data-id=\"a0c72ee\" data-element_type=\"widget\" data-widget_type=\"spacer.default\">\n\t\t\t\t<div class=\"elementor-widget-container\">\n\t\t\t\t\t\t\t<div class=\"elementor-spacer\">\n\t\t\t<div class=\"elementor-spacer-inner\"><\/div>\n\t\t<\/div>\n\t\t\t\t\t\t<\/div>\n\t\t\t\t<\/div>\n\t\t\t\t\t<\/div>\n\t\t<\/div>\n\t\t\t\t      \r\n            \r\n              \r\n            \r\n            \t\r\n\t\t\t<\/div>\r\n\t\t<\/section>\r\n\t\t\t\t<\/div>","protected":false},"excerpt":{"rendered":"<p>Detale i innowacje Kimono \u201cI Love You Mom\u201d to nie tylko ubranie. To dodatek dla kobiety, kt\u00f3ra chce wygl\u0105da\u0107 i czu\u0107 si\u0119 pi\u0119knie i atrakcyjnie ka\u017cdego dnia. Szczeg\u00f3ln\u0105 uwag\u0119 warto zwr\u00f3ci\u0107 na detale, kt\u00f3re czyni\u0105 to kimono tak wyj\u0105tkowym. Specjalnie zaplanowane zaszewki zapewniaj\u0105 wi\u0119ksz\u0105 ilo\u015b\u0107 materia\u0142u z przodu, daj\u0105c przestrze\u0144 dla rosn\u0105cego brzuszka, jednocze\u015bnie pozwalaj\u0105c [&hellip;]<\/p>","protected":false},"author":1,"featured_media":0,"parent":0,"menu_order":0,"comment_status":"closed","ping_status":"closed","template":"","meta":{"footnotes":""},"class_list":["post-15992","page","type-page","status-publish","hentry"],"_links":{"self":[{"href":"https:\/\/mammiko.pl\/de\/wp-json\/wp\/v2\/pages\/15992","targetHints":{"allow":["GET"]}}],"collection":[{"href":"https:\/\/mammiko.pl\/de\/wp-json\/wp\/v2\/pages"}],"about":[{"href":"https:\/\/mammiko.pl\/de\/wp-json\/wp\/v2\/types\/page"}],"author":[{"embeddable":true,"href":"https:\/\/mammiko.pl\/de\/wp-json\/wp\/v2\/users\/1"}],"replies":[{"embeddable":true,"href":"https:\/\/mammiko.pl\/de\/wp-json\/wp\/v2\/comments?post=15992"}],"version-history":[{"count":19,"href":"https:\/\/mammiko.pl\/de\/wp-json\/wp\/v2\/pages\/15992\/revisions"}],"predecessor-version":[{"id":16360,"href":"https:\/\/mammiko.pl\/de\/wp-json\/wp\/v2\/pages\/15992\/revisions\/16360"}],"wp:attachment":[{"href":"https:\/\/mammiko.pl\/de\/wp-json\/wp\/v2\/media?parent=15992"}],"curies":[{"name":"wp","href":"https:\/\/api.w.org\/{rel}","templated":true}]}}