{"id":15949,"date":"2023-10-16T17:15:48","date_gmt":"2023-10-16T15:15:48","guid":{"rendered":"https:\/\/mammiko.pl\/?page_id=15949"},"modified":"2023-11-29T21:37:58","modified_gmt":"2023-11-29T20:37:58","slug":"kimono-na-czas-ciazy","status":"publish","type":"page","link":"https:\/\/mammiko.pl\/de\/kimono-na-czas-ciazy\/","title":{"rendered":"Kimono f\u00fcr die Schwangerschaft"},"content":{"rendered":"<div data-elementor-type=\"wp-page\" data-elementor-id=\"15949\" class=\"elementor elementor-15949\">\n\t\t\t\t\t\t<section class=\"elementor-section elementor-top-section elementor-element elementor-element-78c1b39 elementor-section-content-middle elementor-section-boxed elementor-section-height-default elementor-section-height-default\" data-id=\"78c1b39\" data-element_type=\"section\">\r\n\t\t\t\t\t\t<div class=\"elementor-container elementor-column-gap-wider jws_section_\" >\r\n\t\t\t\t<div class=\"elementor-column elementor-col-50 elementor-top-column elementor-element elementor-element-51de8f0\" data-id=\"51de8f0\" data-element_type=\"column\">\n\t\t\t<div class=\"elementor-widget-wrap elementor-element-populated\">\n\t\t\t\t\t\t<div class=\"elementor-element elementor-element-c8a039c elementor-widget elementor-widget-text-editor\" data-id=\"c8a039c\" data-element_type=\"widget\" data-widget_type=\"text-editor.default\">\n\t\t\t\t<div class=\"elementor-widget-container\">\n\t\t\t\t\t\t\t\t\t<h2>Kimono f\u00fcr die Schwangerschaft, entdecke, womit es dich \u00fcberraschen kann<\/h2><p><span style=\"font-weight: 400;\">Durchdachte Abn\u00e4her erm\u00f6glichen Komfort und bieten Platz f\u00fcr den wachsenden Bauch.\u2028<\/span><\/p><p><span style=\"font-weight: 400;\">Der lockere Schnitt passt sich perfekt dem sich ver\u00e4ndernden K\u00f6rper der schwangeren Frau an \u2013 der Kimono wird sicherlich auch in der N\u00e4he des Geburtstermins passen, er ist ideal f\u00fcr die Krankenhaustasche, leicht, bequem und erm\u00f6glicht es dir, dich weiterhin feminin zu f\u00fchlen.\u2028<\/span><\/p><p>Das Material des Kimonos ist hautfreundlich f\u00fcr die empfindliche Haut der Schwangeren.\u2028<\/p><p><span style=\"font-weight: 400;\">Es kann nicht nur als Bademantel, sondern auch als Kimono dienen \u2013 ein Hauskleidungsst\u00fcck in Zeiten, in denen Komfort und Bequemlichkeit so wichtig sind.<\/span><\/p>\t\t\t\t\t\t\t\t<\/div>\n\t\t\t\t<\/div>\n\t\t\t\t<div class=\"elementor-element elementor-element-d98c734 elementor-align-center elementor-widget elementor-widget-bloompixel-gradient-button\" data-id=\"d98c734\" data-element_type=\"widget\" data-widget_type=\"bloompixel-gradient-button.default\">\n\t\t\t\t<div class=\"elementor-widget-container\">\n\t\t\t\t\t\t\t<div class=\"elementor-button-wrapper button-defautl\">\r\n\t\t\t<a href=\"https:\/\/mammiko.pl\/de\/produkt\/kimono\/\" class=\"elementor-button-link elementor-button btn-main classic elementor-size-sm\" role=\"button\">\r\n\t\t\t\t\t\t<span class=\"elementor-button-content-wrapper\">\r\n\t\t\t\t\t\t<span class=\"elementor-button-icon elementor-align-icon-right\">\r\n\t\t\t\t<i aria-hidden=\"true\" class=\"jws-icon-arrow-up-right-thin-1\"><\/i>  \r\n\t\t\t<\/span>\r\n\t\t\t\t\t\t<span class=\"elementor-button-text\">Hol dir das Kimono \u201eI love you mom<\/span>\r\n\t\t<\/span>\r\n\t\t\t\t\t<\/a>\r\n\t\t<\/div>\r\n\t\t\t\t\t\t<\/div>\n\t\t\t\t<\/div>\n\t\t\t\t<div class=\"elementor-element elementor-element-bc26784 elementor-widget elementor-widget-spacer\" data-id=\"bc26784\" data-element_type=\"widget\" data-widget_type=\"spacer.default\">\n\t\t\t\t<div class=\"elementor-widget-container\">\n\t\t\t\t\t\t\t<div class=\"elementor-spacer\">\n\t\t\t<div class=\"elementor-spacer-inner\"><\/div>\n\t\t<\/div>\n\t\t\t\t\t\t<\/div>\n\t\t\t\t<\/div>\n\t\t\t\t\t<\/div>\n\t\t<\/div>\n\t\t\t\t<div class=\"elementor-column elementor-col-50 elementor-top-column elementor-element elementor-element-5ce4de5\" data-id=\"5ce4de5\" data-element_type=\"column\">\n\t\t\t<div class=\"elementor-widget-wrap elementor-element-populated\">\n\t\t\t\t\t\t<div class=\"elementor-element elementor-element-6e11b11 gallery-spacing-custom elementor-widget elementor-widget-image-gallery\" data-id=\"6e11b11\" data-element_type=\"widget\" data-widget_type=\"image-gallery.default\">\n\t\t\t\t<div class=\"elementor-widget-container\">\n\t\t\t\t\t\t\t<div class=\"elementor-image-gallery\">\n\t\t\t<div id='gallery-1' class='gallery galleryid-15949 gallery-columns-3 gallery-size-medium_large'><figure class='gallery-item'>\n\t\t\t<div class='gallery-icon portrait'>\n\t\t\t\t<a data-elementor-open-lightbox=\"yes\" data-elementor-lightbox-slideshow=\"6e11b11\" data-elementor-lightbox-title=\"Dominika18\" data-e-action-hash=\"#elementor-action%3Aaction%3Dlightbox%26settings%3DeyJpZCI6MTU5NTcsInVybCI6Imh0dHBzOlwvXC9tYW1taWtvLnBsXC93cC1jb250ZW50XC91cGxvYWRzXC8yMDIxXC8xMlwvRG9taW5pa2ExOC5qcGciLCJzbGlkZXNob3ciOiI2ZTExYjExIn0%3D\" href='https:\/\/mammiko.pl\/wp-content\/uploads\/2021\/12\/Dominika18.jpg'><img fetchpriority=\"high\" decoding=\"async\" width=\"640\" height=\"960\" src=\"https:\/\/mammiko.pl\/wp-content\/uploads\/2021\/12\/Dominika18-768x1152.jpg\" class=\"attachment-medium_large size-medium_large\" alt=\"\" srcset=\"https:\/\/mammiko.pl\/wp-content\/uploads\/2021\/12\/Dominika18-768x1152.jpg 768w, https:\/\/mammiko.pl\/wp-content\/uploads\/2021\/12\/Dominika18-200x300.jpg 200w, https:\/\/mammiko.pl\/wp-content\/uploads\/2021\/12\/Dominika18-683x1024.jpg 683w, https:\/\/mammiko.pl\/wp-content\/uploads\/2021\/12\/Dominika18-1024x1536.jpg 1024w, https:\/\/mammiko.pl\/wp-content\/uploads\/2021\/12\/Dominika18-8x12.jpg 8w, https:\/\/mammiko.pl\/wp-content\/uploads\/2021\/12\/Dominika18-500x750.jpg 500w, https:\/\/mammiko.pl\/wp-content\/uploads\/2021\/12\/Dominika18.jpg 1067w\" sizes=\"(max-width: 640px) 100vw, 640px\" \/><\/a>\n\t\t\t<\/div><\/figure><figure class='gallery-item'>\n\t\t\t<div class='gallery-icon portrait'>\n\t\t\t\t<a data-elementor-open-lightbox=\"yes\" data-elementor-lightbox-slideshow=\"6e11b11\" data-elementor-lightbox-title=\"Dominika4\" data-e-action-hash=\"#elementor-action%3Aaction%3Dlightbox%26settings%3DeyJpZCI6MTU5NTIsInVybCI6Imh0dHBzOlwvXC9tYW1taWtvLnBsXC93cC1jb250ZW50XC91cGxvYWRzXC8yMDIxXC8xMlwvRG9taW5pa2E0LmpwZyIsInNsaWRlc2hvdyI6IjZlMTFiMTEifQ%3D%3D\" href='https:\/\/mammiko.pl\/wp-content\/uploads\/2021\/12\/Dominika4.jpg'><img decoding=\"async\" width=\"640\" height=\"960\" src=\"https:\/\/mammiko.pl\/wp-content\/uploads\/2021\/12\/Dominika4-768x1152.jpg\" class=\"attachment-medium_large size-medium_large\" alt=\"\" srcset=\"https:\/\/mammiko.pl\/wp-content\/uploads\/2021\/12\/Dominika4-768x1152.jpg 768w, https:\/\/mammiko.pl\/wp-content\/uploads\/2021\/12\/Dominika4-200x300.jpg 200w, https:\/\/mammiko.pl\/wp-content\/uploads\/2021\/12\/Dominika4-683x1024.jpg 683w, https:\/\/mammiko.pl\/wp-content\/uploads\/2021\/12\/Dominika4-1024x1536.jpg 1024w, https:\/\/mammiko.pl\/wp-content\/uploads\/2021\/12\/Dominika4-8x12.jpg 8w, https:\/\/mammiko.pl\/wp-content\/uploads\/2021\/12\/Dominika4-500x750.jpg 500w, https:\/\/mammiko.pl\/wp-content\/uploads\/2021\/12\/Dominika4.jpg 1067w\" sizes=\"(max-width: 640px) 100vw, 640px\" \/><\/a>\n\t\t\t<\/div><\/figure><figure class='gallery-item'>\n\t\t\t<div class='gallery-icon portrait'>\n\t\t\t\t<a data-elementor-open-lightbox=\"yes\" data-elementor-lightbox-slideshow=\"6e11b11\" data-elementor-lightbox-title=\"Dominika10\" data-e-action-hash=\"#elementor-action%3Aaction%3Dlightbox%26settings%3DeyJpZCI6MTU5NTMsInVybCI6Imh0dHBzOlwvXC9tYW1taWtvLnBsXC93cC1jb250ZW50XC91cGxvYWRzXC8yMDIxXC8xMlwvRG9taW5pa2ExMC5qcGciLCJzbGlkZXNob3ciOiI2ZTExYjExIn0%3D\" href='https:\/\/mammiko.pl\/wp-content\/uploads\/2021\/12\/Dominika10.jpg'><img decoding=\"async\" width=\"640\" height=\"960\" src=\"https:\/\/mammiko.pl\/wp-content\/uploads\/2021\/12\/Dominika10-768x1152.jpg\" class=\"attachment-medium_large size-medium_large\" alt=\"\" srcset=\"https:\/\/mammiko.pl\/wp-content\/uploads\/2021\/12\/Dominika10-768x1152.jpg 768w, https:\/\/mammiko.pl\/wp-content\/uploads\/2021\/12\/Dominika10-200x300.jpg 200w, https:\/\/mammiko.pl\/wp-content\/uploads\/2021\/12\/Dominika10-683x1024.jpg 683w, https:\/\/mammiko.pl\/wp-content\/uploads\/2021\/12\/Dominika10-1024x1536.jpg 1024w, https:\/\/mammiko.pl\/wp-content\/uploads\/2021\/12\/Dominika10-8x12.jpg 8w, https:\/\/mammiko.pl\/wp-content\/uploads\/2021\/12\/Dominika10-500x750.jpg 500w, https:\/\/mammiko.pl\/wp-content\/uploads\/2021\/12\/Dominika10.jpg 1067w\" sizes=\"(max-width: 640px) 100vw, 640px\" \/><\/a>\n\t\t\t<\/div><\/figure><figure class='gallery-item'>\n\t\t\t<div class='gallery-icon portrait'>\n\t\t\t\t<a data-elementor-open-lightbox=\"yes\" data-elementor-lightbox-slideshow=\"6e11b11\" data-elementor-lightbox-title=\"Dominika15\" data-e-action-hash=\"#elementor-action%3Aaction%3Dlightbox%26settings%3DeyJpZCI6MTU5NTUsInVybCI6Imh0dHBzOlwvXC9tYW1taWtvLnBsXC93cC1jb250ZW50XC91cGxvYWRzXC8yMDIxXC8xMlwvRG9taW5pa2ExNS5qcGciLCJzbGlkZXNob3ciOiI2ZTExYjExIn0%3D\" href='https:\/\/mammiko.pl\/wp-content\/uploads\/2021\/12\/Dominika15.jpg'><img loading=\"lazy\" decoding=\"async\" width=\"640\" height=\"960\" src=\"https:\/\/mammiko.pl\/wp-content\/uploads\/2021\/12\/Dominika15-768x1152.jpg\" class=\"attachment-medium_large size-medium_large\" alt=\"\" srcset=\"https:\/\/mammiko.pl\/wp-content\/uploads\/2021\/12\/Dominika15-768x1152.jpg 768w, https:\/\/mammiko.pl\/wp-content\/uploads\/2021\/12\/Dominika15-200x300.jpg 200w, https:\/\/mammiko.pl\/wp-content\/uploads\/2021\/12\/Dominika15-683x1024.jpg 683w, https:\/\/mammiko.pl\/wp-content\/uploads\/2021\/12\/Dominika15-1024x1536.jpg 1024w, https:\/\/mammiko.pl\/wp-content\/uploads\/2021\/12\/Dominika15-8x12.jpg 8w, https:\/\/mammiko.pl\/wp-content\/uploads\/2021\/12\/Dominika15-500x750.jpg 500w, https:\/\/mammiko.pl\/wp-content\/uploads\/2021\/12\/Dominika15.jpg 1067w\" sizes=\"(max-width: 640px) 100vw, 640px\" \/><\/a>\n\t\t\t<\/div><\/figure><figure class='gallery-item'>\n\t\t\t<div class='gallery-icon portrait'>\n\t\t\t\t<a data-elementor-open-lightbox=\"yes\" data-elementor-lightbox-slideshow=\"6e11b11\" data-elementor-lightbox-title=\"Dominika14\" data-e-action-hash=\"#elementor-action%3Aaction%3Dlightbox%26settings%3DeyJpZCI6MTU5NTQsInVybCI6Imh0dHBzOlwvXC9tYW1taWtvLnBsXC93cC1jb250ZW50XC91cGxvYWRzXC8yMDIxXC8xMlwvRG9taW5pa2ExNC5qcGciLCJzbGlkZXNob3ciOiI2ZTExYjExIn0%3D\" href='https:\/\/mammiko.pl\/wp-content\/uploads\/2021\/12\/Dominika14.jpg'><img loading=\"lazy\" decoding=\"async\" width=\"640\" height=\"960\" src=\"https:\/\/mammiko.pl\/wp-content\/uploads\/2021\/12\/Dominika14-768x1152.jpg\" class=\"attachment-medium_large size-medium_large\" alt=\"\" srcset=\"https:\/\/mammiko.pl\/wp-content\/uploads\/2021\/12\/Dominika14-768x1152.jpg 768w, https:\/\/mammiko.pl\/wp-content\/uploads\/2021\/12\/Dominika14-200x300.jpg 200w, https:\/\/mammiko.pl\/wp-content\/uploads\/2021\/12\/Dominika14-683x1024.jpg 683w, https:\/\/mammiko.pl\/wp-content\/uploads\/2021\/12\/Dominika14-1024x1536.jpg 1024w, https:\/\/mammiko.pl\/wp-content\/uploads\/2021\/12\/Dominika14-8x12.jpg 8w, https:\/\/mammiko.pl\/wp-content\/uploads\/2021\/12\/Dominika14-500x750.jpg 500w, https:\/\/mammiko.pl\/wp-content\/uploads\/2021\/12\/Dominika14.jpg 1067w\" sizes=\"(max-width: 640px) 100vw, 640px\" \/><\/a>\n\t\t\t<\/div><\/figure><figure class='gallery-item'>\n\t\t\t<div class='gallery-icon portrait'>\n\t\t\t\t<a data-elementor-open-lightbox=\"yes\" data-elementor-lightbox-slideshow=\"6e11b11\" data-elementor-lightbox-title=\"Dominika16\" data-e-action-hash=\"#elementor-action%3Aaction%3Dlightbox%26settings%3DeyJpZCI6MTU5NTYsInVybCI6Imh0dHBzOlwvXC9tYW1taWtvLnBsXC93cC1jb250ZW50XC91cGxvYWRzXC8yMDIxXC8xMlwvRG9taW5pa2ExNi5qcGciLCJzbGlkZXNob3ciOiI2ZTExYjExIn0%3D\" href='https:\/\/mammiko.pl\/wp-content\/uploads\/2021\/12\/Dominika16.jpg'><img loading=\"lazy\" decoding=\"async\" width=\"640\" height=\"960\" src=\"https:\/\/mammiko.pl\/wp-content\/uploads\/2021\/12\/Dominika16-768x1152.jpg\" class=\"attachment-medium_large size-medium_large\" alt=\"\" srcset=\"https:\/\/mammiko.pl\/wp-content\/uploads\/2021\/12\/Dominika16-768x1152.jpg 768w, https:\/\/mammiko.pl\/wp-content\/uploads\/2021\/12\/Dominika16-200x300.jpg 200w, https:\/\/mammiko.pl\/wp-content\/uploads\/2021\/12\/Dominika16-683x1024.jpg 683w, https:\/\/mammiko.pl\/wp-content\/uploads\/2021\/12\/Dominika16-1024x1536.jpg 1024w, https:\/\/mammiko.pl\/wp-content\/uploads\/2021\/12\/Dominika16-8x12.jpg 8w, https:\/\/mammiko.pl\/wp-content\/uploads\/2021\/12\/Dominika16-500x750.jpg 500w, https:\/\/mammiko.pl\/wp-content\/uploads\/2021\/12\/Dominika16.jpg 1067w\" sizes=\"(max-width: 640px) 100vw, 640px\" \/><\/a>\n\t\t\t<\/div><\/figure>\n\t\t<\/div>\n\t\t<\/div>\n\t\t\t\t\t\t<\/div>\n\t\t\t\t<\/div>\n\t\t\t\t\t<\/div>\n\t\t<\/div>\n\t\t\t\t      \r\n            \r\n              \r\n            \r\n            \t\r\n\t\t\t<\/div>\r\n\t\t<\/section>\r\n\t\t\t\t<section class=\"elementor-section elementor-top-section elementor-element elementor-element-7d5a279 elementor-section-content-middle elementor-section-boxed elementor-section-height-default elementor-section-height-default\" data-id=\"7d5a279\" data-element_type=\"section\">\r\n\t\t\t\t\t\t<div class=\"elementor-container elementor-column-gap-wider jws_section_\" >\r\n\t\t\t\t<div class=\"elementor-column elementor-col-100 elementor-top-column elementor-element elementor-element-9e9e61f\" data-id=\"9e9e61f\" data-element_type=\"column\">\n\t\t\t<div class=\"elementor-widget-wrap elementor-element-populated\">\n\t\t\t\t\t\t<div class=\"elementor-element elementor-element-7aec990 gallery-spacing-custom elementor-widget elementor-widget-image-gallery\" data-id=\"7aec990\" data-element_type=\"widget\" data-widget_type=\"image-gallery.default\">\n\t\t\t\t<div class=\"elementor-widget-container\">\n\t\t\t\t\t\t\t<div class=\"elementor-image-gallery\">\n\t\t\t<div id='gallery-2' class='gallery galleryid-15949 gallery-columns-4 gallery-size-medium_large'><figure class='gallery-item'>\n\t\t\t<div class='gallery-icon portrait'>\n\t\t\t\t<a data-elementor-open-lightbox=\"yes\" data-elementor-lightbox-slideshow=\"7aec990\" data-elementor-lightbox-title=\"Dominika20\" data-e-action-hash=\"#elementor-action%3Aaction%3Dlightbox%26settings%3DeyJpZCI6MTU5NTgsInVybCI6Imh0dHBzOlwvXC9tYW1taWtvLnBsXC93cC1jb250ZW50XC91cGxvYWRzXC8yMDIxXC8xMlwvRG9taW5pa2EyMC5qcGciLCJzbGlkZXNob3ciOiI3YWVjOTkwIn0%3D\" href='https:\/\/mammiko.pl\/wp-content\/uploads\/2021\/12\/Dominika20.jpg'><img loading=\"lazy\" decoding=\"async\" width=\"640\" height=\"960\" src=\"https:\/\/mammiko.pl\/wp-content\/uploads\/2021\/12\/Dominika20-768x1152.jpg\" class=\"attachment-medium_large size-medium_large\" alt=\"\" srcset=\"https:\/\/mammiko.pl\/wp-content\/uploads\/2021\/12\/Dominika20-768x1152.jpg 768w, https:\/\/mammiko.pl\/wp-content\/uploads\/2021\/12\/Dominika20-200x300.jpg 200w, https:\/\/mammiko.pl\/wp-content\/uploads\/2021\/12\/Dominika20-683x1024.jpg 683w, https:\/\/mammiko.pl\/wp-content\/uploads\/2021\/12\/Dominika20-1024x1536.jpg 1024w, https:\/\/mammiko.pl\/wp-content\/uploads\/2021\/12\/Dominika20-8x12.jpg 8w, https:\/\/mammiko.pl\/wp-content\/uploads\/2021\/12\/Dominika20-500x750.jpg 500w, https:\/\/mammiko.pl\/wp-content\/uploads\/2021\/12\/Dominika20.jpg 1067w\" sizes=\"(max-width: 640px) 100vw, 640px\" \/><\/a>\n\t\t\t<\/div><\/figure><figure class='gallery-item'>\n\t\t\t<div class='gallery-icon portrait'>\n\t\t\t\t<a data-elementor-open-lightbox=\"yes\" data-elementor-lightbox-slideshow=\"7aec990\" data-elementor-lightbox-title=\"Dominika27\" data-e-action-hash=\"#elementor-action%3Aaction%3Dlightbox%26settings%3DeyJpZCI6MTU5NjAsInVybCI6Imh0dHBzOlwvXC9tYW1taWtvLnBsXC93cC1jb250ZW50XC91cGxvYWRzXC8yMDIxXC8xMlwvRG9taW5pa2EyNy5qcGciLCJzbGlkZXNob3ciOiI3YWVjOTkwIn0%3D\" href='https:\/\/mammiko.pl\/wp-content\/uploads\/2021\/12\/Dominika27.jpg'><img loading=\"lazy\" decoding=\"async\" width=\"640\" height=\"960\" src=\"https:\/\/mammiko.pl\/wp-content\/uploads\/2021\/12\/Dominika27-768x1152.jpg\" class=\"attachment-medium_large size-medium_large\" alt=\"\" srcset=\"https:\/\/mammiko.pl\/wp-content\/uploads\/2021\/12\/Dominika27-768x1152.jpg 768w, https:\/\/mammiko.pl\/wp-content\/uploads\/2021\/12\/Dominika27-200x300.jpg 200w, https:\/\/mammiko.pl\/wp-content\/uploads\/2021\/12\/Dominika27-683x1024.jpg 683w, https:\/\/mammiko.pl\/wp-content\/uploads\/2021\/12\/Dominika27-1024x1536.jpg 1024w, https:\/\/mammiko.pl\/wp-content\/uploads\/2021\/12\/Dominika27-8x12.jpg 8w, https:\/\/mammiko.pl\/wp-content\/uploads\/2021\/12\/Dominika27-500x750.jpg 500w, https:\/\/mammiko.pl\/wp-content\/uploads\/2021\/12\/Dominika27.jpg 1067w\" sizes=\"(max-width: 640px) 100vw, 640px\" \/><\/a>\n\t\t\t<\/div><\/figure><figure class='gallery-item'>\n\t\t\t<div class='gallery-icon portrait'>\n\t\t\t\t<a data-elementor-open-lightbox=\"yes\" data-elementor-lightbox-slideshow=\"7aec990\" data-elementor-lightbox-title=\"Dominika28\" data-e-action-hash=\"#elementor-action%3Aaction%3Dlightbox%26settings%3DeyJpZCI6MTU5NjEsInVybCI6Imh0dHBzOlwvXC9tYW1taWtvLnBsXC93cC1jb250ZW50XC91cGxvYWRzXC8yMDIxXC8xMlwvRG9taW5pa2EyOC5qcGciLCJzbGlkZXNob3ciOiI3YWVjOTkwIn0%3D\" href='https:\/\/mammiko.pl\/wp-content\/uploads\/2021\/12\/Dominika28.jpg'><img loading=\"lazy\" decoding=\"async\" width=\"640\" height=\"960\" src=\"https:\/\/mammiko.pl\/wp-content\/uploads\/2021\/12\/Dominika28-768x1152.jpg\" class=\"attachment-medium_large size-medium_large\" alt=\"\" srcset=\"https:\/\/mammiko.pl\/wp-content\/uploads\/2021\/12\/Dominika28-768x1152.jpg 768w, https:\/\/mammiko.pl\/wp-content\/uploads\/2021\/12\/Dominika28-200x300.jpg 200w, https:\/\/mammiko.pl\/wp-content\/uploads\/2021\/12\/Dominika28-683x1024.jpg 683w, https:\/\/mammiko.pl\/wp-content\/uploads\/2021\/12\/Dominika28-1024x1536.jpg 1024w, https:\/\/mammiko.pl\/wp-content\/uploads\/2021\/12\/Dominika28-8x12.jpg 8w, https:\/\/mammiko.pl\/wp-content\/uploads\/2021\/12\/Dominika28-500x750.jpg 500w, https:\/\/mammiko.pl\/wp-content\/uploads\/2021\/12\/Dominika28.jpg 1067w\" sizes=\"(max-width: 640px) 100vw, 640px\" \/><\/a>\n\t\t\t<\/div><\/figure><figure class='gallery-item'>\n\t\t\t<div class='gallery-icon portrait'>\n\t\t\t\t<a data-elementor-open-lightbox=\"yes\" data-elementor-lightbox-slideshow=\"7aec990\" data-elementor-lightbox-title=\"Dominika36\" data-e-action-hash=\"#elementor-action%3Aaction%3Dlightbox%26settings%3DeyJpZCI6MTU5NjIsInVybCI6Imh0dHBzOlwvXC9tYW1taWtvLnBsXC93cC1jb250ZW50XC91cGxvYWRzXC8yMDIxXC8xMlwvRG9taW5pa2EzNi5qcGciLCJzbGlkZXNob3ciOiI3YWVjOTkwIn0%3D\" href='https:\/\/mammiko.pl\/wp-content\/uploads\/2021\/12\/Dominika36.jpg'><img loading=\"lazy\" decoding=\"async\" width=\"640\" height=\"960\" src=\"https:\/\/mammiko.pl\/wp-content\/uploads\/2021\/12\/Dominika36-768x1152.jpg\" class=\"attachment-medium_large size-medium_large\" alt=\"\" srcset=\"https:\/\/mammiko.pl\/wp-content\/uploads\/2021\/12\/Dominika36-768x1152.jpg 768w, https:\/\/mammiko.pl\/wp-content\/uploads\/2021\/12\/Dominika36-200x300.jpg 200w, https:\/\/mammiko.pl\/wp-content\/uploads\/2021\/12\/Dominika36-683x1024.jpg 683w, https:\/\/mammiko.pl\/wp-content\/uploads\/2021\/12\/Dominika36-1024x1536.jpg 1024w, https:\/\/mammiko.pl\/wp-content\/uploads\/2021\/12\/Dominika36-8x12.jpg 8w, https:\/\/mammiko.pl\/wp-content\/uploads\/2021\/12\/Dominika36-500x750.jpg 500w, https:\/\/mammiko.pl\/wp-content\/uploads\/2021\/12\/Dominika36.jpg 1067w\" sizes=\"(max-width: 640px) 100vw, 640px\" \/><\/a>\n\t\t\t<\/div><\/figure><figure class='gallery-item'>\n\t\t\t<div class='gallery-icon portrait'>\n\t\t\t\t<a data-elementor-open-lightbox=\"yes\" data-elementor-lightbox-slideshow=\"7aec990\" data-elementor-lightbox-title=\"Dominika40\" data-e-action-hash=\"#elementor-action%3Aaction%3Dlightbox%26settings%3DeyJpZCI6MTU5NjMsInVybCI6Imh0dHBzOlwvXC9tYW1taWtvLnBsXC93cC1jb250ZW50XC91cGxvYWRzXC8yMDIxXC8xMlwvRG9taW5pa2E0MC5qcGciLCJzbGlkZXNob3ciOiI3YWVjOTkwIn0%3D\" href='https:\/\/mammiko.pl\/wp-content\/uploads\/2021\/12\/Dominika40.jpg'><img loading=\"lazy\" decoding=\"async\" width=\"640\" height=\"960\" src=\"https:\/\/mammiko.pl\/wp-content\/uploads\/2021\/12\/Dominika40-768x1152.jpg\" class=\"attachment-medium_large size-medium_large\" alt=\"\" srcset=\"https:\/\/mammiko.pl\/wp-content\/uploads\/2021\/12\/Dominika40-768x1152.jpg 768w, https:\/\/mammiko.pl\/wp-content\/uploads\/2021\/12\/Dominika40-200x300.jpg 200w, https:\/\/mammiko.pl\/wp-content\/uploads\/2021\/12\/Dominika40-683x1024.jpg 683w, https:\/\/mammiko.pl\/wp-content\/uploads\/2021\/12\/Dominika40-1024x1536.jpg 1024w, https:\/\/mammiko.pl\/wp-content\/uploads\/2021\/12\/Dominika40-8x12.jpg 8w, https:\/\/mammiko.pl\/wp-content\/uploads\/2021\/12\/Dominika40-500x750.jpg 500w, https:\/\/mammiko.pl\/wp-content\/uploads\/2021\/12\/Dominika40.jpg 1067w\" sizes=\"(max-width: 640px) 100vw, 640px\" \/><\/a>\n\t\t\t<\/div><\/figure><figure class='gallery-item'>\n\t\t\t<div class='gallery-icon portrait'>\n\t\t\t\t<a data-elementor-open-lightbox=\"yes\" data-elementor-lightbox-slideshow=\"7aec990\" data-elementor-lightbox-title=\"Dominika43\" data-e-action-hash=\"#elementor-action%3Aaction%3Dlightbox%26settings%3DeyJpZCI6MTU5NjQsInVybCI6Imh0dHBzOlwvXC9tYW1taWtvLnBsXC93cC1jb250ZW50XC91cGxvYWRzXC8yMDIxXC8xMlwvRG9taW5pa2E0My5qcGciLCJzbGlkZXNob3ciOiI3YWVjOTkwIn0%3D\" href='https:\/\/mammiko.pl\/wp-content\/uploads\/2021\/12\/Dominika43.jpg'><img loading=\"lazy\" decoding=\"async\" width=\"640\" height=\"960\" src=\"https:\/\/mammiko.pl\/wp-content\/uploads\/2021\/12\/Dominika43-768x1152.jpg\" class=\"attachment-medium_large size-medium_large\" alt=\"\" srcset=\"https:\/\/mammiko.pl\/wp-content\/uploads\/2021\/12\/Dominika43-768x1152.jpg 768w, https:\/\/mammiko.pl\/wp-content\/uploads\/2021\/12\/Dominika43-200x300.jpg 200w, https:\/\/mammiko.pl\/wp-content\/uploads\/2021\/12\/Dominika43-683x1024.jpg 683w, https:\/\/mammiko.pl\/wp-content\/uploads\/2021\/12\/Dominika43-1024x1536.jpg 1024w, https:\/\/mammiko.pl\/wp-content\/uploads\/2021\/12\/Dominika43-8x12.jpg 8w, https:\/\/mammiko.pl\/wp-content\/uploads\/2021\/12\/Dominika43-500x750.jpg 500w, https:\/\/mammiko.pl\/wp-content\/uploads\/2021\/12\/Dominika43.jpg 1067w\" sizes=\"(max-width: 640px) 100vw, 640px\" \/><\/a>\n\t\t\t<\/div><\/figure><figure class='gallery-item'>\n\t\t\t<div class='gallery-icon portrait'>\n\t\t\t\t<a data-elementor-open-lightbox=\"yes\" data-elementor-lightbox-slideshow=\"7aec990\" data-elementor-lightbox-title=\"Dominika44\" data-e-action-hash=\"#elementor-action%3Aaction%3Dlightbox%26settings%3DeyJpZCI6MTU5NjUsInVybCI6Imh0dHBzOlwvXC9tYW1taWtvLnBsXC93cC1jb250ZW50XC91cGxvYWRzXC8yMDIxXC8xMlwvRG9taW5pa2E0NC5qcGciLCJzbGlkZXNob3ciOiI3YWVjOTkwIn0%3D\" href='https:\/\/mammiko.pl\/wp-content\/uploads\/2021\/12\/Dominika44.jpg'><img loading=\"lazy\" decoding=\"async\" width=\"640\" height=\"960\" src=\"https:\/\/mammiko.pl\/wp-content\/uploads\/2021\/12\/Dominika44-768x1152.jpg\" class=\"attachment-medium_large size-medium_large\" alt=\"\" srcset=\"https:\/\/mammiko.pl\/wp-content\/uploads\/2021\/12\/Dominika44-768x1152.jpg 768w, https:\/\/mammiko.pl\/wp-content\/uploads\/2021\/12\/Dominika44-200x300.jpg 200w, https:\/\/mammiko.pl\/wp-content\/uploads\/2021\/12\/Dominika44-683x1024.jpg 683w, https:\/\/mammiko.pl\/wp-content\/uploads\/2021\/12\/Dominika44-1024x1536.jpg 1024w, https:\/\/mammiko.pl\/wp-content\/uploads\/2021\/12\/Dominika44-8x12.jpg 8w, https:\/\/mammiko.pl\/wp-content\/uploads\/2021\/12\/Dominika44-500x750.jpg 500w, https:\/\/mammiko.pl\/wp-content\/uploads\/2021\/12\/Dominika44.jpg 1067w\" sizes=\"(max-width: 640px) 100vw, 640px\" \/><\/a>\n\t\t\t<\/div><\/figure><figure class='gallery-item'>\n\t\t\t<div class='gallery-icon portrait'>\n\t\t\t\t<a data-elementor-open-lightbox=\"yes\" data-elementor-lightbox-slideshow=\"7aec990\" data-elementor-lightbox-title=\"Dominika46\" data-e-action-hash=\"#elementor-action%3Aaction%3Dlightbox%26settings%3DeyJpZCI6MTU5NjYsInVybCI6Imh0dHBzOlwvXC9tYW1taWtvLnBsXC93cC1jb250ZW50XC91cGxvYWRzXC8yMDIxXC8xMlwvRG9taW5pa2E0Ni5qcGciLCJzbGlkZXNob3ciOiI3YWVjOTkwIn0%3D\" href='https:\/\/mammiko.pl\/wp-content\/uploads\/2021\/12\/Dominika46.jpg'><img loading=\"lazy\" decoding=\"async\" width=\"640\" height=\"960\" src=\"https:\/\/mammiko.pl\/wp-content\/uploads\/2021\/12\/Dominika46-768x1152.jpg\" class=\"attachment-medium_large size-medium_large\" alt=\"\" srcset=\"https:\/\/mammiko.pl\/wp-content\/uploads\/2021\/12\/Dominika46-768x1152.jpg 768w, https:\/\/mammiko.pl\/wp-content\/uploads\/2021\/12\/Dominika46-200x300.jpg 200w, https:\/\/mammiko.pl\/wp-content\/uploads\/2021\/12\/Dominika46-683x1024.jpg 683w, https:\/\/mammiko.pl\/wp-content\/uploads\/2021\/12\/Dominika46-1024x1536.jpg 1024w, https:\/\/mammiko.pl\/wp-content\/uploads\/2021\/12\/Dominika46-8x12.jpg 8w, https:\/\/mammiko.pl\/wp-content\/uploads\/2021\/12\/Dominika46-500x750.jpg 500w, https:\/\/mammiko.pl\/wp-content\/uploads\/2021\/12\/Dominika46.jpg 1067w\" sizes=\"(max-width: 640px) 100vw, 640px\" \/><\/a>\n\t\t\t<\/div><\/figure>\n\t\t<\/div>\n\t\t<\/div>\n\t\t\t\t\t\t<\/div>\n\t\t\t\t<\/div>\n\t\t\t\t\t<\/div>\n\t\t<\/div>\n\t\t\t\t      \r\n            \r\n              \r\n            \r\n            \t\r\n\t\t\t<\/div>\r\n\t\t<\/section>\r\n\t\t\t\t<\/div>","protected":false},"excerpt":{"rendered":"<p>Kimono na czas ci\u0105\u017cy, sprawd\u017a czym Ci\u0119 zaskoczy Przemy\u015blane\u00a0 zaszewki pozwalaj\u0105 na komfort, zapewniaj\u0105c przestrze\u0144 dla rosn\u0105cego brzuszka. Lu\u017any fason doskonale dopasowuje si\u0119 do zmieniaj\u0105cego si\u0119 cia\u0142a kobiety w ci\u0105\u017cy &#8211; szlafrok na pewno b\u0119dzie pasowa\u0142 nawet w okolicy terminu porodu, b\u0119dzie idealny do torby do szpitala, lekki, wygodny i pozwalaj\u0105cy wci\u0105\u017c czu\u0107 si\u0119 kobieco. [&hellip;]<\/p>","protected":false},"author":1,"featured_media":0,"parent":0,"menu_order":0,"comment_status":"closed","ping_status":"closed","template":"","meta":{"footnotes":""},"class_list":["post-15949","page","type-page","status-publish","hentry"],"_links":{"self":[{"href":"https:\/\/mammiko.pl\/de\/wp-json\/wp\/v2\/pages\/15949","targetHints":{"allow":["GET"]}}],"collection":[{"href":"https:\/\/mammiko.pl\/de\/wp-json\/wp\/v2\/pages"}],"about":[{"href":"https:\/\/mammiko.pl\/de\/wp-json\/wp\/v2\/types\/page"}],"author":[{"embeddable":true,"href":"https:\/\/mammiko.pl\/de\/wp-json\/wp\/v2\/users\/1"}],"replies":[{"embeddable":true,"href":"https:\/\/mammiko.pl\/de\/wp-json\/wp\/v2\/comments?post=15949"}],"version-history":[{"count":28,"href":"https:\/\/mammiko.pl\/de\/wp-json\/wp\/v2\/pages\/15949\/revisions"}],"predecessor-version":[{"id":16346,"href":"https:\/\/mammiko.pl\/de\/wp-json\/wp\/v2\/pages\/15949\/revisions\/16346"}],"wp:attachment":[{"href":"https:\/\/mammiko.pl\/de\/wp-json\/wp\/v2\/media?parent=15949"}],"curies":[{"name":"wp","href":"https:\/\/api.w.org\/{rel}","templated":true}]}}