{"id":15618,"date":"2023-10-10T20:03:06","date_gmt":"2023-10-10T18:03:06","guid":{"rendered":"https:\/\/mammiko.pl\/?page_id=15618"},"modified":"2023-11-17T17:44:30","modified_gmt":"2023-11-17T16:44:30","slug":"black-chic","status":"publish","type":"page","link":"https:\/\/mammiko.pl\/de\/black-chic\/","title":{"rendered":"Black Chic"},"content":{"rendered":"<div data-elementor-type=\"wp-page\" data-elementor-id=\"15618\" class=\"elementor elementor-15618\">\n\t\t\t\t\t\t<section class=\"elementor-section elementor-top-section elementor-element elementor-element-067edb4 elementor-section-content-middle elementor-section-boxed elementor-section-height-default elementor-section-height-default\" data-id=\"067edb4\" data-element_type=\"section\">\r\n\t\t\t\t\t\t<div class=\"elementor-container elementor-column-gap-wider jws_section_\" >\r\n\t\t\t\t<div class=\"elementor-column elementor-col-100 elementor-top-column elementor-element elementor-element-896d1d3\" data-id=\"896d1d3\" data-element_type=\"column\">\n\t\t\t<div class=\"elementor-widget-wrap elementor-element-populated\">\n\t\t\t\t\t\t<div class=\"elementor-element elementor-element-348ac77 elementor-widget elementor-widget-heading\" data-id=\"348ac77\" data-element_type=\"widget\" data-widget_type=\"heading.default\">\n\t\t\t\t<div class=\"elementor-widget-container\">\n\t\t\t\t\t<h1 class=\"elementor-heading-title elementor-size-default\">Black Chic<\/h1>\t\t\t\t<\/div>\n\t\t\t\t<\/div>\n\t\t\t\t<div class=\"elementor-element elementor-element-95d9ee5 elementor-widget__width-initial elementor-widget elementor-widget-text-editor\" data-id=\"95d9ee5\" data-element_type=\"widget\" data-widget_type=\"text-editor.default\">\n\t\t\t\t<div class=\"elementor-widget-container\">\n\t\t\t\t\t\t\t\t\t<p>Das Kleid Black Chick ist ein wahres Juwel in meiner Kollektion, das Eleganz und Charme ausstrahlt. Die schwarze Farbe des Kleides symbolisiert Klassik und zeitlosen Stil, der sowohl zu formellen als auch zu l\u00e4ssigen Anl\u00e4ssen passt. Das florale Muster verleiht ihm Leichtigkeit, Weiblichkeit und einen Hauch von Romantik, was bedeutet, dass du es \u00fcberall tragen kannst.\u2028<\/p>\n<p>F\u00fcr mich ist Black Chick ein einzigartiges Kleid, das Frauen erm\u00f6glicht, sich sowohl elegant als auch komfortabel zu f\u00fchlen. Es ist nicht nur zum Stillen da, sondern auch ein Ausdruck meines Wunsches, dass M\u00fctter das Muttersein in vollen Z\u00fcgen genie\u00dfen k\u00f6nnen, ohne ihren eigenen Stil aufzugeben. Dieses Kleid ist eine Kombination aus Funktionalit\u00e4t und Sch\u00f6nheit, die jeder Mutter Selbstbewusstsein verleiht und das Gef\u00fchl gibt, dass sie sowohl eine gro\u00dfartige Mutter als auch eine elegante Frau sein kann. Black Chick ist ein Kleid, das die Weiblichkeit unterstreicht!\u2028<\/p>\t\t\t\t\t\t\t\t<\/div>\n\t\t\t\t<\/div>\n\t\t\t\t<div class=\"elementor-element elementor-element-f56da11 elementor-align-center elementor-widget elementor-widget-bloompixel-gradient-button\" data-id=\"f56da11\" data-element_type=\"widget\" data-widget_type=\"bloompixel-gradient-button.default\">\n\t\t\t\t<div class=\"elementor-widget-container\">\n\t\t\t\t\t\t\t<div class=\"elementor-button-wrapper button-defautl\">\r\n\t\t\t<a href=\"https:\/\/mammiko.pl\/de\/produkt\/black-chic\/\" class=\"elementor-button-link elementor-button btn-main classic elementor-size-sm\" role=\"button\">\r\n\t\t\t\t\t\t<span class=\"elementor-button-content-wrapper\">\r\n\t\t\t\t\t\t<span class=\"elementor-button-icon elementor-align-icon-right\">\r\n\t\t\t\t<i aria-hidden=\"true\" class=\"jws-icon-arrow-up-right-thin-1\"><\/i>  \r\n\t\t\t<\/span>\r\n\t\t\t\t\t\t<span class=\"elementor-button-text\">Deine Rita Black Chick wartet auf dich<\/span>\r\n\t\t<\/span>\r\n\t\t\t\t\t<\/a>\r\n\t\t<\/div>\r\n\t\t\t\t\t\t<\/div>\n\t\t\t\t<\/div>\n\t\t\t\t\t<\/div>\n\t\t<\/div>\n\t\t\t\t      \r\n            \r\n              \r\n            \r\n            \t\r\n\t\t\t<\/div>\r\n\t\t<\/section>\r\n\t\t\t\t<section class=\"elementor-section elementor-top-section elementor-element elementor-element-f403754 elementor-section-boxed elementor-section-height-default elementor-section-height-default\" data-id=\"f403754\" data-element_type=\"section\">\r\n\t\t\t\t\t\t<div class=\"elementor-container elementor-column-gap-default jws_section_\" >\r\n\t\t\t\t<div class=\"elementor-column elementor-col-100 elementor-top-column elementor-element elementor-element-9c01dd5\" data-id=\"9c01dd5\" data-element_type=\"column\">\n\t\t\t<div class=\"elementor-widget-wrap elementor-element-populated\">\n\t\t\t\t\t\t<div class=\"elementor-element elementor-element-e9eca90 gallery-spacing-custom elementor-widget elementor-widget-image-gallery\" data-id=\"e9eca90\" data-element_type=\"widget\" data-widget_type=\"image-gallery.default\">\n\t\t\t\t<div class=\"elementor-widget-container\">\n\t\t\t\t\t\t\t<div class=\"elementor-image-gallery\">\n\t\t\t<div id='gallery-1' class='gallery galleryid-15618 gallery-columns-3 gallery-size-medium_large'><figure class='gallery-item'>\n\t\t\t<div class='gallery-icon portrait'>\n\t\t\t\t<a data-elementor-open-lightbox=\"yes\" data-elementor-lightbox-slideshow=\"e9eca90\" data-elementor-lightbox-title=\"Mammiko21\" data-e-action-hash=\"#elementor-action%3Aaction%3Dlightbox%26settings%3DeyJpZCI6MTQ1ODAsInVybCI6Imh0dHBzOlwvXC9tYW1taWtvLnBsXC93cC1jb250ZW50XC91cGxvYWRzXC8yMDIyXC8wNlwvTWFtbWlrbzIxLmpwZyIsInNsaWRlc2hvdyI6ImU5ZWNhOTAifQ%3D%3D\" href='https:\/\/mammiko.pl\/wp-content\/uploads\/2022\/06\/Mammiko21.jpg'><img fetchpriority=\"high\" decoding=\"async\" width=\"640\" height=\"960\" src=\"https:\/\/mammiko.pl\/wp-content\/uploads\/2022\/06\/Mammiko21-768x1152.jpg\" class=\"attachment-medium_large size-medium_large\" alt=\"\" srcset=\"https:\/\/mammiko.pl\/wp-content\/uploads\/2022\/06\/Mammiko21-768x1152.jpg 768w, https:\/\/mammiko.pl\/wp-content\/uploads\/2022\/06\/Mammiko21-500x750.jpg 500w, https:\/\/mammiko.pl\/wp-content\/uploads\/2022\/06\/Mammiko21-1024x1536.jpg 1024w, https:\/\/mammiko.pl\/wp-content\/uploads\/2022\/06\/Mammiko21-200x300.jpg 200w, https:\/\/mammiko.pl\/wp-content\/uploads\/2022\/06\/Mammiko21-683x1024.jpg 683w, https:\/\/mammiko.pl\/wp-content\/uploads\/2022\/06\/Mammiko21.jpg 1267w\" sizes=\"(max-width: 640px) 100vw, 640px\" \/><\/a>\n\t\t\t<\/div><\/figure><figure class='gallery-item'>\n\t\t\t<div class='gallery-icon portrait'>\n\t\t\t\t<a data-elementor-open-lightbox=\"yes\" data-elementor-lightbox-slideshow=\"e9eca90\" data-elementor-lightbox-title=\"Mammiko27\" data-e-action-hash=\"#elementor-action%3Aaction%3Dlightbox%26settings%3DeyJpZCI6MTQ1MDMsInVybCI6Imh0dHBzOlwvXC9tYW1taWtvLnBsXC93cC1jb250ZW50XC91cGxvYWRzXC8yMDIzXC8wOVwvTWFtbWlrbzI3LmpwZyIsInNsaWRlc2hvdyI6ImU5ZWNhOTAifQ%3D%3D\" href='https:\/\/mammiko.pl\/wp-content\/uploads\/2023\/09\/Mammiko27.jpg'><img decoding=\"async\" width=\"640\" height=\"960\" src=\"https:\/\/mammiko.pl\/wp-content\/uploads\/2023\/09\/Mammiko27-768x1152.jpg\" class=\"attachment-medium_large size-medium_large\" alt=\"\" srcset=\"https:\/\/mammiko.pl\/wp-content\/uploads\/2023\/09\/Mammiko27-768x1152.jpg 768w, https:\/\/mammiko.pl\/wp-content\/uploads\/2023\/09\/Mammiko27-500x750.jpg 500w, https:\/\/mammiko.pl\/wp-content\/uploads\/2023\/09\/Mammiko27-1024x1536.jpg 1024w, https:\/\/mammiko.pl\/wp-content\/uploads\/2023\/09\/Mammiko27-200x300.jpg 200w, https:\/\/mammiko.pl\/wp-content\/uploads\/2023\/09\/Mammiko27-683x1024.jpg 683w, https:\/\/mammiko.pl\/wp-content\/uploads\/2023\/09\/Mammiko27.jpg 1267w\" sizes=\"(max-width: 640px) 100vw, 640px\" \/><\/a>\n\t\t\t<\/div><\/figure><figure class='gallery-item'>\n\t\t\t<div class='gallery-icon portrait'>\n\t\t\t\t<a data-elementor-open-lightbox=\"yes\" data-elementor-lightbox-slideshow=\"e9eca90\" data-elementor-lightbox-title=\"Mammiko24\" data-e-action-hash=\"#elementor-action%3Aaction%3Dlightbox%26settings%3DeyJpZCI6MTQ1ODEsInVybCI6Imh0dHBzOlwvXC9tYW1taWtvLnBsXC93cC1jb250ZW50XC91cGxvYWRzXC8yMDIyXC8wNlwvTWFtbWlrbzI0LmpwZyIsInNsaWRlc2hvdyI6ImU5ZWNhOTAifQ%3D%3D\" href='https:\/\/mammiko.pl\/wp-content\/uploads\/2022\/06\/Mammiko24.jpg'><img decoding=\"async\" width=\"640\" height=\"960\" src=\"https:\/\/mammiko.pl\/wp-content\/uploads\/2022\/06\/Mammiko24-768x1152.jpg\" class=\"attachment-medium_large size-medium_large\" alt=\"\" srcset=\"https:\/\/mammiko.pl\/wp-content\/uploads\/2022\/06\/Mammiko24-768x1152.jpg 768w, https:\/\/mammiko.pl\/wp-content\/uploads\/2022\/06\/Mammiko24-500x750.jpg 500w, https:\/\/mammiko.pl\/wp-content\/uploads\/2022\/06\/Mammiko24-1024x1536.jpg 1024w, https:\/\/mammiko.pl\/wp-content\/uploads\/2022\/06\/Mammiko24-200x300.jpg 200w, https:\/\/mammiko.pl\/wp-content\/uploads\/2022\/06\/Mammiko24-683x1024.jpg 683w, https:\/\/mammiko.pl\/wp-content\/uploads\/2022\/06\/Mammiko24.jpg 1267w\" sizes=\"(max-width: 640px) 100vw, 640px\" \/><\/a>\n\t\t\t<\/div><\/figure><figure class='gallery-item'>\n\t\t\t<div class='gallery-icon portrait'>\n\t\t\t\t<a data-elementor-open-lightbox=\"yes\" data-elementor-lightbox-slideshow=\"e9eca90\" data-elementor-lightbox-title=\"Mammiko25\" data-e-action-hash=\"#elementor-action%3Aaction%3Dlightbox%26settings%3DeyJpZCI6MTQ1ODIsInVybCI6Imh0dHBzOlwvXC9tYW1taWtvLnBsXC93cC1jb250ZW50XC91cGxvYWRzXC8yMDIyXC8wNlwvTWFtbWlrbzI1LmpwZyIsInNsaWRlc2hvdyI6ImU5ZWNhOTAifQ%3D%3D\" href='https:\/\/mammiko.pl\/wp-content\/uploads\/2022\/06\/Mammiko25.jpg'><img loading=\"lazy\" decoding=\"async\" width=\"640\" height=\"960\" src=\"https:\/\/mammiko.pl\/wp-content\/uploads\/2022\/06\/Mammiko25-768x1152.jpg\" class=\"attachment-medium_large size-medium_large\" alt=\"\" srcset=\"https:\/\/mammiko.pl\/wp-content\/uploads\/2022\/06\/Mammiko25-768x1152.jpg 768w, https:\/\/mammiko.pl\/wp-content\/uploads\/2022\/06\/Mammiko25-500x750.jpg 500w, https:\/\/mammiko.pl\/wp-content\/uploads\/2022\/06\/Mammiko25-1024x1536.jpg 1024w, https:\/\/mammiko.pl\/wp-content\/uploads\/2022\/06\/Mammiko25-200x300.jpg 200w, https:\/\/mammiko.pl\/wp-content\/uploads\/2022\/06\/Mammiko25-683x1024.jpg 683w, https:\/\/mammiko.pl\/wp-content\/uploads\/2022\/06\/Mammiko25.jpg 1267w\" sizes=\"(max-width: 640px) 100vw, 640px\" \/><\/a>\n\t\t\t<\/div><\/figure><figure class='gallery-item'>\n\t\t\t<div class='gallery-icon portrait'>\n\t\t\t\t<a data-elementor-open-lightbox=\"yes\" data-elementor-lightbox-slideshow=\"e9eca90\" data-elementor-lightbox-title=\"Mammiko38\" data-e-action-hash=\"#elementor-action%3Aaction%3Dlightbox%26settings%3DeyJpZCI6MTQ1ODQsInVybCI6Imh0dHBzOlwvXC9tYW1taWtvLnBsXC93cC1jb250ZW50XC91cGxvYWRzXC8yMDIyXC8wNlwvTWFtbWlrbzM4LmpwZyIsInNsaWRlc2hvdyI6ImU5ZWNhOTAifQ%3D%3D\" href='https:\/\/mammiko.pl\/wp-content\/uploads\/2022\/06\/Mammiko38.jpg'><img loading=\"lazy\" decoding=\"async\" width=\"640\" height=\"960\" src=\"https:\/\/mammiko.pl\/wp-content\/uploads\/2022\/06\/Mammiko38-768x1152.jpg\" class=\"attachment-medium_large size-medium_large\" alt=\"\" srcset=\"https:\/\/mammiko.pl\/wp-content\/uploads\/2022\/06\/Mammiko38-768x1152.jpg 768w, https:\/\/mammiko.pl\/wp-content\/uploads\/2022\/06\/Mammiko38-500x750.jpg 500w, https:\/\/mammiko.pl\/wp-content\/uploads\/2022\/06\/Mammiko38-1024x1536.jpg 1024w, https:\/\/mammiko.pl\/wp-content\/uploads\/2022\/06\/Mammiko38-200x300.jpg 200w, https:\/\/mammiko.pl\/wp-content\/uploads\/2022\/06\/Mammiko38-683x1024.jpg 683w, https:\/\/mammiko.pl\/wp-content\/uploads\/2022\/06\/Mammiko38.jpg 1267w\" sizes=\"(max-width: 640px) 100vw, 640px\" \/><\/a>\n\t\t\t<\/div><\/figure><figure class='gallery-item'>\n\t\t\t<div class='gallery-icon portrait'>\n\t\t\t\t<a data-elementor-open-lightbox=\"yes\" data-elementor-lightbox-slideshow=\"e9eca90\" data-elementor-lightbox-title=\"Mammiko102\" data-e-action-hash=\"#elementor-action%3Aaction%3Dlightbox%26settings%3DeyJpZCI6MTQ1ODcsInVybCI6Imh0dHBzOlwvXC9tYW1taWtvLnBsXC93cC1jb250ZW50XC91cGxvYWRzXC8yMDIyXC8wNlwvTWFtbWlrbzEwMi5qcGciLCJzbGlkZXNob3ciOiJlOWVjYTkwIn0%3D\" href='https:\/\/mammiko.pl\/wp-content\/uploads\/2022\/06\/Mammiko102.jpg'><img loading=\"lazy\" decoding=\"async\" width=\"640\" height=\"960\" src=\"https:\/\/mammiko.pl\/wp-content\/uploads\/2022\/06\/Mammiko102-768x1152.jpg\" class=\"attachment-medium_large size-medium_large\" alt=\"\" srcset=\"https:\/\/mammiko.pl\/wp-content\/uploads\/2022\/06\/Mammiko102-768x1152.jpg 768w, https:\/\/mammiko.pl\/wp-content\/uploads\/2022\/06\/Mammiko102-500x750.jpg 500w, https:\/\/mammiko.pl\/wp-content\/uploads\/2022\/06\/Mammiko102-1024x1536.jpg 1024w, https:\/\/mammiko.pl\/wp-content\/uploads\/2022\/06\/Mammiko102-200x300.jpg 200w, https:\/\/mammiko.pl\/wp-content\/uploads\/2022\/06\/Mammiko102-683x1024.jpg 683w, https:\/\/mammiko.pl\/wp-content\/uploads\/2022\/06\/Mammiko102.jpg 1267w\" sizes=\"(max-width: 640px) 100vw, 640px\" \/><\/a>\n\t\t\t<\/div><\/figure><figure class='gallery-item'>\n\t\t\t<div class='gallery-icon portrait'>\n\t\t\t\t<a data-elementor-open-lightbox=\"yes\" data-elementor-lightbox-slideshow=\"e9eca90\" data-elementor-lightbox-title=\"Mammiko33\" data-e-action-hash=\"#elementor-action%3Aaction%3Dlightbox%26settings%3DeyJpZCI6MTQ1MDQsInVybCI6Imh0dHBzOlwvXC9tYW1taWtvLnBsXC93cC1jb250ZW50XC91cGxvYWRzXC8yMDIzXC8wOVwvTWFtbWlrbzMzLmpwZyIsInNsaWRlc2hvdyI6ImU5ZWNhOTAifQ%3D%3D\" href='https:\/\/mammiko.pl\/wp-content\/uploads\/2023\/09\/Mammiko33.jpg'><img loading=\"lazy\" decoding=\"async\" width=\"640\" height=\"960\" src=\"https:\/\/mammiko.pl\/wp-content\/uploads\/2023\/09\/Mammiko33-768x1152.jpg\" class=\"attachment-medium_large size-medium_large\" alt=\"\" srcset=\"https:\/\/mammiko.pl\/wp-content\/uploads\/2023\/09\/Mammiko33-768x1152.jpg 768w, https:\/\/mammiko.pl\/wp-content\/uploads\/2023\/09\/Mammiko33-500x750.jpg 500w, https:\/\/mammiko.pl\/wp-content\/uploads\/2023\/09\/Mammiko33-1024x1536.jpg 1024w, https:\/\/mammiko.pl\/wp-content\/uploads\/2023\/09\/Mammiko33-200x300.jpg 200w, https:\/\/mammiko.pl\/wp-content\/uploads\/2023\/09\/Mammiko33-683x1024.jpg 683w, https:\/\/mammiko.pl\/wp-content\/uploads\/2023\/09\/Mammiko33.jpg 1267w\" sizes=\"(max-width: 640px) 100vw, 640px\" \/><\/a>\n\t\t\t<\/div><\/figure><figure class='gallery-item'>\n\t\t\t<div class='gallery-icon portrait'>\n\t\t\t\t<a data-elementor-open-lightbox=\"yes\" data-elementor-lightbox-slideshow=\"e9eca90\" data-elementor-lightbox-title=\"Mammiko101\" data-e-action-hash=\"#elementor-action%3Aaction%3Dlightbox%26settings%3DeyJpZCI6MTQ1ODYsInVybCI6Imh0dHBzOlwvXC9tYW1taWtvLnBsXC93cC1jb250ZW50XC91cGxvYWRzXC8yMDIyXC8wNlwvTWFtbWlrbzEwMS5qcGciLCJzbGlkZXNob3ciOiJlOWVjYTkwIn0%3D\" href='https:\/\/mammiko.pl\/wp-content\/uploads\/2022\/06\/Mammiko101.jpg'><img loading=\"lazy\" decoding=\"async\" width=\"640\" height=\"960\" src=\"https:\/\/mammiko.pl\/wp-content\/uploads\/2022\/06\/Mammiko101-768x1152.jpg\" class=\"attachment-medium_large size-medium_large\" alt=\"\" srcset=\"https:\/\/mammiko.pl\/wp-content\/uploads\/2022\/06\/Mammiko101-768x1152.jpg 768w, https:\/\/mammiko.pl\/wp-content\/uploads\/2022\/06\/Mammiko101-500x750.jpg 500w, https:\/\/mammiko.pl\/wp-content\/uploads\/2022\/06\/Mammiko101-1024x1536.jpg 1024w, https:\/\/mammiko.pl\/wp-content\/uploads\/2022\/06\/Mammiko101-200x300.jpg 200w, https:\/\/mammiko.pl\/wp-content\/uploads\/2022\/06\/Mammiko101-683x1024.jpg 683w, https:\/\/mammiko.pl\/wp-content\/uploads\/2022\/06\/Mammiko101.jpg 1267w\" sizes=\"(max-width: 640px) 100vw, 640px\" \/><\/a>\n\t\t\t<\/div><\/figure><figure class='gallery-item'>\n\t\t\t<div class='gallery-icon portrait'>\n\t\t\t\t<a data-elementor-open-lightbox=\"yes\" data-elementor-lightbox-slideshow=\"e9eca90\" data-elementor-lightbox-title=\"Mammiko40\" data-e-action-hash=\"#elementor-action%3Aaction%3Dlightbox%26settings%3DeyJpZCI6MTQ1ODUsInVybCI6Imh0dHBzOlwvXC9tYW1taWtvLnBsXC93cC1jb250ZW50XC91cGxvYWRzXC8yMDIyXC8wNlwvTWFtbWlrbzQwLmpwZyIsInNsaWRlc2hvdyI6ImU5ZWNhOTAifQ%3D%3D\" href='https:\/\/mammiko.pl\/wp-content\/uploads\/2022\/06\/Mammiko40.jpg'><img loading=\"lazy\" decoding=\"async\" width=\"640\" height=\"960\" src=\"https:\/\/mammiko.pl\/wp-content\/uploads\/2022\/06\/Mammiko40-768x1152.jpg\" class=\"attachment-medium_large size-medium_large\" alt=\"\" srcset=\"https:\/\/mammiko.pl\/wp-content\/uploads\/2022\/06\/Mammiko40-768x1152.jpg 768w, https:\/\/mammiko.pl\/wp-content\/uploads\/2022\/06\/Mammiko40-500x750.jpg 500w, https:\/\/mammiko.pl\/wp-content\/uploads\/2022\/06\/Mammiko40-1024x1536.jpg 1024w, https:\/\/mammiko.pl\/wp-content\/uploads\/2022\/06\/Mammiko40-200x300.jpg 200w, https:\/\/mammiko.pl\/wp-content\/uploads\/2022\/06\/Mammiko40-683x1024.jpg 683w, https:\/\/mammiko.pl\/wp-content\/uploads\/2022\/06\/Mammiko40.jpg 1267w\" sizes=\"(max-width: 640px) 100vw, 640px\" \/><\/a>\n\t\t\t<\/div><\/figure><figure class='gallery-item'>\n\t\t\t<div class='gallery-icon portrait'>\n\t\t\t\t<a data-elementor-open-lightbox=\"yes\" data-elementor-lightbox-slideshow=\"e9eca90\" data-elementor-lightbox-title=\"Mammiko20\" data-e-action-hash=\"#elementor-action%3Aaction%3Dlightbox%26settings%3DeyJpZCI6MTQ1NzksInVybCI6Imh0dHBzOlwvXC9tYW1taWtvLnBsXC93cC1jb250ZW50XC91cGxvYWRzXC8yMDIzXC8wOVwvTWFtbWlrbzIwLmpwZyIsInNsaWRlc2hvdyI6ImU5ZWNhOTAifQ%3D%3D\" href='https:\/\/mammiko.pl\/wp-content\/uploads\/2023\/09\/Mammiko20.jpg'><img loading=\"lazy\" decoding=\"async\" width=\"640\" height=\"960\" src=\"https:\/\/mammiko.pl\/wp-content\/uploads\/2023\/09\/Mammiko20-768x1152.jpg\" class=\"attachment-medium_large size-medium_large\" alt=\"\" srcset=\"https:\/\/mammiko.pl\/wp-content\/uploads\/2023\/09\/Mammiko20-768x1152.jpg 768w, https:\/\/mammiko.pl\/wp-content\/uploads\/2023\/09\/Mammiko20-500x750.jpg 500w, https:\/\/mammiko.pl\/wp-content\/uploads\/2023\/09\/Mammiko20-1024x1536.jpg 1024w, https:\/\/mammiko.pl\/wp-content\/uploads\/2023\/09\/Mammiko20-200x300.jpg 200w, https:\/\/mammiko.pl\/wp-content\/uploads\/2023\/09\/Mammiko20-683x1024.jpg 683w, https:\/\/mammiko.pl\/wp-content\/uploads\/2023\/09\/Mammiko20.jpg 1267w\" sizes=\"(max-width: 640px) 100vw, 640px\" \/><\/a>\n\t\t\t<\/div><\/figure><figure class='gallery-item'>\n\t\t\t<div class='gallery-icon portrait'>\n\t\t\t\t<a data-elementor-open-lightbox=\"yes\" data-elementor-lightbox-slideshow=\"e9eca90\" data-elementor-lightbox-title=\"Mammiko28\" data-e-action-hash=\"#elementor-action%3Aaction%3Dlightbox%26settings%3DeyJpZCI6MTQ1ODMsInVybCI6Imh0dHBzOlwvXC9tYW1taWtvLnBsXC93cC1jb250ZW50XC91cGxvYWRzXC8yMDIyXC8wNlwvTWFtbWlrbzI4LmpwZyIsInNsaWRlc2hvdyI6ImU5ZWNhOTAifQ%3D%3D\" href='https:\/\/mammiko.pl\/wp-content\/uploads\/2022\/06\/Mammiko28.jpg'><img loading=\"lazy\" decoding=\"async\" width=\"640\" height=\"960\" src=\"https:\/\/mammiko.pl\/wp-content\/uploads\/2022\/06\/Mammiko28-768x1152.jpg\" class=\"attachment-medium_large size-medium_large\" alt=\"\" srcset=\"https:\/\/mammiko.pl\/wp-content\/uploads\/2022\/06\/Mammiko28-768x1152.jpg 768w, https:\/\/mammiko.pl\/wp-content\/uploads\/2022\/06\/Mammiko28-500x750.jpg 500w, https:\/\/mammiko.pl\/wp-content\/uploads\/2022\/06\/Mammiko28-1024x1536.jpg 1024w, https:\/\/mammiko.pl\/wp-content\/uploads\/2022\/06\/Mammiko28-200x300.jpg 200w, https:\/\/mammiko.pl\/wp-content\/uploads\/2022\/06\/Mammiko28-683x1024.jpg 683w, https:\/\/mammiko.pl\/wp-content\/uploads\/2022\/06\/Mammiko28.jpg 1267w\" sizes=\"(max-width: 640px) 100vw, 640px\" \/><\/a>\n\t\t\t<\/div><\/figure><figure class='gallery-item'>\n\t\t\t<div class='gallery-icon portrait'>\n\t\t\t\t<a data-elementor-open-lightbox=\"yes\" data-elementor-lightbox-slideshow=\"e9eca90\" data-elementor-lightbox-title=\"Mammiko14\" data-e-action-hash=\"#elementor-action%3Aaction%3Dlightbox%26settings%3DeyJpZCI6MTQ1NjYsInVybCI6Imh0dHBzOlwvXC9tYW1taWtvLnBsXC93cC1jb250ZW50XC91cGxvYWRzXC8yMDIyXC8wNlwvTWFtbWlrbzE0LmpwZyIsInNsaWRlc2hvdyI6ImU5ZWNhOTAifQ%3D%3D\" href='https:\/\/mammiko.pl\/wp-content\/uploads\/2022\/06\/Mammiko14.jpg'><img loading=\"lazy\" decoding=\"async\" width=\"640\" height=\"960\" src=\"https:\/\/mammiko.pl\/wp-content\/uploads\/2022\/06\/Mammiko14-768x1152.jpg\" class=\"attachment-medium_large size-medium_large\" alt=\"\" srcset=\"https:\/\/mammiko.pl\/wp-content\/uploads\/2022\/06\/Mammiko14-768x1152.jpg 768w, https:\/\/mammiko.pl\/wp-content\/uploads\/2022\/06\/Mammiko14-500x750.jpg 500w, https:\/\/mammiko.pl\/wp-content\/uploads\/2022\/06\/Mammiko14-1024x1536.jpg 1024w, https:\/\/mammiko.pl\/wp-content\/uploads\/2022\/06\/Mammiko14-200x300.jpg 200w, https:\/\/mammiko.pl\/wp-content\/uploads\/2022\/06\/Mammiko14-683x1024.jpg 683w, https:\/\/mammiko.pl\/wp-content\/uploads\/2022\/06\/Mammiko14.jpg 1267w\" sizes=\"(max-width: 640px) 100vw, 640px\" \/><\/a>\n\t\t\t<\/div><\/figure>\n\t\t<\/div>\n\t\t<\/div>\n\t\t\t\t\t\t<\/div>\n\t\t\t\t<\/div>\n\t\t\t\t<div class=\"elementor-element elementor-element-a73eb9a elementor-align-center elementor-widget elementor-widget-bloompixel-gradient-button\" data-id=\"a73eb9a\" data-element_type=\"widget\" data-widget_type=\"bloompixel-gradient-button.default\">\n\t\t\t\t<div class=\"elementor-widget-container\">\n\t\t\t\t\t\t\t<div class=\"elementor-button-wrapper button-defautl\">\r\n\t\t\t<a href=\"https:\/\/mammiko.pl\/de\/produkt\/black-chic\/\" class=\"elementor-button-link elementor-button btn-main classic elementor-size-sm\" role=\"button\">\r\n\t\t\t\t\t\t<span class=\"elementor-button-content-wrapper\">\r\n\t\t\t\t\t\t<span class=\"elementor-button-icon elementor-align-icon-right\">\r\n\t\t\t\t<i aria-hidden=\"true\" class=\"jws-icon-arrow-up-right-thin-1\"><\/i>  \r\n\t\t\t<\/span>\r\n\t\t\t\t\t\t<span class=\"elementor-button-text\">Deine Rita Black Chick wartet auf dich<\/span>\r\n\t\t<\/span>\r\n\t\t\t\t\t<\/a>\r\n\t\t<\/div>\r\n\t\t\t\t\t\t<\/div>\n\t\t\t\t<\/div>\n\t\t\t\t\t<\/div>\n\t\t<\/div>\n\t\t\t\t      \r\n            \r\n              \r\n            \r\n            \t\r\n\t\t\t<\/div>\r\n\t\t<\/section>\r\n\t\t\t\t<\/div>","protected":false},"excerpt":{"rendered":"<p>Black Chic Sukienka &#8222;Black Chick&#8221; to prawdziwa per\u0142a w mojej kolekcji, kt\u00f3ra emanuje elegancj\u0105 i urokiem. Czarny kolor sukienki to symbol klasyki i ponadczasowego stylu, kt\u00f3ry pasuje zar\u00f3wno do formalnych, jak i casualowych okazji. Kwiecisty wz\u00f3r dodaje jej lekko\u015bci, dziewcz\u0119co\u015bci i nutki romantyzmu, co sprawia, \u017ce mo\u017cesz nosi\u0107 j\u0105 na wsz\u0119dzie. Dla mnie &#8222;Black Chick&#8221; [&hellip;]<\/p>","protected":false},"author":1,"featured_media":0,"parent":0,"menu_order":0,"comment_status":"closed","ping_status":"closed","template":"","meta":{"footnotes":""},"class_list":["post-15618","page","type-page","status-publish","hentry"],"_links":{"self":[{"href":"https:\/\/mammiko.pl\/de\/wp-json\/wp\/v2\/pages\/15618","targetHints":{"allow":["GET"]}}],"collection":[{"href":"https:\/\/mammiko.pl\/de\/wp-json\/wp\/v2\/pages"}],"about":[{"href":"https:\/\/mammiko.pl\/de\/wp-json\/wp\/v2\/types\/page"}],"author":[{"embeddable":true,"href":"https:\/\/mammiko.pl\/de\/wp-json\/wp\/v2\/users\/1"}],"replies":[{"embeddable":true,"href":"https:\/\/mammiko.pl\/de\/wp-json\/wp\/v2\/comments?post=15618"}],"version-history":[{"count":23,"href":"https:\/\/mammiko.pl\/de\/wp-json\/wp\/v2\/pages\/15618\/revisions"}],"predecessor-version":[{"id":16274,"href":"https:\/\/mammiko.pl\/de\/wp-json\/wp\/v2\/pages\/15618\/revisions\/16274"}],"wp:attachment":[{"href":"https:\/\/mammiko.pl\/de\/wp-json\/wp\/v2\/media?parent=15618"}],"curies":[{"name":"wp","href":"https:\/\/api.w.org\/{rel}","templated":true}]}}