{"id":15616,"date":"2023-10-10T20:02:57","date_gmt":"2023-10-10T18:02:57","guid":{"rendered":"https:\/\/mammiko.pl\/?page_id=15616"},"modified":"2023-11-23T16:37:13","modified_gmt":"2023-11-23T15:37:13","slug":"retro-sunset","status":"publish","type":"page","link":"https:\/\/mammiko.pl\/de\/retro-sunset\/","title":{"rendered":"Retro Sunset"},"content":{"rendered":"<div data-elementor-type=\"wp-page\" data-elementor-id=\"15616\" class=\"elementor elementor-15616\">\n\t\t\t\t\t\t<section class=\"elementor-section elementor-top-section elementor-element elementor-element-76afe50 elementor-section-content-middle elementor-section-boxed elementor-section-height-default elementor-section-height-default\" data-id=\"76afe50\" data-element_type=\"section\">\r\n\t\t\t\t\t\t<div class=\"elementor-container elementor-column-gap-wider jws_section_\" >\r\n\t\t\t\t<div class=\"elementor-column elementor-col-100 elementor-top-column elementor-element elementor-element-9d24f9a\" data-id=\"9d24f9a\" data-element_type=\"column\">\n\t\t\t<div class=\"elementor-widget-wrap elementor-element-populated\">\n\t\t\t\t\t\t<div class=\"elementor-element elementor-element-9628d4f elementor-widget elementor-widget-heading\" data-id=\"9628d4f\" data-element_type=\"widget\" data-widget_type=\"heading.default\">\n\t\t\t\t<div class=\"elementor-widget-container\">\n\t\t\t\t\t<h1 class=\"elementor-heading-title elementor-size-default\">Retro Sunset<\/h1>\t\t\t\t<\/div>\n\t\t\t\t<\/div>\n\t\t\t\t<div class=\"elementor-element elementor-element-b378fd7 elementor-widget__width-initial elementor-widget elementor-widget-text-editor\" data-id=\"b378fd7\" data-element_type=\"widget\" data-widget_type=\"text-editor.default\">\n\t\t\t\t<div class=\"elementor-widget-container\">\n\t\t\t\t\t\t\t\t\t<p>Retro Sunset ist mein Herz und meine Seele in einem Kleidungsst\u00fcck. Dieses Muster ruft wundervolle Erinnerungen an den Sonnenuntergang im S\u00fcden Europas hervor. Die Mischung aus warmem Violett, Orange und zartem Blau erzeugt einen magischen Effekt, der die nat\u00fcrliche Sch\u00f6nheit jeder Mutter betont. Die geometrischen Muster verleihen dem Kleid Charakter und Stil, was ihm ein einzigartiges Aussehen verleiht. Das Retro Sunset-Kleid ist nicht nur zum Stillen da, sondern auch ein Ausdruck meiner Liebe zur Sch\u00f6nheit und Originalit\u00e4t. F\u00fcr mich repr\u00e4sentiert dieses Kleid auch Emotionen, Erinnerungen und die Freude am Muttersein.\u2028<\/p>\t\t\t\t\t\t\t\t<\/div>\n\t\t\t\t<\/div>\n\t\t\t\t<div class=\"elementor-element elementor-element-92a9d9f elementor-align-center elementor-widget elementor-widget-bloompixel-gradient-button\" data-id=\"92a9d9f\" data-element_type=\"widget\" data-widget_type=\"bloompixel-gradient-button.default\">\n\t\t\t\t<div class=\"elementor-widget-container\">\n\t\t\t\t\t\t\t<div class=\"elementor-button-wrapper button-defautl\">\r\n\t\t\t<a href=\"https:\/\/mammiko.pl\/de\/produkt\/retro-sunset\/\" class=\"elementor-button-link elementor-button btn-main classic elementor-size-sm\" role=\"button\">\r\n\t\t\t\t\t\t<span class=\"elementor-button-content-wrapper\">\r\n\t\t\t\t\t\t<span class=\"elementor-button-icon elementor-align-icon-right\">\r\n\t\t\t\t<i aria-hidden=\"true\" class=\"jws-icon-arrow-up-right-thin-1\"><\/i>  \r\n\t\t\t<\/span>\r\n\t\t\t\t\t\t<span class=\"elementor-button-text\">Deine Rita Retro Sunset wartet auf dich<\/span>\r\n\t\t<\/span>\r\n\t\t\t\t\t<\/a>\r\n\t\t<\/div>\r\n\t\t\t\t\t\t<\/div>\n\t\t\t\t<\/div>\n\t\t\t\t\t<\/div>\n\t\t<\/div>\n\t\t\t\t      \r\n            \r\n              \r\n            \r\n            \t\r\n\t\t\t<\/div>\r\n\t\t<\/section>\r\n\t\t\t\t<section class=\"elementor-section elementor-top-section elementor-element elementor-element-35f14a0 elementor-section-boxed elementor-section-height-default elementor-section-height-default\" data-id=\"35f14a0\" data-element_type=\"section\">\r\n\t\t\t\t\t\t<div class=\"elementor-container elementor-column-gap-default jws_section_\" >\r\n\t\t\t\t<div class=\"elementor-column elementor-col-100 elementor-top-column elementor-element elementor-element-7f697f9\" data-id=\"7f697f9\" data-element_type=\"column\">\n\t\t\t<div class=\"elementor-widget-wrap elementor-element-populated\">\n\t\t\t\t\t\t<div class=\"elementor-element elementor-element-6fab8c4 gallery-spacing-custom elementor-widget elementor-widget-image-gallery\" data-id=\"6fab8c4\" data-element_type=\"widget\" data-widget_type=\"image-gallery.default\">\n\t\t\t\t<div class=\"elementor-widget-container\">\n\t\t\t\t\t\t\t<div class=\"elementor-image-gallery\">\n\t\t\t<div id='gallery-1' class='gallery galleryid-15616 gallery-columns-4 gallery-size-medium_large'><figure class='gallery-item'>\n\t\t\t<div class='gallery-icon portrait'>\n\t\t\t\t<a data-elementor-open-lightbox=\"yes\" data-elementor-lightbox-slideshow=\"6fab8c4\" data-elementor-lightbox-title=\"Mammiko89\" data-e-action-hash=\"#elementor-action%3Aaction%3Dlightbox%26settings%3DeyJpZCI6MTQ1NTksInVybCI6Imh0dHBzOlwvXC9tYW1taWtvLnBsXC93cC1jb250ZW50XC91cGxvYWRzXC8yMDIyXC8wNlwvTWFtbWlrbzg5LmpwZyIsInNsaWRlc2hvdyI6IjZmYWI4YzQifQ%3D%3D\" href='https:\/\/mammiko.pl\/wp-content\/uploads\/2022\/06\/Mammiko89.jpg'><img fetchpriority=\"high\" decoding=\"async\" width=\"640\" height=\"960\" src=\"https:\/\/mammiko.pl\/wp-content\/uploads\/2022\/06\/Mammiko89-768x1152.jpg\" class=\"attachment-medium_large size-medium_large\" alt=\"\" srcset=\"https:\/\/mammiko.pl\/wp-content\/uploads\/2022\/06\/Mammiko89-768x1152.jpg 768w, https:\/\/mammiko.pl\/wp-content\/uploads\/2022\/06\/Mammiko89-500x750.jpg 500w, https:\/\/mammiko.pl\/wp-content\/uploads\/2022\/06\/Mammiko89-1024x1536.jpg 1024w, https:\/\/mammiko.pl\/wp-content\/uploads\/2022\/06\/Mammiko89-200x300.jpg 200w, https:\/\/mammiko.pl\/wp-content\/uploads\/2022\/06\/Mammiko89-683x1024.jpg 683w, https:\/\/mammiko.pl\/wp-content\/uploads\/2022\/06\/Mammiko89.jpg 1267w\" sizes=\"(max-width: 640px) 100vw, 640px\" \/><\/a>\n\t\t\t<\/div><\/figure><figure class='gallery-item'>\n\t\t\t<div class='gallery-icon portrait'>\n\t\t\t\t<a data-elementor-open-lightbox=\"yes\" data-elementor-lightbox-slideshow=\"6fab8c4\" data-elementor-lightbox-title=\"Mammiko88\" data-e-action-hash=\"#elementor-action%3Aaction%3Dlightbox%26settings%3DeyJpZCI6MTQ1NTgsInVybCI6Imh0dHBzOlwvXC9tYW1taWtvLnBsXC93cC1jb250ZW50XC91cGxvYWRzXC8yMDIyXC8wNlwvTWFtbWlrbzg4LmpwZyIsInNsaWRlc2hvdyI6IjZmYWI4YzQifQ%3D%3D\" href='https:\/\/mammiko.pl\/wp-content\/uploads\/2022\/06\/Mammiko88.jpg'><img decoding=\"async\" width=\"640\" height=\"960\" src=\"https:\/\/mammiko.pl\/wp-content\/uploads\/2022\/06\/Mammiko88-768x1152.jpg\" class=\"attachment-medium_large size-medium_large\" alt=\"\" srcset=\"https:\/\/mammiko.pl\/wp-content\/uploads\/2022\/06\/Mammiko88-768x1152.jpg 768w, https:\/\/mammiko.pl\/wp-content\/uploads\/2022\/06\/Mammiko88-500x750.jpg 500w, https:\/\/mammiko.pl\/wp-content\/uploads\/2022\/06\/Mammiko88-1024x1536.jpg 1024w, https:\/\/mammiko.pl\/wp-content\/uploads\/2022\/06\/Mammiko88-200x300.jpg 200w, https:\/\/mammiko.pl\/wp-content\/uploads\/2022\/06\/Mammiko88-683x1024.jpg 683w, https:\/\/mammiko.pl\/wp-content\/uploads\/2022\/06\/Mammiko88.jpg 1267w\" sizes=\"(max-width: 640px) 100vw, 640px\" \/><\/a>\n\t\t\t<\/div><\/figure><figure class='gallery-item'>\n\t\t\t<div class='gallery-icon portrait'>\n\t\t\t\t<a data-elementor-open-lightbox=\"yes\" data-elementor-lightbox-slideshow=\"6fab8c4\" data-elementor-lightbox-title=\"Mammiko93\" data-e-action-hash=\"#elementor-action%3Aaction%3Dlightbox%26settings%3DeyJpZCI6MTQ1NjAsInVybCI6Imh0dHBzOlwvXC9tYW1taWtvLnBsXC93cC1jb250ZW50XC91cGxvYWRzXC8yMDIyXC8wNlwvTWFtbWlrbzkzLmpwZyIsInNsaWRlc2hvdyI6IjZmYWI4YzQifQ%3D%3D\" href='https:\/\/mammiko.pl\/wp-content\/uploads\/2022\/06\/Mammiko93.jpg'><img decoding=\"async\" width=\"640\" height=\"960\" src=\"https:\/\/mammiko.pl\/wp-content\/uploads\/2022\/06\/Mammiko93-768x1152.jpg\" class=\"attachment-medium_large size-medium_large\" alt=\"\" srcset=\"https:\/\/mammiko.pl\/wp-content\/uploads\/2022\/06\/Mammiko93-768x1152.jpg 768w, https:\/\/mammiko.pl\/wp-content\/uploads\/2022\/06\/Mammiko93-500x750.jpg 500w, https:\/\/mammiko.pl\/wp-content\/uploads\/2022\/06\/Mammiko93-1024x1536.jpg 1024w, https:\/\/mammiko.pl\/wp-content\/uploads\/2022\/06\/Mammiko93-200x300.jpg 200w, https:\/\/mammiko.pl\/wp-content\/uploads\/2022\/06\/Mammiko93-683x1024.jpg 683w, https:\/\/mammiko.pl\/wp-content\/uploads\/2022\/06\/Mammiko93.jpg 1267w\" sizes=\"(max-width: 640px) 100vw, 640px\" \/><\/a>\n\t\t\t<\/div><\/figure><figure class='gallery-item'>\n\t\t\t<div class='gallery-icon portrait'>\n\t\t\t\t<a data-elementor-open-lightbox=\"yes\" data-elementor-lightbox-slideshow=\"6fab8c4\" data-elementor-lightbox-title=\"Mammiko84\" data-e-action-hash=\"#elementor-action%3Aaction%3Dlightbox%26settings%3DeyJpZCI6MTQ1NTYsInVybCI6Imh0dHBzOlwvXC9tYW1taWtvLnBsXC93cC1jb250ZW50XC91cGxvYWRzXC8yMDIyXC8wNlwvTWFtbWlrbzg0LmpwZyIsInNsaWRlc2hvdyI6IjZmYWI4YzQifQ%3D%3D\" href='https:\/\/mammiko.pl\/wp-content\/uploads\/2022\/06\/Mammiko84.jpg'><img loading=\"lazy\" decoding=\"async\" width=\"640\" height=\"960\" src=\"https:\/\/mammiko.pl\/wp-content\/uploads\/2022\/06\/Mammiko84-768x1152.jpg\" class=\"attachment-medium_large size-medium_large\" alt=\"\" srcset=\"https:\/\/mammiko.pl\/wp-content\/uploads\/2022\/06\/Mammiko84-768x1152.jpg 768w, https:\/\/mammiko.pl\/wp-content\/uploads\/2022\/06\/Mammiko84-500x750.jpg 500w, https:\/\/mammiko.pl\/wp-content\/uploads\/2022\/06\/Mammiko84-1024x1536.jpg 1024w, https:\/\/mammiko.pl\/wp-content\/uploads\/2022\/06\/Mammiko84-200x300.jpg 200w, https:\/\/mammiko.pl\/wp-content\/uploads\/2022\/06\/Mammiko84-683x1024.jpg 683w, https:\/\/mammiko.pl\/wp-content\/uploads\/2022\/06\/Mammiko84.jpg 1267w\" sizes=\"(max-width: 640px) 100vw, 640px\" \/><\/a>\n\t\t\t<\/div><\/figure><figure class='gallery-item'>\n\t\t\t<div class='gallery-icon portrait'>\n\t\t\t\t<a data-elementor-open-lightbox=\"yes\" data-elementor-lightbox-slideshow=\"6fab8c4\" data-elementor-lightbox-title=\"Mammiko95\" data-e-action-hash=\"#elementor-action%3Aaction%3Dlightbox%26settings%3DeyJpZCI6MTU2NTAsInVybCI6Imh0dHBzOlwvXC9tYW1taWtvLnBsXC93cC1jb250ZW50XC91cGxvYWRzXC8yMDIxXC8xMlwvTWFtbWlrbzk1LmpwZyIsInNsaWRlc2hvdyI6IjZmYWI4YzQifQ%3D%3D\" href='https:\/\/mammiko.pl\/wp-content\/uploads\/2021\/12\/Mammiko95.jpg'><img loading=\"lazy\" decoding=\"async\" width=\"640\" height=\"960\" src=\"https:\/\/mammiko.pl\/wp-content\/uploads\/2021\/12\/Mammiko95-768x1152.jpg\" class=\"attachment-medium_large size-medium_large\" alt=\"\" srcset=\"https:\/\/mammiko.pl\/wp-content\/uploads\/2021\/12\/Mammiko95-768x1152.jpg 768w, https:\/\/mammiko.pl\/wp-content\/uploads\/2021\/12\/Mammiko95-200x300.jpg 200w, https:\/\/mammiko.pl\/wp-content\/uploads\/2021\/12\/Mammiko95-683x1024.jpg 683w, https:\/\/mammiko.pl\/wp-content\/uploads\/2021\/12\/Mammiko95-1024x1536.jpg 1024w, https:\/\/mammiko.pl\/wp-content\/uploads\/2021\/12\/Mammiko95-8x12.jpg 8w, https:\/\/mammiko.pl\/wp-content\/uploads\/2021\/12\/Mammiko95-500x750.jpg 500w, https:\/\/mammiko.pl\/wp-content\/uploads\/2021\/12\/Mammiko95.jpg 1067w\" sizes=\"(max-width: 640px) 100vw, 640px\" \/><\/a>\n\t\t\t<\/div><\/figure><figure class='gallery-item'>\n\t\t\t<div class='gallery-icon portrait'>\n\t\t\t\t<a data-elementor-open-lightbox=\"yes\" data-elementor-lightbox-slideshow=\"6fab8c4\" data-elementor-lightbox-title=\"Mammiko83\" data-e-action-hash=\"#elementor-action%3Aaction%3Dlightbox%26settings%3DeyJpZCI6MTQ1NTUsInVybCI6Imh0dHBzOlwvXC9tYW1taWtvLnBsXC93cC1jb250ZW50XC91cGxvYWRzXC8yMDIyXC8wNlwvTWFtbWlrbzgzLmpwZyIsInNsaWRlc2hvdyI6IjZmYWI4YzQifQ%3D%3D\" href='https:\/\/mammiko.pl\/wp-content\/uploads\/2022\/06\/Mammiko83.jpg'><img loading=\"lazy\" decoding=\"async\" width=\"640\" height=\"960\" src=\"https:\/\/mammiko.pl\/wp-content\/uploads\/2022\/06\/Mammiko83-768x1152.jpg\" class=\"attachment-medium_large size-medium_large\" alt=\"\" srcset=\"https:\/\/mammiko.pl\/wp-content\/uploads\/2022\/06\/Mammiko83-768x1152.jpg 768w, https:\/\/mammiko.pl\/wp-content\/uploads\/2022\/06\/Mammiko83-500x750.jpg 500w, https:\/\/mammiko.pl\/wp-content\/uploads\/2022\/06\/Mammiko83-1024x1536.jpg 1024w, https:\/\/mammiko.pl\/wp-content\/uploads\/2022\/06\/Mammiko83-200x300.jpg 200w, https:\/\/mammiko.pl\/wp-content\/uploads\/2022\/06\/Mammiko83-683x1024.jpg 683w, https:\/\/mammiko.pl\/wp-content\/uploads\/2022\/06\/Mammiko83.jpg 1267w\" sizes=\"(max-width: 640px) 100vw, 640px\" \/><\/a>\n\t\t\t<\/div><\/figure><figure class='gallery-item'>\n\t\t\t<div class='gallery-icon portrait'>\n\t\t\t\t<a data-elementor-open-lightbox=\"yes\" data-elementor-lightbox-slideshow=\"6fab8c4\" data-elementor-lightbox-title=\"Mammiko94\" data-e-action-hash=\"#elementor-action%3Aaction%3Dlightbox%26settings%3DeyJpZCI6MTQ1NjEsInVybCI6Imh0dHBzOlwvXC9tYW1taWtvLnBsXC93cC1jb250ZW50XC91cGxvYWRzXC8yMDIyXC8wNlwvTWFtbWlrbzk0LmpwZyIsInNsaWRlc2hvdyI6IjZmYWI4YzQifQ%3D%3D\" href='https:\/\/mammiko.pl\/wp-content\/uploads\/2022\/06\/Mammiko94.jpg'><img loading=\"lazy\" decoding=\"async\" width=\"640\" height=\"960\" src=\"https:\/\/mammiko.pl\/wp-content\/uploads\/2022\/06\/Mammiko94-768x1152.jpg\" class=\"attachment-medium_large size-medium_large\" alt=\"\" srcset=\"https:\/\/mammiko.pl\/wp-content\/uploads\/2022\/06\/Mammiko94-768x1152.jpg 768w, https:\/\/mammiko.pl\/wp-content\/uploads\/2022\/06\/Mammiko94-500x750.jpg 500w, https:\/\/mammiko.pl\/wp-content\/uploads\/2022\/06\/Mammiko94-1024x1536.jpg 1024w, https:\/\/mammiko.pl\/wp-content\/uploads\/2022\/06\/Mammiko94-200x300.jpg 200w, https:\/\/mammiko.pl\/wp-content\/uploads\/2022\/06\/Mammiko94-683x1024.jpg 683w, https:\/\/mammiko.pl\/wp-content\/uploads\/2022\/06\/Mammiko94.jpg 1267w\" sizes=\"(max-width: 640px) 100vw, 640px\" \/><\/a>\n\t\t\t<\/div><\/figure><figure class='gallery-item'>\n\t\t\t<div class='gallery-icon portrait'>\n\t\t\t\t<a data-elementor-open-lightbox=\"yes\" data-elementor-lightbox-slideshow=\"6fab8c4\" data-elementor-lightbox-title=\"Mammiko90\" data-e-action-hash=\"#elementor-action%3Aaction%3Dlightbox%26settings%3DeyJpZCI6MTQ1NTQsInVybCI6Imh0dHBzOlwvXC9tYW1taWtvLnBsXC93cC1jb250ZW50XC91cGxvYWRzXC8yMDIyXC8wM1wvTWFtbWlrbzkwLmpwZyIsInNsaWRlc2hvdyI6IjZmYWI4YzQifQ%3D%3D\" href='https:\/\/mammiko.pl\/wp-content\/uploads\/2022\/03\/Mammiko90.jpg'><img loading=\"lazy\" decoding=\"async\" width=\"640\" height=\"960\" src=\"https:\/\/mammiko.pl\/wp-content\/uploads\/2022\/03\/Mammiko90-768x1152.jpg\" class=\"attachment-medium_large size-medium_large\" alt=\"\" srcset=\"https:\/\/mammiko.pl\/wp-content\/uploads\/2022\/03\/Mammiko90-768x1152.jpg 768w, https:\/\/mammiko.pl\/wp-content\/uploads\/2022\/03\/Mammiko90-500x750.jpg 500w, https:\/\/mammiko.pl\/wp-content\/uploads\/2022\/03\/Mammiko90-1024x1536.jpg 1024w, https:\/\/mammiko.pl\/wp-content\/uploads\/2022\/03\/Mammiko90-200x300.jpg 200w, https:\/\/mammiko.pl\/wp-content\/uploads\/2022\/03\/Mammiko90-683x1024.jpg 683w, https:\/\/mammiko.pl\/wp-content\/uploads\/2022\/03\/Mammiko90.jpg 1267w\" sizes=\"(max-width: 640px) 100vw, 640px\" \/><\/a>\n\t\t\t<\/div><\/figure>\n\t\t<\/div>\n\t\t<\/div>\n\t\t\t\t\t\t<\/div>\n\t\t\t\t<\/div>\n\t\t\t\t<div class=\"elementor-element elementor-element-edee9ff elementor-align-center elementor-widget elementor-widget-bloompixel-gradient-button\" data-id=\"edee9ff\" data-element_type=\"widget\" data-widget_type=\"bloompixel-gradient-button.default\">\n\t\t\t\t<div class=\"elementor-widget-container\">\n\t\t\t\t\t\t\t<div class=\"elementor-button-wrapper button-defautl\">\r\n\t\t\t<a href=\"https:\/\/mammiko.pl\/de\/produkt\/retro-sunset\/\" class=\"elementor-button-link elementor-button btn-main classic elementor-size-sm\" role=\"button\">\r\n\t\t\t\t\t\t<span class=\"elementor-button-content-wrapper\">\r\n\t\t\t\t\t\t<span class=\"elementor-button-icon elementor-align-icon-right\">\r\n\t\t\t\t<i aria-hidden=\"true\" class=\"jws-icon-arrow-up-right-thin-1\"><\/i>  \r\n\t\t\t<\/span>\r\n\t\t\t\t\t\t<span class=\"elementor-button-text\">Deine Rita Retro Sunset wartet auf dich<\/span>\r\n\t\t<\/span>\r\n\t\t\t\t\t<\/a>\r\n\t\t<\/div>\r\n\t\t\t\t\t\t<\/div>\n\t\t\t\t<\/div>\n\t\t\t\t\t<\/div>\n\t\t<\/div>\n\t\t\t\t      \r\n            \r\n              \r\n            \r\n            \t\r\n\t\t\t<\/div>\r\n\t\t<\/section>\r\n\t\t\t\t<\/div>","protected":false},"excerpt":{"rendered":"<p>Retro Sunset Retro Sunset to moje serce i dusza w jednym ubraniu. To print, kt\u00f3ry przywo\u0142uje wspania\u0142e wspomnienia zachodz\u0105cego s\u0142o\u0144ca na po\u0142udniu Europy. Mieszanka kolor\u00f3w ciep\u0142ego fioletu, pomara\u0144czy i delikatnego niebieskiego tworzy magiczny efekt, kt\u00f3ry podkre\u015bla naturaln\u0105 urod\u0119 ka\u017cdej mamy. Geometryczne wzory dodaj\u0105 sukience charakteru i stylu, nadaj\u0105c jej niepowtarzalny wygl\u0105d. Sukienka w wersji Retro [&hellip;]<\/p>","protected":false},"author":1,"featured_media":0,"parent":0,"menu_order":0,"comment_status":"closed","ping_status":"closed","template":"","meta":{"footnotes":""},"class_list":["post-15616","page","type-page","status-publish","hentry"],"_links":{"self":[{"href":"https:\/\/mammiko.pl\/de\/wp-json\/wp\/v2\/pages\/15616","targetHints":{"allow":["GET"]}}],"collection":[{"href":"https:\/\/mammiko.pl\/de\/wp-json\/wp\/v2\/pages"}],"about":[{"href":"https:\/\/mammiko.pl\/de\/wp-json\/wp\/v2\/types\/page"}],"author":[{"embeddable":true,"href":"https:\/\/mammiko.pl\/de\/wp-json\/wp\/v2\/users\/1"}],"replies":[{"embeddable":true,"href":"https:\/\/mammiko.pl\/de\/wp-json\/wp\/v2\/comments?post=15616"}],"version-history":[{"count":20,"href":"https:\/\/mammiko.pl\/de\/wp-json\/wp\/v2\/pages\/15616\/revisions"}],"predecessor-version":[{"id":16339,"href":"https:\/\/mammiko.pl\/de\/wp-json\/wp\/v2\/pages\/15616\/revisions\/16339"}],"wp:attachment":[{"href":"https:\/\/mammiko.pl\/de\/wp-json\/wp\/v2\/media?parent=15616"}],"curies":[{"name":"wp","href":"https:\/\/api.w.org\/{rel}","templated":true}]}}