{"id":15614,"date":"2023-10-10T20:02:48","date_gmt":"2023-10-10T18:02:48","guid":{"rendered":"https:\/\/mammiko.pl\/?page_id=15614"},"modified":"2023-10-12T16:59:03","modified_gmt":"2023-10-12T14:59:03","slug":"colourful-fiesta","status":"publish","type":"page","link":"https:\/\/mammiko.pl\/de\/colourful-fiesta\/","title":{"rendered":"Colourful Fiesta"},"content":{"rendered":"<div data-elementor-type=\"wp-page\" data-elementor-id=\"15614\" class=\"elementor elementor-15614\">\n\t\t\t\t\t\t<section class=\"elementor-section elementor-top-section elementor-element elementor-element-458e68e elementor-section-content-middle elementor-section-boxed elementor-section-height-default elementor-section-height-default\" data-id=\"458e68e\" data-element_type=\"section\">\r\n\t\t\t\t\t\t<div class=\"elementor-container elementor-column-gap-wider jws_section_\" >\r\n\t\t\t\t<div class=\"elementor-column elementor-col-100 elementor-top-column elementor-element elementor-element-85c963c\" data-id=\"85c963c\" data-element_type=\"column\">\n\t\t\t<div class=\"elementor-widget-wrap elementor-element-populated\">\n\t\t\t\t\t\t<div class=\"elementor-element elementor-element-42289f0 elementor-widget elementor-widget-heading\" data-id=\"42289f0\" data-element_type=\"widget\" data-widget_type=\"heading.default\">\n\t\t\t\t<div class=\"elementor-widget-container\">\n\t\t\t\t\t<h1 class=\"elementor-heading-title elementor-size-default\">Colorful Fiesta<\/h1>\t\t\t\t<\/div>\n\t\t\t\t<\/div>\n\t\t\t\t<div class=\"elementor-element elementor-element-e3beb24 elementor-widget__width-initial elementor-widget elementor-widget-text-editor\" data-id=\"e3beb24\" data-element_type=\"widget\" data-widget_type=\"text-editor.default\">\n\t\t\t\t<div class=\"elementor-widget-container\">\n\t\t\t\t\t\t\t\t\t<p>\"Colorful Fiesta\" ist eine wahre Explosion von Farben und Freude. Der Stoff in Gr\u00fcnt\u00f6nen, Blau, Rosa und Orange bildet ein echtes Durcheinander, wie auf einer echten modischen Fiesta. Es ist mir wichtig, dass Kleidung f\u00fcr Mamas fern von Langeweile und Grau ist, deshalb habe ich f\u00fcr euch den Print \"Colorful Fiesta\" ausgew\u00e4hlt \u2013 der Freude und Energie sowohl in jungen Mamas als auch in ihren Kleinen weckt.\u2028<\/p><p>Wer hat gesagt, dass Kleidung f\u00fcr Mamas langweilig sein muss? \"Colorful Fiesta\" ist der Beweis daf\u00fcr, dass wir Komfort mit St\u2028\u2028il und Originalit\u00e4t verbinden k\u00f6nnen. Dieses Kleid ist nicht nur zum Stillen geeignet, es ist auch eine Manifestation meiner Leidenschaft f\u00fcr kreatives Design. Wenn du es tr\u00e4gst, wirst du das Gef\u00fchl haben, an einer echten Fiesta teilzunehmen, voller Leben und Farben. F\u00fcr mich verdient jede Mama Momente der Freude und des Selbstbewusstseins, und \"Colorful Fiesta\" hilft ihnen dabei, dies zu erreichen.\"<\/p>\t\t\t\t\t\t\t\t<\/div>\n\t\t\t\t<\/div>\n\t\t\t\t<div class=\"elementor-element elementor-element-632187b elementor-align-center elementor-widget elementor-widget-bloompixel-gradient-button\" data-id=\"632187b\" data-element_type=\"widget\" data-widget_type=\"bloompixel-gradient-button.default\">\n\t\t\t\t<div class=\"elementor-widget-container\">\n\t\t\t\t\t\t\t<div class=\"elementor-button-wrapper button-defautl\">\r\n\t\t\t<a href=\"https:\/\/mammiko.pl\/de\/produkt\/colorful-fiesta\/\" class=\"elementor-button-link elementor-button btn-main classic elementor-size-sm\" role=\"button\">\r\n\t\t\t\t\t\t<span class=\"elementor-button-content-wrapper\">\r\n\t\t\t\t\t\t<span class=\"elementor-button-icon elementor-align-icon-right\">\r\n\t\t\t\t<i aria-hidden=\"true\" class=\"jws-icon-arrow-up-right-thin-1\"><\/i>  \r\n\t\t\t<\/span>\r\n\t\t\t\t\t\t<span class=\"elementor-button-text\">Deine Rita Colorful Fiesta wartet auf dich<\/span>\r\n\t\t<\/span>\r\n\t\t\t\t\t<\/a>\r\n\t\t<\/div>\r\n\t\t\t\t\t\t<\/div>\n\t\t\t\t<\/div>\n\t\t\t\t\t<\/div>\n\t\t<\/div>\n\t\t\t\t      \r\n            \r\n              \r\n            \r\n            \t\r\n\t\t\t<\/div>\r\n\t\t<\/section>\r\n\t\t\t\t<section class=\"elementor-section elementor-top-section elementor-element elementor-element-246b299 elementor-section-boxed elementor-section-height-default elementor-section-height-default\" data-id=\"246b299\" data-element_type=\"section\">\r\n\t\t\t\t\t\t<div class=\"elementor-container elementor-column-gap-default jws_section_\" >\r\n\t\t\t\t<div class=\"elementor-column elementor-col-100 elementor-top-column elementor-element elementor-element-52c0ecf\" data-id=\"52c0ecf\" data-element_type=\"column\">\n\t\t\t<div class=\"elementor-widget-wrap elementor-element-populated\">\n\t\t\t\t\t\t<div class=\"elementor-element elementor-element-70eed60 gallery-spacing-custom elementor-widget elementor-widget-image-gallery\" data-id=\"70eed60\" data-element_type=\"widget\" data-widget_type=\"image-gallery.default\">\n\t\t\t\t<div class=\"elementor-widget-container\">\n\t\t\t\t\t\t\t<div class=\"elementor-image-gallery\">\n\t\t\t<div id='gallery-1' class='gallery galleryid-15614 gallery-columns-3 gallery-size-medium_large'><figure class='gallery-item'>\n\t\t\t<div class='gallery-icon portrait'>\n\t\t\t\t<a data-elementor-open-lightbox=\"yes\" data-elementor-lightbox-slideshow=\"70eed60\" data-elementor-lightbox-title=\"Mammiko123\" data-e-action-hash=\"#elementor-action%3Aaction%3Dlightbox%26settings%3DeyJpZCI6MTQ1NzgsInVybCI6Imh0dHBzOlwvXC9tYW1taWtvLnBsXC93cC1jb250ZW50XC91cGxvYWRzXC8yMDIyXC8wNlwvTWFtbWlrbzEyMy5qcGciLCJzbGlkZXNob3ciOiI3MGVlZDYwIn0%3D\" href='https:\/\/mammiko.pl\/wp-content\/uploads\/2022\/06\/Mammiko123.jpg'><img fetchpriority=\"high\" decoding=\"async\" width=\"640\" height=\"960\" src=\"https:\/\/mammiko.pl\/wp-content\/uploads\/2022\/06\/Mammiko123-768x1152.jpg\" class=\"attachment-medium_large size-medium_large\" alt=\"\" srcset=\"https:\/\/mammiko.pl\/wp-content\/uploads\/2022\/06\/Mammiko123-768x1152.jpg 768w, https:\/\/mammiko.pl\/wp-content\/uploads\/2022\/06\/Mammiko123-500x750.jpg 500w, https:\/\/mammiko.pl\/wp-content\/uploads\/2022\/06\/Mammiko123-1024x1536.jpg 1024w, https:\/\/mammiko.pl\/wp-content\/uploads\/2022\/06\/Mammiko123-200x300.jpg 200w, https:\/\/mammiko.pl\/wp-content\/uploads\/2022\/06\/Mammiko123-683x1024.jpg 683w, https:\/\/mammiko.pl\/wp-content\/uploads\/2022\/06\/Mammiko123.jpg 1267w\" sizes=\"(max-width: 640px) 100vw, 640px\" \/><\/a>\n\t\t\t<\/div><\/figure><figure class='gallery-item'>\n\t\t\t<div class='gallery-icon portrait'>\n\t\t\t\t<a data-elementor-open-lightbox=\"yes\" data-elementor-lightbox-slideshow=\"70eed60\" data-elementor-lightbox-title=\"Mammiko120\" data-e-action-hash=\"#elementor-action%3Aaction%3Dlightbox%26settings%3DeyJpZCI6MTQ1NzcsInVybCI6Imh0dHBzOlwvXC9tYW1taWtvLnBsXC93cC1jb250ZW50XC91cGxvYWRzXC8yMDIyXC8wNlwvTWFtbWlrbzEyMC5qcGciLCJzbGlkZXNob3ciOiI3MGVlZDYwIn0%3D\" href='https:\/\/mammiko.pl\/wp-content\/uploads\/2022\/06\/Mammiko120.jpg'><img decoding=\"async\" width=\"640\" height=\"960\" src=\"https:\/\/mammiko.pl\/wp-content\/uploads\/2022\/06\/Mammiko120-768x1152.jpg\" class=\"attachment-medium_large size-medium_large\" alt=\"\" srcset=\"https:\/\/mammiko.pl\/wp-content\/uploads\/2022\/06\/Mammiko120-768x1152.jpg 768w, https:\/\/mammiko.pl\/wp-content\/uploads\/2022\/06\/Mammiko120-500x750.jpg 500w, https:\/\/mammiko.pl\/wp-content\/uploads\/2022\/06\/Mammiko120-1024x1536.jpg 1024w, https:\/\/mammiko.pl\/wp-content\/uploads\/2022\/06\/Mammiko120-200x300.jpg 200w, https:\/\/mammiko.pl\/wp-content\/uploads\/2022\/06\/Mammiko120-683x1024.jpg 683w, https:\/\/mammiko.pl\/wp-content\/uploads\/2022\/06\/Mammiko120.jpg 1267w\" sizes=\"(max-width: 640px) 100vw, 640px\" \/><\/a>\n\t\t\t<\/div><\/figure><figure class='gallery-item'>\n\t\t\t<div class='gallery-icon portrait'>\n\t\t\t\t<a data-elementor-open-lightbox=\"yes\" data-elementor-lightbox-slideshow=\"70eed60\" data-elementor-lightbox-title=\"Mammiko117\" data-e-action-hash=\"#elementor-action%3Aaction%3Dlightbox%26settings%3DeyJpZCI6MTQ1NzYsInVybCI6Imh0dHBzOlwvXC9tYW1taWtvLnBsXC93cC1jb250ZW50XC91cGxvYWRzXC8yMDIyXC8wNlwvTWFtbWlrbzExNy5qcGciLCJzbGlkZXNob3ciOiI3MGVlZDYwIn0%3D\" href='https:\/\/mammiko.pl\/wp-content\/uploads\/2022\/06\/Mammiko117.jpg'><img decoding=\"async\" width=\"640\" height=\"960\" src=\"https:\/\/mammiko.pl\/wp-content\/uploads\/2022\/06\/Mammiko117-768x1152.jpg\" class=\"attachment-medium_large size-medium_large\" alt=\"\" srcset=\"https:\/\/mammiko.pl\/wp-content\/uploads\/2022\/06\/Mammiko117-768x1152.jpg 768w, https:\/\/mammiko.pl\/wp-content\/uploads\/2022\/06\/Mammiko117-500x750.jpg 500w, https:\/\/mammiko.pl\/wp-content\/uploads\/2022\/06\/Mammiko117-1024x1536.jpg 1024w, https:\/\/mammiko.pl\/wp-content\/uploads\/2022\/06\/Mammiko117-200x300.jpg 200w, https:\/\/mammiko.pl\/wp-content\/uploads\/2022\/06\/Mammiko117-683x1024.jpg 683w, https:\/\/mammiko.pl\/wp-content\/uploads\/2022\/06\/Mammiko117.jpg 1267w\" sizes=\"(max-width: 640px) 100vw, 640px\" \/><\/a>\n\t\t\t<\/div><\/figure><figure class='gallery-item'>\n\t\t\t<div class='gallery-icon portrait'>\n\t\t\t\t<a data-elementor-open-lightbox=\"yes\" data-elementor-lightbox-slideshow=\"70eed60\" data-elementor-lightbox-title=\"Mammiko57\" data-e-action-hash=\"#elementor-action%3Aaction%3Dlightbox%26settings%3DeyJpZCI6MTQ1NzQsInVybCI6Imh0dHBzOlwvXC9tYW1taWtvLnBsXC93cC1jb250ZW50XC91cGxvYWRzXC8yMDIyXC8wNlwvTWFtbWlrbzU3LmpwZyIsInNsaWRlc2hvdyI6IjcwZWVkNjAifQ%3D%3D\" href='https:\/\/mammiko.pl\/wp-content\/uploads\/2022\/06\/Mammiko57.jpg'><img loading=\"lazy\" decoding=\"async\" width=\"640\" height=\"960\" src=\"https:\/\/mammiko.pl\/wp-content\/uploads\/2022\/06\/Mammiko57-768x1152.jpg\" class=\"attachment-medium_large size-medium_large\" alt=\"\" srcset=\"https:\/\/mammiko.pl\/wp-content\/uploads\/2022\/06\/Mammiko57-768x1152.jpg 768w, https:\/\/mammiko.pl\/wp-content\/uploads\/2022\/06\/Mammiko57-500x750.jpg 500w, https:\/\/mammiko.pl\/wp-content\/uploads\/2022\/06\/Mammiko57-1024x1536.jpg 1024w, https:\/\/mammiko.pl\/wp-content\/uploads\/2022\/06\/Mammiko57-200x300.jpg 200w, https:\/\/mammiko.pl\/wp-content\/uploads\/2022\/06\/Mammiko57-683x1024.jpg 683w, https:\/\/mammiko.pl\/wp-content\/uploads\/2022\/06\/Mammiko57.jpg 1267w\" sizes=\"(max-width: 640px) 100vw, 640px\" \/><\/a>\n\t\t\t<\/div><\/figure><figure class='gallery-item'>\n\t\t\t<div class='gallery-icon portrait'>\n\t\t\t\t<a data-elementor-open-lightbox=\"yes\" data-elementor-lightbox-slideshow=\"70eed60\" data-elementor-lightbox-title=\"Mammiko64\" data-e-action-hash=\"#elementor-action%3Aaction%3Dlightbox%26settings%3DeyJpZCI6MTQ1NzAsInVybCI6Imh0dHBzOlwvXC9tYW1taWtvLnBsXC93cC1jb250ZW50XC91cGxvYWRzXC8yMDIyXC8wM1wvTWFtbWlrbzY0LmpwZyIsInNsaWRlc2hvdyI6IjcwZWVkNjAifQ%3D%3D\" href='https:\/\/mammiko.pl\/wp-content\/uploads\/2022\/03\/Mammiko64.jpg'><img loading=\"lazy\" decoding=\"async\" width=\"640\" height=\"960\" src=\"https:\/\/mammiko.pl\/wp-content\/uploads\/2022\/03\/Mammiko64-768x1152.jpg\" class=\"attachment-medium_large size-medium_large\" alt=\"\" srcset=\"https:\/\/mammiko.pl\/wp-content\/uploads\/2022\/03\/Mammiko64-768x1152.jpg 768w, https:\/\/mammiko.pl\/wp-content\/uploads\/2022\/03\/Mammiko64-500x750.jpg 500w, https:\/\/mammiko.pl\/wp-content\/uploads\/2022\/03\/Mammiko64-1024x1536.jpg 1024w, https:\/\/mammiko.pl\/wp-content\/uploads\/2022\/03\/Mammiko64-200x300.jpg 200w, https:\/\/mammiko.pl\/wp-content\/uploads\/2022\/03\/Mammiko64-683x1024.jpg 683w, https:\/\/mammiko.pl\/wp-content\/uploads\/2022\/03\/Mammiko64.jpg 1267w\" sizes=\"(max-width: 640px) 100vw, 640px\" \/><\/a>\n\t\t\t<\/div><\/figure><figure class='gallery-item'>\n\t\t\t<div class='gallery-icon portrait'>\n\t\t\t\t<a data-elementor-open-lightbox=\"yes\" data-elementor-lightbox-slideshow=\"70eed60\" data-elementor-lightbox-title=\"Mammiko63\" data-e-action-hash=\"#elementor-action%3Aaction%3Dlightbox%26settings%3DeyJpZCI6MTQ1NzEsInVybCI6Imh0dHBzOlwvXC9tYW1taWtvLnBsXC93cC1jb250ZW50XC91cGxvYWRzXC8yMDIyXC8wNlwvTWFtbWlrbzYzLmpwZyIsInNsaWRlc2hvdyI6IjcwZWVkNjAifQ%3D%3D\" href='https:\/\/mammiko.pl\/wp-content\/uploads\/2022\/06\/Mammiko63.jpg'><img loading=\"lazy\" decoding=\"async\" width=\"640\" height=\"960\" src=\"https:\/\/mammiko.pl\/wp-content\/uploads\/2022\/06\/Mammiko63-768x1152.jpg\" class=\"attachment-medium_large size-medium_large\" alt=\"\" srcset=\"https:\/\/mammiko.pl\/wp-content\/uploads\/2022\/06\/Mammiko63-768x1152.jpg 768w, https:\/\/mammiko.pl\/wp-content\/uploads\/2022\/06\/Mammiko63-500x750.jpg 500w, https:\/\/mammiko.pl\/wp-content\/uploads\/2022\/06\/Mammiko63-1024x1536.jpg 1024w, https:\/\/mammiko.pl\/wp-content\/uploads\/2022\/06\/Mammiko63-200x300.jpg 200w, https:\/\/mammiko.pl\/wp-content\/uploads\/2022\/06\/Mammiko63-683x1024.jpg 683w, https:\/\/mammiko.pl\/wp-content\/uploads\/2022\/06\/Mammiko63.jpg 1267w\" sizes=\"(max-width: 640px) 100vw, 640px\" \/><\/a>\n\t\t\t<\/div><\/figure><figure class='gallery-item'>\n\t\t\t<div class='gallery-icon portrait'>\n\t\t\t\t<a data-elementor-open-lightbox=\"yes\" data-elementor-lightbox-slideshow=\"70eed60\" data-elementor-lightbox-title=\"Mammiko46\" data-e-action-hash=\"#elementor-action%3Aaction%3Dlightbox%26settings%3DeyJpZCI6MTQ1NzIsInVybCI6Imh0dHBzOlwvXC9tYW1taWtvLnBsXC93cC1jb250ZW50XC91cGxvYWRzXC8yMDIyXC8wNlwvTWFtbWlrbzQ2LmpwZyIsInNsaWRlc2hvdyI6IjcwZWVkNjAifQ%3D%3D\" href='https:\/\/mammiko.pl\/wp-content\/uploads\/2022\/06\/Mammiko46.jpg'><img loading=\"lazy\" decoding=\"async\" width=\"640\" height=\"960\" src=\"https:\/\/mammiko.pl\/wp-content\/uploads\/2022\/06\/Mammiko46-768x1152.jpg\" class=\"attachment-medium_large size-medium_large\" alt=\"\" srcset=\"https:\/\/mammiko.pl\/wp-content\/uploads\/2022\/06\/Mammiko46-768x1152.jpg 768w, https:\/\/mammiko.pl\/wp-content\/uploads\/2022\/06\/Mammiko46-500x750.jpg 500w, https:\/\/mammiko.pl\/wp-content\/uploads\/2022\/06\/Mammiko46-1024x1536.jpg 1024w, https:\/\/mammiko.pl\/wp-content\/uploads\/2022\/06\/Mammiko46-200x300.jpg 200w, https:\/\/mammiko.pl\/wp-content\/uploads\/2022\/06\/Mammiko46-683x1024.jpg 683w, https:\/\/mammiko.pl\/wp-content\/uploads\/2022\/06\/Mammiko46.jpg 1267w\" sizes=\"(max-width: 640px) 100vw, 640px\" \/><\/a>\n\t\t\t<\/div><\/figure><figure class='gallery-item'>\n\t\t\t<div class='gallery-icon portrait'>\n\t\t\t\t<a data-elementor-open-lightbox=\"yes\" data-elementor-lightbox-slideshow=\"70eed60\" data-elementor-lightbox-title=\"Mammiko56\" data-e-action-hash=\"#elementor-action%3Aaction%3Dlightbox%26settings%3DeyJpZCI6MTQ1MDUsInVybCI6Imh0dHBzOlwvXC9tYW1taWtvLnBsXC93cC1jb250ZW50XC91cGxvYWRzXC8yMDIzXC8wOVwvTWFtbWlrbzU2LmpwZyIsInNsaWRlc2hvdyI6IjcwZWVkNjAifQ%3D%3D\" href='https:\/\/mammiko.pl\/wp-content\/uploads\/2023\/09\/Mammiko56.jpg'><img loading=\"lazy\" decoding=\"async\" width=\"640\" height=\"960\" src=\"https:\/\/mammiko.pl\/wp-content\/uploads\/2023\/09\/Mammiko56-768x1152.jpg\" class=\"attachment-medium_large size-medium_large\" alt=\"\" srcset=\"https:\/\/mammiko.pl\/wp-content\/uploads\/2023\/09\/Mammiko56-768x1152.jpg 768w, https:\/\/mammiko.pl\/wp-content\/uploads\/2023\/09\/Mammiko56-500x750.jpg 500w, https:\/\/mammiko.pl\/wp-content\/uploads\/2023\/09\/Mammiko56-1024x1536.jpg 1024w, https:\/\/mammiko.pl\/wp-content\/uploads\/2023\/09\/Mammiko56-200x300.jpg 200w, https:\/\/mammiko.pl\/wp-content\/uploads\/2023\/09\/Mammiko56-683x1024.jpg 683w, https:\/\/mammiko.pl\/wp-content\/uploads\/2023\/09\/Mammiko56.jpg 1267w\" sizes=\"(max-width: 640px) 100vw, 640px\" \/><\/a>\n\t\t\t<\/div><\/figure><figure class='gallery-item'>\n\t\t\t<div class='gallery-icon portrait'>\n\t\t\t\t<a data-elementor-open-lightbox=\"yes\" data-elementor-lightbox-slideshow=\"70eed60\" data-elementor-lightbox-title=\"Mammiko61\" data-e-action-hash=\"#elementor-action%3Aaction%3Dlightbox%26settings%3DeyJpZCI6MTQ1MDgsInVybCI6Imh0dHBzOlwvXC9tYW1taWtvLnBsXC93cC1jb250ZW50XC91cGxvYWRzXC8yMDIzXC8wOVwvTWFtbWlrbzYxLmpwZyIsInNsaWRlc2hvdyI6IjcwZWVkNjAifQ%3D%3D\" href='https:\/\/mammiko.pl\/wp-content\/uploads\/2023\/09\/Mammiko61.jpg'><img loading=\"lazy\" decoding=\"async\" width=\"640\" height=\"960\" src=\"https:\/\/mammiko.pl\/wp-content\/uploads\/2023\/09\/Mammiko61-768x1152.jpg\" class=\"attachment-medium_large size-medium_large\" alt=\"\" srcset=\"https:\/\/mammiko.pl\/wp-content\/uploads\/2023\/09\/Mammiko61-768x1152.jpg 768w, https:\/\/mammiko.pl\/wp-content\/uploads\/2023\/09\/Mammiko61-500x750.jpg 500w, https:\/\/mammiko.pl\/wp-content\/uploads\/2023\/09\/Mammiko61-1024x1536.jpg 1024w, https:\/\/mammiko.pl\/wp-content\/uploads\/2023\/09\/Mammiko61-200x300.jpg 200w, https:\/\/mammiko.pl\/wp-content\/uploads\/2023\/09\/Mammiko61-683x1024.jpg 683w, https:\/\/mammiko.pl\/wp-content\/uploads\/2023\/09\/Mammiko61.jpg 1267w\" sizes=\"(max-width: 640px) 100vw, 640px\" \/><\/a>\n\t\t\t<\/div><\/figure>\n\t\t<\/div>\n\t\t<\/div>\n\t\t\t\t\t\t<\/div>\n\t\t\t\t<\/div>\n\t\t\t\t<div class=\"elementor-element elementor-element-f0de69a elementor-align-center elementor-widget elementor-widget-bloompixel-gradient-button\" data-id=\"f0de69a\" data-element_type=\"widget\" data-widget_type=\"bloompixel-gradient-button.default\">\n\t\t\t\t<div class=\"elementor-widget-container\">\n\t\t\t\t\t\t\t<div class=\"elementor-button-wrapper button-defautl\">\r\n\t\t\t<a href=\"https:\/\/mammiko.pl\/de\/produkt\/colorful-fiesta\/\" class=\"elementor-button-link elementor-button btn-main classic elementor-size-sm\" role=\"button\">\r\n\t\t\t\t\t\t<span class=\"elementor-button-content-wrapper\">\r\n\t\t\t\t\t\t<span class=\"elementor-button-icon elementor-align-icon-right\">\r\n\t\t\t\t<i aria-hidden=\"true\" class=\"jws-icon-arrow-up-right-thin-1\"><\/i>  \r\n\t\t\t<\/span>\r\n\t\t\t\t\t\t<span class=\"elementor-button-text\">Deine Rita Colorful Fiesta wartet auf dich<\/span>\r\n\t\t<\/span>\r\n\t\t\t\t\t<\/a>\r\n\t\t<\/div>\r\n\t\t\t\t\t\t<\/div>\n\t\t\t\t<\/div>\n\t\t\t\t\t<\/div>\n\t\t<\/div>\n\t\t\t\t      \r\n            \r\n              \r\n            \r\n            \t\r\n\t\t\t<\/div>\r\n\t\t<\/section>\r\n\t\t\t\t<\/div>","protected":false},"excerpt":{"rendered":"<p>Colorful Fiesta &#8222;Colorful Fiesta&#8221; to prawdziwa eksplozja kolor\u00f3w i rado\u015bci. Materia\u0142 w odcieniach zieleni, niebieskiego, r\u00f3\u017cu i pomara\u0144czy tworzy prawdziwy misz masz, niczym na prawdziwej modowej fiestie. Dla mnie wa\u017cne jest, aby ubrania dla mam by\u0142y dalekie od nudy i szaro\u015bci, dlatego wybra\u0142am dla Was print &#8222;Colorful Fiesta&#8221; &#8211; kt\u00f3ry przywo\u0142uje rado\u015b\u0107 i energi\u0119, zar\u00f3wno [&hellip;]<\/p>","protected":false},"author":1,"featured_media":0,"parent":0,"menu_order":0,"comment_status":"closed","ping_status":"closed","template":"","meta":{"footnotes":""},"class_list":["post-15614","page","type-page","status-publish","hentry"],"_links":{"self":[{"href":"https:\/\/mammiko.pl\/de\/wp-json\/wp\/v2\/pages\/15614","targetHints":{"allow":["GET"]}}],"collection":[{"href":"https:\/\/mammiko.pl\/de\/wp-json\/wp\/v2\/pages"}],"about":[{"href":"https:\/\/mammiko.pl\/de\/wp-json\/wp\/v2\/types\/page"}],"author":[{"embeddable":true,"href":"https:\/\/mammiko.pl\/de\/wp-json\/wp\/v2\/users\/1"}],"replies":[{"embeddable":true,"href":"https:\/\/mammiko.pl\/de\/wp-json\/wp\/v2\/comments?post=15614"}],"version-history":[{"count":14,"href":"https:\/\/mammiko.pl\/de\/wp-json\/wp\/v2\/pages\/15614\/revisions"}],"predecessor-version":[{"id":15914,"href":"https:\/\/mammiko.pl\/de\/wp-json\/wp\/v2\/pages\/15614\/revisions\/15914"}],"wp:attachment":[{"href":"https:\/\/mammiko.pl\/de\/wp-json\/wp\/v2\/media?parent=15614"}],"curies":[{"name":"wp","href":"https:\/\/api.w.org\/{rel}","templated":true}]}}