{"id":15612,"date":"2023-10-10T20:02:41","date_gmt":"2023-10-10T18:02:41","guid":{"rendered":"https:\/\/mammiko.pl\/?page_id=15612"},"modified":"2023-10-12T16:59:46","modified_gmt":"2023-10-12T14:59:46","slug":"so-pink","status":"publish","type":"page","link":"https:\/\/mammiko.pl\/de\/so-pink\/","title":{"rendered":"So? Pink!"},"content":{"rendered":"<div data-elementor-type=\"wp-page\" data-elementor-id=\"15612\" class=\"elementor elementor-15612\">\n\t\t\t\t\t\t<section class=\"elementor-section elementor-top-section elementor-element elementor-element-16f7712 elementor-section-content-middle elementor-section-boxed elementor-section-height-default elementor-section-height-default\" data-id=\"16f7712\" data-element_type=\"section\">\r\n\t\t\t\t\t\t<div class=\"elementor-container elementor-column-gap-wider jws_section_\" >\r\n\t\t\t\t<div class=\"elementor-column elementor-col-100 elementor-top-column elementor-element elementor-element-87759cb\" data-id=\"87759cb\" data-element_type=\"column\">\n\t\t\t<div class=\"elementor-widget-wrap elementor-element-populated\">\n\t\t\t\t\t\t<div class=\"elementor-element elementor-element-53a8ed8 elementor-widget elementor-widget-heading\" data-id=\"53a8ed8\" data-element_type=\"widget\" data-widget_type=\"heading.default\">\n\t\t\t\t<div class=\"elementor-widget-container\">\n\t\t\t\t\t<h1 class=\"elementor-heading-title elementor-size-default\">So? Pink!<\/h1>\t\t\t\t<\/div>\n\t\t\t\t<\/div>\n\t\t\t\t<div class=\"elementor-element elementor-element-f3c1004 elementor-widget__width-initial elementor-widget elementor-widget-text-editor\" data-id=\"f3c1004\" data-element_type=\"widget\" data-widget_type=\"text-editor.default\">\n\t\t\t\t<div class=\"elementor-widget-container\">\n\t\t\t\t\t\t\t\t\t<p>Das Kleid \"So? Pink!\" ist eine wahre Augenweide und der Ausdruck meiner Leidenschaft f\u00fcr die Schaffung von Kleidung, die nicht nur praktisch, sondern auch sch\u00f6n ist. Der Stoff in Rosa und Dunkelbraun mit Aztekenmustern bildet einen \u00e4u\u00dferst wirkungsvollen Print, der an sch\u00f6ne Fr\u00fchlingsblumen oder saftige Himbeeren erinnert. Diese Kombination von Farben und Mustern unterstreicht die nat\u00fcrliche Sch\u00f6nheit jeder Mama.\u2028<\/p><p>Die Aztekenmuster verleihen dem Kleid Charakter. Wenn du dieses Kleid tr\u00e4gst, kannst du dich sowohl stilvoll als auch bequem f\u00fchlen, was beim Stillen \u00e4u\u00dferst wichtig ist. Es ist Kleidung, die nicht nur allen M\u00fcttern das Leben erleichtert, sondern ihnen auch erm\u00f6glicht, sich sch\u00f6n und selbstbewusst zu f\u00fchlen. \"So? Pink!\" ist das Spiegelbild meiner Sorge um eure Bed\u00fcrfnisse und der Wunsch, dass ihr das Muttersein in vollen Z\u00fcgen genie\u00dfen k\u00f6nnt, ohne auf euren eigenen Stil zu verzichten.\u2028<\/p>\t\t\t\t\t\t\t\t<\/div>\n\t\t\t\t<\/div>\n\t\t\t\t<div class=\"elementor-element elementor-element-184ed21 elementor-align-center elementor-widget elementor-widget-bloompixel-gradient-button\" data-id=\"184ed21\" data-element_type=\"widget\" data-widget_type=\"bloompixel-gradient-button.default\">\n\t\t\t\t<div class=\"elementor-widget-container\">\n\t\t\t\t\t\t\t<div class=\"elementor-button-wrapper button-defautl\">\r\n\t\t\t<a href=\"https:\/\/mammiko.pl\/de\/produkt\/so-pink\/\" class=\"elementor-button-link elementor-button btn-main classic elementor-size-sm\" role=\"button\">\r\n\t\t\t\t\t\t<span class=\"elementor-button-content-wrapper\">\r\n\t\t\t\t\t\t<span class=\"elementor-button-icon elementor-align-icon-right\">\r\n\t\t\t\t<i aria-hidden=\"true\" class=\"jws-icon-arrow-up-right-thin-1\"><\/i>  \r\n\t\t\t<\/span>\r\n\t\t\t\t\t\t<span class=\"elementor-button-text\">Deine Rita So? Pink! wartet auf dich<\/span>\r\n\t\t<\/span>\r\n\t\t\t\t\t<\/a>\r\n\t\t<\/div>\r\n\t\t\t\t\t\t<\/div>\n\t\t\t\t<\/div>\n\t\t\t\t\t<\/div>\n\t\t<\/div>\n\t\t\t\t      \r\n            \r\n              \r\n            \r\n            \t\r\n\t\t\t<\/div>\r\n\t\t<\/section>\r\n\t\t\t\t<section class=\"elementor-section elementor-top-section elementor-element elementor-element-dbf3c30 elementor-section-boxed elementor-section-height-default elementor-section-height-default\" data-id=\"dbf3c30\" data-element_type=\"section\">\r\n\t\t\t\t\t\t<div class=\"elementor-container elementor-column-gap-default jws_section_\" >\r\n\t\t\t\t<div class=\"elementor-column elementor-col-100 elementor-top-column elementor-element elementor-element-40caed0\" data-id=\"40caed0\" data-element_type=\"column\">\n\t\t\t<div class=\"elementor-widget-wrap elementor-element-populated\">\n\t\t\t\t\t\t<div class=\"elementor-element elementor-element-ab48ce6 gallery-spacing-custom elementor-widget elementor-widget-image-gallery\" data-id=\"ab48ce6\" data-element_type=\"widget\" data-widget_type=\"image-gallery.default\">\n\t\t\t\t<div class=\"elementor-widget-container\">\n\t\t\t\t\t\t\t<div class=\"elementor-image-gallery\">\n\t\t\t<div id='gallery-1' class='gallery galleryid-15612 gallery-columns-3 gallery-size-medium_large'><figure class='gallery-item'>\n\t\t\t<div class='gallery-icon portrait'>\n\t\t\t\t<a data-elementor-open-lightbox=\"yes\" data-elementor-lightbox-slideshow=\"ab48ce6\" data-elementor-lightbox-title=\"Mammiko112\" data-e-action-hash=\"#elementor-action%3Aaction%3Dlightbox%26settings%3DeyJpZCI6MTQ1NjksInVybCI6Imh0dHBzOlwvXC9tYW1taWtvLnBsXC93cC1jb250ZW50XC91cGxvYWRzXC8yMDIyXC8wNlwvTWFtbWlrbzExMi5qcGciLCJzbGlkZXNob3ciOiJhYjQ4Y2U2In0%3D\" href='https:\/\/mammiko.pl\/wp-content\/uploads\/2022\/06\/Mammiko112.jpg'><img fetchpriority=\"high\" decoding=\"async\" width=\"640\" height=\"960\" src=\"https:\/\/mammiko.pl\/wp-content\/uploads\/2022\/06\/Mammiko112-768x1152.jpg\" class=\"attachment-medium_large size-medium_large\" alt=\"\" srcset=\"https:\/\/mammiko.pl\/wp-content\/uploads\/2022\/06\/Mammiko112-768x1152.jpg 768w, https:\/\/mammiko.pl\/wp-content\/uploads\/2022\/06\/Mammiko112-500x750.jpg 500w, https:\/\/mammiko.pl\/wp-content\/uploads\/2022\/06\/Mammiko112-1024x1536.jpg 1024w, https:\/\/mammiko.pl\/wp-content\/uploads\/2022\/06\/Mammiko112-200x300.jpg 200w, https:\/\/mammiko.pl\/wp-content\/uploads\/2022\/06\/Mammiko112-683x1024.jpg 683w, https:\/\/mammiko.pl\/wp-content\/uploads\/2022\/06\/Mammiko112.jpg 1267w\" sizes=\"(max-width: 640px) 100vw, 640px\" \/><\/a>\n\t\t\t<\/div><\/figure><figure class='gallery-item'>\n\t\t\t<div class='gallery-icon portrait'>\n\t\t\t\t<a data-elementor-open-lightbox=\"yes\" data-elementor-lightbox-slideshow=\"ab48ce6\" data-elementor-lightbox-title=\"Mammiko107\" data-e-action-hash=\"#elementor-action%3Aaction%3Dlightbox%26settings%3DeyJpZCI6MTQ1NjcsInVybCI6Imh0dHBzOlwvXC9tYW1taWtvLnBsXC93cC1jb250ZW50XC91cGxvYWRzXC8yMDIyXC8wNlwvTWFtbWlrbzEwNy5qcGciLCJzbGlkZXNob3ciOiJhYjQ4Y2U2In0%3D\" href='https:\/\/mammiko.pl\/wp-content\/uploads\/2022\/06\/Mammiko107.jpg'><img decoding=\"async\" width=\"640\" height=\"960\" src=\"https:\/\/mammiko.pl\/wp-content\/uploads\/2022\/06\/Mammiko107-768x1152.jpg\" class=\"attachment-medium_large size-medium_large\" alt=\"\" srcset=\"https:\/\/mammiko.pl\/wp-content\/uploads\/2022\/06\/Mammiko107-768x1152.jpg 768w, https:\/\/mammiko.pl\/wp-content\/uploads\/2022\/06\/Mammiko107-500x750.jpg 500w, https:\/\/mammiko.pl\/wp-content\/uploads\/2022\/06\/Mammiko107-1024x1536.jpg 1024w, https:\/\/mammiko.pl\/wp-content\/uploads\/2022\/06\/Mammiko107-200x300.jpg 200w, https:\/\/mammiko.pl\/wp-content\/uploads\/2022\/06\/Mammiko107-683x1024.jpg 683w, https:\/\/mammiko.pl\/wp-content\/uploads\/2022\/06\/Mammiko107.jpg 1267w\" sizes=\"(max-width: 640px) 100vw, 640px\" \/><\/a>\n\t\t\t<\/div><\/figure><figure class='gallery-item'>\n\t\t\t<div class='gallery-icon portrait'>\n\t\t\t\t<a data-elementor-open-lightbox=\"yes\" data-elementor-lightbox-slideshow=\"ab48ce6\" data-elementor-lightbox-title=\"Mammiko110\" data-e-action-hash=\"#elementor-action%3Aaction%3Dlightbox%26settings%3DeyJpZCI6MTQ0ODMsInVybCI6Imh0dHBzOlwvXC9tYW1taWtvLnBsXC93cC1jb250ZW50XC91cGxvYWRzXC8yMDIzXC8wOVwvTWFtbWlrbzExMC5qcGciLCJzbGlkZXNob3ciOiJhYjQ4Y2U2In0%3D\" href='https:\/\/mammiko.pl\/wp-content\/uploads\/2023\/09\/Mammiko110.jpg'><img decoding=\"async\" width=\"640\" height=\"960\" src=\"https:\/\/mammiko.pl\/wp-content\/uploads\/2023\/09\/Mammiko110-768x1152.jpg\" class=\"attachment-medium_large size-medium_large\" alt=\"\" srcset=\"https:\/\/mammiko.pl\/wp-content\/uploads\/2023\/09\/Mammiko110-768x1152.jpg 768w, https:\/\/mammiko.pl\/wp-content\/uploads\/2023\/09\/Mammiko110-500x750.jpg 500w, https:\/\/mammiko.pl\/wp-content\/uploads\/2023\/09\/Mammiko110-1024x1536.jpg 1024w, https:\/\/mammiko.pl\/wp-content\/uploads\/2023\/09\/Mammiko110-200x300.jpg 200w, https:\/\/mammiko.pl\/wp-content\/uploads\/2023\/09\/Mammiko110-683x1024.jpg 683w, https:\/\/mammiko.pl\/wp-content\/uploads\/2023\/09\/Mammiko110.jpg 1267w\" sizes=\"(max-width: 640px) 100vw, 640px\" \/><\/a>\n\t\t\t<\/div><\/figure><figure class='gallery-item'>\n\t\t\t<div class='gallery-icon portrait'>\n\t\t\t\t<a data-elementor-open-lightbox=\"yes\" data-elementor-lightbox-slideshow=\"ab48ce6\" data-elementor-lightbox-title=\"Mammiko8\" data-e-action-hash=\"#elementor-action%3Aaction%3Dlightbox%26settings%3DeyJpZCI6MTQ1NjUsInVybCI6Imh0dHBzOlwvXC9tYW1taWtvLnBsXC93cC1jb250ZW50XC91cGxvYWRzXC8yMDIyXC8wNlwvTWFtbWlrbzguanBnIiwic2xpZGVzaG93IjoiYWI0OGNlNiJ9\" href='https:\/\/mammiko.pl\/wp-content\/uploads\/2022\/06\/Mammiko8.jpg'><img loading=\"lazy\" decoding=\"async\" width=\"640\" height=\"960\" src=\"https:\/\/mammiko.pl\/wp-content\/uploads\/2022\/06\/Mammiko8-768x1152.jpg\" class=\"attachment-medium_large size-medium_large\" alt=\"\" srcset=\"https:\/\/mammiko.pl\/wp-content\/uploads\/2022\/06\/Mammiko8-768x1152.jpg 768w, https:\/\/mammiko.pl\/wp-content\/uploads\/2022\/06\/Mammiko8-500x750.jpg 500w, https:\/\/mammiko.pl\/wp-content\/uploads\/2022\/06\/Mammiko8-1024x1536.jpg 1024w, https:\/\/mammiko.pl\/wp-content\/uploads\/2022\/06\/Mammiko8-200x300.jpg 200w, https:\/\/mammiko.pl\/wp-content\/uploads\/2022\/06\/Mammiko8-683x1024.jpg 683w, https:\/\/mammiko.pl\/wp-content\/uploads\/2022\/06\/Mammiko8.jpg 1267w\" sizes=\"(max-width: 640px) 100vw, 640px\" \/><\/a>\n\t\t\t<\/div><\/figure><figure class='gallery-item'>\n\t\t\t<div class='gallery-icon portrait'>\n\t\t\t\t<a data-elementor-open-lightbox=\"yes\" data-elementor-lightbox-slideshow=\"ab48ce6\" data-elementor-lightbox-title=\"Mammiko5\" data-e-action-hash=\"#elementor-action%3Aaction%3Dlightbox%26settings%3DeyJpZCI6MTQ1NjQsInVybCI6Imh0dHBzOlwvXC9tYW1taWtvLnBsXC93cC1jb250ZW50XC91cGxvYWRzXC8yMDIyXC8wNlwvTWFtbWlrbzUuanBnIiwic2xpZGVzaG93IjoiYWI0OGNlNiJ9\" href='https:\/\/mammiko.pl\/wp-content\/uploads\/2022\/06\/Mammiko5.jpg'><img loading=\"lazy\" decoding=\"async\" width=\"640\" height=\"960\" src=\"https:\/\/mammiko.pl\/wp-content\/uploads\/2022\/06\/Mammiko5-768x1152.jpg\" class=\"attachment-medium_large size-medium_large\" alt=\"\" srcset=\"https:\/\/mammiko.pl\/wp-content\/uploads\/2022\/06\/Mammiko5-768x1152.jpg 768w, https:\/\/mammiko.pl\/wp-content\/uploads\/2022\/06\/Mammiko5-500x750.jpg 500w, https:\/\/mammiko.pl\/wp-content\/uploads\/2022\/06\/Mammiko5-1024x1536.jpg 1024w, https:\/\/mammiko.pl\/wp-content\/uploads\/2022\/06\/Mammiko5-200x300.jpg 200w, https:\/\/mammiko.pl\/wp-content\/uploads\/2022\/06\/Mammiko5-683x1024.jpg 683w, https:\/\/mammiko.pl\/wp-content\/uploads\/2022\/06\/Mammiko5.jpg 1267w\" sizes=\"(max-width: 640px) 100vw, 640px\" \/><\/a>\n\t\t\t<\/div><\/figure><figure class='gallery-item'>\n\t\t\t<div class='gallery-icon portrait'>\n\t\t\t\t<a data-elementor-open-lightbox=\"yes\" data-elementor-lightbox-slideshow=\"ab48ce6\" data-elementor-lightbox-title=\"Mammiko6\" data-e-action-hash=\"#elementor-action%3Aaction%3Dlightbox%26settings%3DeyJpZCI6MTQ1NjMsInVybCI6Imh0dHBzOlwvXC9tYW1taWtvLnBsXC93cC1jb250ZW50XC91cGxvYWRzXC8yMDIyXC8wM1wvTWFtbWlrbzYuanBnIiwic2xpZGVzaG93IjoiYWI0OGNlNiJ9\" href='https:\/\/mammiko.pl\/wp-content\/uploads\/2022\/03\/Mammiko6.jpg'><img loading=\"lazy\" decoding=\"async\" width=\"640\" height=\"960\" src=\"https:\/\/mammiko.pl\/wp-content\/uploads\/2022\/03\/Mammiko6-768x1152.jpg\" class=\"attachment-medium_large size-medium_large\" alt=\"\" srcset=\"https:\/\/mammiko.pl\/wp-content\/uploads\/2022\/03\/Mammiko6-768x1152.jpg 768w, https:\/\/mammiko.pl\/wp-content\/uploads\/2022\/03\/Mammiko6-500x750.jpg 500w, https:\/\/mammiko.pl\/wp-content\/uploads\/2022\/03\/Mammiko6-1024x1536.jpg 1024w, https:\/\/mammiko.pl\/wp-content\/uploads\/2022\/03\/Mammiko6-200x300.jpg 200w, https:\/\/mammiko.pl\/wp-content\/uploads\/2022\/03\/Mammiko6-683x1024.jpg 683w, https:\/\/mammiko.pl\/wp-content\/uploads\/2022\/03\/Mammiko6.jpg 1267w\" sizes=\"(max-width: 640px) 100vw, 640px\" \/><\/a>\n\t\t\t<\/div><\/figure><figure class='gallery-item'>\n\t\t\t<div class='gallery-icon portrait'>\n\t\t\t\t<a data-elementor-open-lightbox=\"yes\" data-elementor-lightbox-slideshow=\"ab48ce6\" data-elementor-lightbox-title=\"Mammiko 115\" data-e-action-hash=\"#elementor-action%3Aaction%3Dlightbox%26settings%3DeyJpZCI6MTQ0ODQsInVybCI6Imh0dHBzOlwvXC9tYW1taWtvLnBsXC93cC1jb250ZW50XC91cGxvYWRzXC8yMDIzXC8wOVwvTWFtbWlrbzExNS5qcGciLCJzbGlkZXNob3ciOiJhYjQ4Y2U2In0%3D\" href='https:\/\/mammiko.pl\/wp-content\/uploads\/2023\/09\/Mammiko115.jpg'><img loading=\"lazy\" decoding=\"async\" width=\"640\" height=\"960\" src=\"https:\/\/mammiko.pl\/wp-content\/uploads\/2023\/09\/Mammiko115-768x1152.jpg\" class=\"attachment-medium_large size-medium_large\" alt=\"\" srcset=\"https:\/\/mammiko.pl\/wp-content\/uploads\/2023\/09\/Mammiko115-768x1152.jpg 768w, https:\/\/mammiko.pl\/wp-content\/uploads\/2023\/09\/Mammiko115-500x750.jpg 500w, https:\/\/mammiko.pl\/wp-content\/uploads\/2023\/09\/Mammiko115-1024x1536.jpg 1024w, https:\/\/mammiko.pl\/wp-content\/uploads\/2023\/09\/Mammiko115-200x300.jpg 200w, https:\/\/mammiko.pl\/wp-content\/uploads\/2023\/09\/Mammiko115-683x1024.jpg 683w, https:\/\/mammiko.pl\/wp-content\/uploads\/2023\/09\/Mammiko115.jpg 1267w\" sizes=\"(max-width: 640px) 100vw, 640px\" \/><\/a>\n\t\t\t<\/div><\/figure><figure class='gallery-item'>\n\t\t\t<div class='gallery-icon portrait'>\n\t\t\t\t<a data-elementor-open-lightbox=\"yes\" data-elementor-lightbox-slideshow=\"ab48ce6\" data-elementor-lightbox-title=\"Mammiko109\" data-e-action-hash=\"#elementor-action%3Aaction%3Dlightbox%26settings%3DeyJpZCI6MTQ1NjgsInVybCI6Imh0dHBzOlwvXC9tYW1taWtvLnBsXC93cC1jb250ZW50XC91cGxvYWRzXC8yMDIyXC8wNlwvTWFtbWlrbzEwOS5qcGciLCJzbGlkZXNob3ciOiJhYjQ4Y2U2In0%3D\" href='https:\/\/mammiko.pl\/wp-content\/uploads\/2022\/06\/Mammiko109.jpg'><img loading=\"lazy\" decoding=\"async\" width=\"640\" height=\"960\" src=\"https:\/\/mammiko.pl\/wp-content\/uploads\/2022\/06\/Mammiko109-768x1152.jpg\" class=\"attachment-medium_large size-medium_large\" alt=\"\" srcset=\"https:\/\/mammiko.pl\/wp-content\/uploads\/2022\/06\/Mammiko109-768x1152.jpg 768w, https:\/\/mammiko.pl\/wp-content\/uploads\/2022\/06\/Mammiko109-500x750.jpg 500w, https:\/\/mammiko.pl\/wp-content\/uploads\/2022\/06\/Mammiko109-1024x1536.jpg 1024w, https:\/\/mammiko.pl\/wp-content\/uploads\/2022\/06\/Mammiko109-200x300.jpg 200w, https:\/\/mammiko.pl\/wp-content\/uploads\/2022\/06\/Mammiko109-683x1024.jpg 683w, https:\/\/mammiko.pl\/wp-content\/uploads\/2022\/06\/Mammiko109.jpg 1267w\" sizes=\"(max-width: 640px) 100vw, 640px\" \/><\/a>\n\t\t\t<\/div><\/figure><figure class='gallery-item'>\n\t\t\t<div class='gallery-icon portrait'>\n\t\t\t\t<a data-elementor-open-lightbox=\"yes\" data-elementor-lightbox-slideshow=\"ab48ce6\" data-elementor-lightbox-title=\"Mammiko114\" data-e-action-hash=\"#elementor-action%3Aaction%3Dlightbox%26settings%3DeyJpZCI6MTU2MzMsInVybCI6Imh0dHBzOlwvXC9tYW1taWtvLnBsXC93cC1jb250ZW50XC91cGxvYWRzXC8yMDIxXC8xMlwvTWFtbWlrbzExNC5qcGciLCJzbGlkZXNob3ciOiJhYjQ4Y2U2In0%3D\" href='https:\/\/mammiko.pl\/wp-content\/uploads\/2021\/12\/Mammiko114.jpg'><img loading=\"lazy\" decoding=\"async\" width=\"640\" height=\"960\" src=\"https:\/\/mammiko.pl\/wp-content\/uploads\/2021\/12\/Mammiko114-768x1152.jpg\" class=\"attachment-medium_large size-medium_large\" alt=\"\" srcset=\"https:\/\/mammiko.pl\/wp-content\/uploads\/2021\/12\/Mammiko114-768x1152.jpg 768w, https:\/\/mammiko.pl\/wp-content\/uploads\/2021\/12\/Mammiko114-200x300.jpg 200w, https:\/\/mammiko.pl\/wp-content\/uploads\/2021\/12\/Mammiko114-683x1024.jpg 683w, https:\/\/mammiko.pl\/wp-content\/uploads\/2021\/12\/Mammiko114-1024x1536.jpg 1024w, https:\/\/mammiko.pl\/wp-content\/uploads\/2021\/12\/Mammiko114-8x12.jpg 8w, https:\/\/mammiko.pl\/wp-content\/uploads\/2021\/12\/Mammiko114-500x750.jpg 500w, https:\/\/mammiko.pl\/wp-content\/uploads\/2021\/12\/Mammiko114.jpg 1067w\" sizes=\"(max-width: 640px) 100vw, 640px\" \/><\/a>\n\t\t\t<\/div><\/figure><figure class='gallery-item'>\n\t\t\t<div class='gallery-icon portrait'>\n\t\t\t\t<a data-elementor-open-lightbox=\"yes\" data-elementor-lightbox-slideshow=\"ab48ce6\" data-elementor-lightbox-title=\"Mammiko7\" data-e-action-hash=\"#elementor-action%3Aaction%3Dlightbox%26settings%3DeyJpZCI6MTU2MzQsInVybCI6Imh0dHBzOlwvXC9tYW1taWtvLnBsXC93cC1jb250ZW50XC91cGxvYWRzXC8yMDIxXC8xMlwvTWFtbWlrbzcuanBnIiwic2xpZGVzaG93IjoiYWI0OGNlNiJ9\" href='https:\/\/mammiko.pl\/wp-content\/uploads\/2021\/12\/Mammiko7.jpg'><img loading=\"lazy\" decoding=\"async\" width=\"640\" height=\"960\" src=\"https:\/\/mammiko.pl\/wp-content\/uploads\/2021\/12\/Mammiko7-768x1152.jpg\" class=\"attachment-medium_large size-medium_large\" alt=\"\" srcset=\"https:\/\/mammiko.pl\/wp-content\/uploads\/2021\/12\/Mammiko7-768x1152.jpg 768w, https:\/\/mammiko.pl\/wp-content\/uploads\/2021\/12\/Mammiko7-200x300.jpg 200w, https:\/\/mammiko.pl\/wp-content\/uploads\/2021\/12\/Mammiko7-683x1024.jpg 683w, https:\/\/mammiko.pl\/wp-content\/uploads\/2021\/12\/Mammiko7-1024x1536.jpg 1024w, https:\/\/mammiko.pl\/wp-content\/uploads\/2021\/12\/Mammiko7-8x12.jpg 8w, https:\/\/mammiko.pl\/wp-content\/uploads\/2021\/12\/Mammiko7-500x750.jpg 500w, https:\/\/mammiko.pl\/wp-content\/uploads\/2021\/12\/Mammiko7.jpg 1067w\" sizes=\"(max-width: 640px) 100vw, 640px\" \/><\/a>\n\t\t\t<\/div><\/figure><figure class='gallery-item'>\n\t\t\t<div class='gallery-icon portrait'>\n\t\t\t\t<a data-elementor-open-lightbox=\"yes\" data-elementor-lightbox-slideshow=\"ab48ce6\" data-elementor-lightbox-title=\"Mammiko9\" data-e-action-hash=\"#elementor-action%3Aaction%3Dlightbox%26settings%3DeyJpZCI6MTU2MzUsInVybCI6Imh0dHBzOlwvXC9tYW1taWtvLnBsXC93cC1jb250ZW50XC91cGxvYWRzXC8yMDIxXC8xMlwvTWFtbWlrbzkuanBnIiwic2xpZGVzaG93IjoiYWI0OGNlNiJ9\" href='https:\/\/mammiko.pl\/wp-content\/uploads\/2021\/12\/Mammiko9.jpg'><img loading=\"lazy\" decoding=\"async\" width=\"640\" height=\"960\" src=\"https:\/\/mammiko.pl\/wp-content\/uploads\/2021\/12\/Mammiko9-768x1152.jpg\" class=\"attachment-medium_large size-medium_large\" alt=\"\" srcset=\"https:\/\/mammiko.pl\/wp-content\/uploads\/2021\/12\/Mammiko9-768x1152.jpg 768w, https:\/\/mammiko.pl\/wp-content\/uploads\/2021\/12\/Mammiko9-200x300.jpg 200w, https:\/\/mammiko.pl\/wp-content\/uploads\/2021\/12\/Mammiko9-683x1024.jpg 683w, https:\/\/mammiko.pl\/wp-content\/uploads\/2021\/12\/Mammiko9-1024x1536.jpg 1024w, https:\/\/mammiko.pl\/wp-content\/uploads\/2021\/12\/Mammiko9-8x12.jpg 8w, https:\/\/mammiko.pl\/wp-content\/uploads\/2021\/12\/Mammiko9-500x750.jpg 500w, https:\/\/mammiko.pl\/wp-content\/uploads\/2021\/12\/Mammiko9.jpg 1067w\" sizes=\"(max-width: 640px) 100vw, 640px\" \/><\/a>\n\t\t\t<\/div><\/figure><figure class='gallery-item'>\n\t\t\t<div class='gallery-icon portrait'>\n\t\t\t\t<a data-elementor-open-lightbox=\"yes\" data-elementor-lightbox-slideshow=\"ab48ce6\" data-elementor-lightbox-title=\"Mammiko17\" data-e-action-hash=\"#elementor-action%3Aaction%3Dlightbox%26settings%3DeyJpZCI6MTU2MzYsInVybCI6Imh0dHBzOlwvXC9tYW1taWtvLnBsXC93cC1jb250ZW50XC91cGxvYWRzXC8yMDIxXC8xMlwvTWFtbWlrbzE3LmpwZyIsInNsaWRlc2hvdyI6ImFiNDhjZTYifQ%3D%3D\" href='https:\/\/mammiko.pl\/wp-content\/uploads\/2021\/12\/Mammiko17.jpg'><img loading=\"lazy\" decoding=\"async\" width=\"640\" height=\"960\" src=\"https:\/\/mammiko.pl\/wp-content\/uploads\/2021\/12\/Mammiko17-768x1152.jpg\" class=\"attachment-medium_large size-medium_large\" alt=\"\" srcset=\"https:\/\/mammiko.pl\/wp-content\/uploads\/2021\/12\/Mammiko17-768x1152.jpg 768w, https:\/\/mammiko.pl\/wp-content\/uploads\/2021\/12\/Mammiko17-200x300.jpg 200w, https:\/\/mammiko.pl\/wp-content\/uploads\/2021\/12\/Mammiko17-683x1024.jpg 683w, https:\/\/mammiko.pl\/wp-content\/uploads\/2021\/12\/Mammiko17-1024x1536.jpg 1024w, https:\/\/mammiko.pl\/wp-content\/uploads\/2021\/12\/Mammiko17-8x12.jpg 8w, https:\/\/mammiko.pl\/wp-content\/uploads\/2021\/12\/Mammiko17-500x750.jpg 500w, https:\/\/mammiko.pl\/wp-content\/uploads\/2021\/12\/Mammiko17.jpg 1067w\" sizes=\"(max-width: 640px) 100vw, 640px\" \/><\/a>\n\t\t\t<\/div><\/figure>\n\t\t<\/div>\n\t\t<\/div>\n\t\t\t\t\t\t<\/div>\n\t\t\t\t<\/div>\n\t\t\t\t<div class=\"elementor-element elementor-element-3b33bfa elementor-align-center elementor-widget elementor-widget-bloompixel-gradient-button\" data-id=\"3b33bfa\" data-element_type=\"widget\" data-widget_type=\"bloompixel-gradient-button.default\">\n\t\t\t\t<div class=\"elementor-widget-container\">\n\t\t\t\t\t\t\t<div class=\"elementor-button-wrapper button-defautl\">\r\n\t\t\t<a href=\"https:\/\/mammiko.pl\/de\/produkt\/so-pink\/\" class=\"elementor-button-link elementor-button btn-main classic elementor-size-sm\" role=\"button\">\r\n\t\t\t\t\t\t<span class=\"elementor-button-content-wrapper\">\r\n\t\t\t\t\t\t<span class=\"elementor-button-icon elementor-align-icon-right\">\r\n\t\t\t\t<i aria-hidden=\"true\" class=\"jws-icon-arrow-up-right-thin-1\"><\/i>  \r\n\t\t\t<\/span>\r\n\t\t\t\t\t\t<span class=\"elementor-button-text\">Deine Rita So? Pink! wartet auf dich<\/span>\r\n\t\t<\/span>\r\n\t\t\t\t\t<\/a>\r\n\t\t<\/div>\r\n\t\t\t\t\t\t<\/div>\n\t\t\t\t<\/div>\n\t\t\t\t\t<\/div>\n\t\t<\/div>\n\t\t\t\t      \r\n            \r\n              \r\n            \r\n            \t\r\n\t\t\t<\/div>\r\n\t\t<\/section>\r\n\t\t\t\t<\/div>","protected":false},"excerpt":{"rendered":"<p>So? Pink! Sukienka &#8222;So? Pink!&#8221; to prawdziwa uczta dla oka i wyraz mojej pasji do tworzenia ubra\u0144, kt\u00f3re nie tylko s\u0105 praktyczne, ale tak\u017ce pi\u0119kne. Materia\u0142 w kolorze r\u00f3\u017cu i ciemnego br\u0105zu zdobiony azteckimi wzorami tworzy niezwykle efektowny print, kt\u00f3ry przywo\u0142uje w my\u015blach przepi\u0119kne wiosenne kwiaty lub soczyste maliny. To po\u0142\u0105czenie kolor\u00f3w i wzor\u00f3w, kt\u00f3re [&hellip;]<\/p>","protected":false},"author":1,"featured_media":0,"parent":0,"menu_order":0,"comment_status":"closed","ping_status":"closed","template":"","meta":{"footnotes":""},"class_list":["post-15612","page","type-page","status-publish","hentry"],"_links":{"self":[{"href":"https:\/\/mammiko.pl\/de\/wp-json\/wp\/v2\/pages\/15612","targetHints":{"allow":["GET"]}}],"collection":[{"href":"https:\/\/mammiko.pl\/de\/wp-json\/wp\/v2\/pages"}],"about":[{"href":"https:\/\/mammiko.pl\/de\/wp-json\/wp\/v2\/types\/page"}],"author":[{"embeddable":true,"href":"https:\/\/mammiko.pl\/de\/wp-json\/wp\/v2\/users\/1"}],"replies":[{"embeddable":true,"href":"https:\/\/mammiko.pl\/de\/wp-json\/wp\/v2\/comments?post=15612"}],"version-history":[{"count":16,"href":"https:\/\/mammiko.pl\/de\/wp-json\/wp\/v2\/pages\/15612\/revisions"}],"predecessor-version":[{"id":15917,"href":"https:\/\/mammiko.pl\/de\/wp-json\/wp\/v2\/pages\/15612\/revisions\/15917"}],"wp:attachment":[{"href":"https:\/\/mammiko.pl\/de\/wp-json\/wp\/v2\/media?parent=15612"}],"curies":[{"name":"wp","href":"https:\/\/api.w.org\/{rel}","templated":true}]}}