{"id":15610,"date":"2023-10-10T20:02:34","date_gmt":"2023-10-10T18:02:34","guid":{"rendered":"https:\/\/mammiko.pl\/?page_id=15610"},"modified":"2023-11-23T16:27:42","modified_gmt":"2023-11-23T15:27:42","slug":"simply-boho","status":"publish","type":"page","link":"https:\/\/mammiko.pl\/de\/simply-boho\/","title":{"rendered":"Simply Boho"},"content":{"rendered":"<div data-elementor-type=\"wp-page\" data-elementor-id=\"15610\" class=\"elementor elementor-15610\">\n\t\t\t\t\t\t<section class=\"elementor-section elementor-top-section elementor-element elementor-element-c3453ab elementor-section-content-middle elementor-section-boxed elementor-section-height-default elementor-section-height-default\" data-id=\"c3453ab\" data-element_type=\"section\">\r\n\t\t\t\t\t\t<div class=\"elementor-container elementor-column-gap-wider jws_section_\" >\r\n\t\t\t\t<div class=\"elementor-column elementor-col-100 elementor-top-column elementor-element elementor-element-34cf886\" data-id=\"34cf886\" data-element_type=\"column\">\n\t\t\t<div class=\"elementor-widget-wrap elementor-element-populated\">\n\t\t\t\t\t\t<div class=\"elementor-element elementor-element-baa9909 elementor-widget elementor-widget-heading\" data-id=\"baa9909\" data-element_type=\"widget\" data-widget_type=\"heading.default\">\n\t\t\t\t<div class=\"elementor-widget-container\">\n\t\t\t\t\t<h1 class=\"elementor-heading-title elementor-size-default\">Simply Boho<\/h1>\t\t\t\t<\/div>\n\t\t\t\t<\/div>\n\t\t\t\t<div class=\"elementor-element elementor-element-205dab5 elementor-widget__width-initial elementor-widget elementor-widget-text-editor\" data-id=\"205dab5\" data-element_type=\"widget\" data-widget_type=\"text-editor.default\">\n\t\t\t\t<div class=\"elementor-widget-container\">\n\t\t\t\t\t\t\t\t\t<p>Rita ist nicht nur ein Stillkleid. Es ist der Ausdruck meiner Sorge um eure Bed\u00fcrfnisse und Komfort. Das Kleid \"Simply Boho\" ist der absolute Hit der Sommergarderobe, der nicht nur die Sch\u00f6nheit jeder Mama unterstreicht, sondern sie auch leicht und frei f\u00fchlen l\u00e4sst. Es ist ein Kleid mit kurzen Puff\u00e4rmeln, das Weiblichkeit und Subtilit\u00e4t ausstrahlt. Die helle Farbe des Kleides und das zarte Blumenmuster verleihen ihm eine einzigartige Leichtigkeit.\u2028<\/p><p>Der leichte Stoff macht das Kleid \"Simply Boho\" ideal f\u00fcr Sommertage. Es erm\u00f6glicht es, den besonderen Moment des Stillens auf bequeme und stylische Weise zu genie\u00dfen. Das Blumenmuster verleiht ihm Charme und Romantik und erm\u00f6glicht es gleichzeitig, es zu verschiedenen Anl\u00e4ssen zu tragen, sowohl beim Spaziergang im Park als auch beim sommerlichen Abendessen auf der Terrasse.\u2028\u2028<\/p><p>F\u00fcr mich ist \"Simply Boho\" das Kleid, das die Freude am Muttersein symbolisiert. Es ist der Ausdruck meiner Liebe zur Sch\u00f6nheit und Funktionalit\u00e4t. Es erm\u00f6glicht, sich au\u00dfergew\u00f6hnlich und frei zu f\u00fchlen, unabh\u00e4ngig von den Umst\u00e4nden. Ich bin sicher, dass ihr euch beim Tragen nicht nur sch\u00f6n, sondern auch selbstbewusst f\u00fchlen werdet, bereit f\u00fcr jedes Abenteuer des Mutterseins.\u2028<\/p>\t\t\t\t\t\t\t\t<\/div>\n\t\t\t\t<\/div>\n\t\t\t\t<div class=\"elementor-element elementor-element-243c38a elementor-align-center elementor-widget elementor-widget-bloompixel-gradient-button\" data-id=\"243c38a\" data-element_type=\"widget\" data-widget_type=\"bloompixel-gradient-button.default\">\n\t\t\t\t<div class=\"elementor-widget-container\">\n\t\t\t\t\t\t\t<div class=\"elementor-button-wrapper button-defautl\">\r\n\t\t\t<a href=\"https:\/\/mammiko.pl\/de\/produkt\/simply-boho-mammiko-82\/\" class=\"elementor-button-link elementor-button btn-main classic elementor-size-sm\" role=\"button\">\r\n\t\t\t\t\t\t<span class=\"elementor-button-content-wrapper\">\r\n\t\t\t\t\t\t<span class=\"elementor-button-icon elementor-align-icon-right\">\r\n\t\t\t\t<i aria-hidden=\"true\" class=\"jws-icon-arrow-up-right-thin-1\"><\/i>  \r\n\t\t\t<\/span>\r\n\t\t\t\t\t\t<span class=\"elementor-button-text\">Deine Rita Simply Boho wartet auf dich\u2028<\/span>\r\n\t\t<\/span>\r\n\t\t\t\t\t<\/a>\r\n\t\t<\/div>\r\n\t\t\t\t\t\t<\/div>\n\t\t\t\t<\/div>\n\t\t\t\t\t<\/div>\n\t\t<\/div>\n\t\t\t\t      \r\n            \r\n              \r\n            \r\n            \t\r\n\t\t\t<\/div>\r\n\t\t<\/section>\r\n\t\t\t\t<section class=\"elementor-section elementor-top-section elementor-element elementor-element-399ed71 elementor-section-boxed elementor-section-height-default elementor-section-height-default\" data-id=\"399ed71\" data-element_type=\"section\">\r\n\t\t\t\t\t\t<div class=\"elementor-container elementor-column-gap-default jws_section_\" >\r\n\t\t\t\t<div class=\"elementor-column elementor-col-100 elementor-top-column elementor-element elementor-element-e5f9f2a\" data-id=\"e5f9f2a\" data-element_type=\"column\">\n\t\t\t<div class=\"elementor-widget-wrap elementor-element-populated\">\n\t\t\t\t\t\t<div class=\"elementor-element elementor-element-c8b0081 gallery-spacing-custom elementor-widget elementor-widget-image-gallery\" data-id=\"c8b0081\" data-element_type=\"widget\" data-widget_type=\"image-gallery.default\">\n\t\t\t\t<div class=\"elementor-widget-container\">\n\t\t\t\t\t\t\t<div class=\"elementor-image-gallery\">\n\t\t\t<div id='gallery-1' class='gallery galleryid-15610 gallery-columns-4 gallery-size-medium_large'><figure class='gallery-item'>\n\t\t\t<div class='gallery-icon portrait'>\n\t\t\t\t<a data-elementor-open-lightbox=\"yes\" data-elementor-lightbox-slideshow=\"c8b0081\" data-elementor-lightbox-title=\"Mammiko81\" data-e-action-hash=\"#elementor-action%3Aaction%3Dlightbox%26settings%3DeyJpZCI6MTQ1OTcsInVybCI6Imh0dHBzOlwvXC9tYW1taWtvLnBsXC93cC1jb250ZW50XC91cGxvYWRzXC8yMDIyXC8wNlwvTWFtbWlrbzgxLmpwZyIsInNsaWRlc2hvdyI6ImM4YjAwODEifQ%3D%3D\" href='https:\/\/mammiko.pl\/wp-content\/uploads\/2022\/06\/Mammiko81.jpg'><img fetchpriority=\"high\" decoding=\"async\" width=\"640\" height=\"960\" src=\"https:\/\/mammiko.pl\/wp-content\/uploads\/2022\/06\/Mammiko81-768x1152.jpg\" class=\"attachment-medium_large size-medium_large\" alt=\"\" srcset=\"https:\/\/mammiko.pl\/wp-content\/uploads\/2022\/06\/Mammiko81-768x1152.jpg 768w, https:\/\/mammiko.pl\/wp-content\/uploads\/2022\/06\/Mammiko81-500x750.jpg 500w, https:\/\/mammiko.pl\/wp-content\/uploads\/2022\/06\/Mammiko81-1024x1536.jpg 1024w, https:\/\/mammiko.pl\/wp-content\/uploads\/2022\/06\/Mammiko81-200x300.jpg 200w, https:\/\/mammiko.pl\/wp-content\/uploads\/2022\/06\/Mammiko81-683x1024.jpg 683w, https:\/\/mammiko.pl\/wp-content\/uploads\/2022\/06\/Mammiko81.jpg 1267w\" sizes=\"(max-width: 640px) 100vw, 640px\" \/><\/a>\n\t\t\t<\/div><\/figure><figure class='gallery-item'>\n\t\t\t<div class='gallery-icon portrait'>\n\t\t\t\t<a data-elementor-open-lightbox=\"yes\" data-elementor-lightbox-slideshow=\"c8b0081\" data-elementor-lightbox-title=\"Mammiko70\" data-e-action-hash=\"#elementor-action%3Aaction%3Dlightbox%26settings%3DeyJpZCI6MTQ1OTEsInVybCI6Imh0dHBzOlwvXC9tYW1taWtvLnBsXC93cC1jb250ZW50XC91cGxvYWRzXC8yMDIyXC8wNlwvTWFtbWlrbzcwLmpwZyIsInNsaWRlc2hvdyI6ImM4YjAwODEifQ%3D%3D\" href='https:\/\/mammiko.pl\/wp-content\/uploads\/2022\/06\/Mammiko70.jpg'><img decoding=\"async\" width=\"640\" height=\"960\" src=\"https:\/\/mammiko.pl\/wp-content\/uploads\/2022\/06\/Mammiko70-768x1152.jpg\" class=\"attachment-medium_large size-medium_large\" alt=\"\" srcset=\"https:\/\/mammiko.pl\/wp-content\/uploads\/2022\/06\/Mammiko70-768x1152.jpg 768w, https:\/\/mammiko.pl\/wp-content\/uploads\/2022\/06\/Mammiko70-500x750.jpg 500w, https:\/\/mammiko.pl\/wp-content\/uploads\/2022\/06\/Mammiko70-1024x1536.jpg 1024w, https:\/\/mammiko.pl\/wp-content\/uploads\/2022\/06\/Mammiko70-200x300.jpg 200w, https:\/\/mammiko.pl\/wp-content\/uploads\/2022\/06\/Mammiko70-683x1024.jpg 683w, https:\/\/mammiko.pl\/wp-content\/uploads\/2022\/06\/Mammiko70.jpg 1267w\" sizes=\"(max-width: 640px) 100vw, 640px\" \/><\/a>\n\t\t\t<\/div><\/figure><figure class='gallery-item'>\n\t\t\t<div class='gallery-icon portrait'>\n\t\t\t\t<a data-elementor-open-lightbox=\"yes\" data-elementor-lightbox-slideshow=\"c8b0081\" data-elementor-lightbox-title=\"Mammiko75\" data-e-action-hash=\"#elementor-action%3Aaction%3Dlightbox%26settings%3DeyJpZCI6MTQ1OTMsInVybCI6Imh0dHBzOlwvXC9tYW1taWtvLnBsXC93cC1jb250ZW50XC91cGxvYWRzXC8yMDIyXC8wNlwvTWFtbWlrbzc1LmpwZyIsInNsaWRlc2hvdyI6ImM4YjAwODEifQ%3D%3D\" href='https:\/\/mammiko.pl\/wp-content\/uploads\/2022\/06\/Mammiko75.jpg'><img decoding=\"async\" width=\"640\" height=\"960\" src=\"https:\/\/mammiko.pl\/wp-content\/uploads\/2022\/06\/Mammiko75-768x1152.jpg\" class=\"attachment-medium_large size-medium_large\" alt=\"\" srcset=\"https:\/\/mammiko.pl\/wp-content\/uploads\/2022\/06\/Mammiko75-768x1152.jpg 768w, https:\/\/mammiko.pl\/wp-content\/uploads\/2022\/06\/Mammiko75-500x750.jpg 500w, https:\/\/mammiko.pl\/wp-content\/uploads\/2022\/06\/Mammiko75-1024x1536.jpg 1024w, https:\/\/mammiko.pl\/wp-content\/uploads\/2022\/06\/Mammiko75-200x300.jpg 200w, https:\/\/mammiko.pl\/wp-content\/uploads\/2022\/06\/Mammiko75-683x1024.jpg 683w, https:\/\/mammiko.pl\/wp-content\/uploads\/2022\/06\/Mammiko75.jpg 1267w\" sizes=\"(max-width: 640px) 100vw, 640px\" \/><\/a>\n\t\t\t<\/div><\/figure><figure class='gallery-item'>\n\t\t\t<div class='gallery-icon portrait'>\n\t\t\t\t<a data-elementor-open-lightbox=\"yes\" data-elementor-lightbox-slideshow=\"c8b0081\" data-elementor-lightbox-title=\"Mammiko73\" data-e-action-hash=\"#elementor-action%3Aaction%3Dlightbox%26settings%3DeyJpZCI6MTQ1OTIsInVybCI6Imh0dHBzOlwvXC9tYW1taWtvLnBsXC93cC1jb250ZW50XC91cGxvYWRzXC8yMDIyXC8wNlwvTWFtbWlrbzczLmpwZyIsInNsaWRlc2hvdyI6ImM4YjAwODEifQ%3D%3D\" href='https:\/\/mammiko.pl\/wp-content\/uploads\/2022\/06\/Mammiko73.jpg'><img loading=\"lazy\" decoding=\"async\" width=\"640\" height=\"960\" src=\"https:\/\/mammiko.pl\/wp-content\/uploads\/2022\/06\/Mammiko73-768x1152.jpg\" class=\"attachment-medium_large size-medium_large\" alt=\"\" srcset=\"https:\/\/mammiko.pl\/wp-content\/uploads\/2022\/06\/Mammiko73-768x1152.jpg 768w, https:\/\/mammiko.pl\/wp-content\/uploads\/2022\/06\/Mammiko73-500x750.jpg 500w, https:\/\/mammiko.pl\/wp-content\/uploads\/2022\/06\/Mammiko73-1024x1536.jpg 1024w, https:\/\/mammiko.pl\/wp-content\/uploads\/2022\/06\/Mammiko73-200x300.jpg 200w, https:\/\/mammiko.pl\/wp-content\/uploads\/2022\/06\/Mammiko73-683x1024.jpg 683w, https:\/\/mammiko.pl\/wp-content\/uploads\/2022\/06\/Mammiko73.jpg 1267w\" sizes=\"(max-width: 640px) 100vw, 640px\" \/><\/a>\n\t\t\t<\/div><\/figure><figure class='gallery-item'>\n\t\t\t<div class='gallery-icon portrait'>\n\t\t\t\t<a data-elementor-open-lightbox=\"yes\" data-elementor-lightbox-slideshow=\"c8b0081\" data-elementor-lightbox-title=\"Mammiko68\" data-e-action-hash=\"#elementor-action%3Aaction%3Dlightbox%26settings%3DeyJpZCI6MTQ1OTAsInVybCI6Imh0dHBzOlwvXC9tYW1taWtvLnBsXC93cC1jb250ZW50XC91cGxvYWRzXC8yMDIyXC8wNlwvTWFtbWlrbzY4LmpwZyIsInNsaWRlc2hvdyI6ImM4YjAwODEifQ%3D%3D\" href='https:\/\/mammiko.pl\/wp-content\/uploads\/2022\/06\/Mammiko68.jpg'><img loading=\"lazy\" decoding=\"async\" width=\"640\" height=\"960\" src=\"https:\/\/mammiko.pl\/wp-content\/uploads\/2022\/06\/Mammiko68-768x1152.jpg\" class=\"attachment-medium_large size-medium_large\" alt=\"\" srcset=\"https:\/\/mammiko.pl\/wp-content\/uploads\/2022\/06\/Mammiko68-768x1152.jpg 768w, https:\/\/mammiko.pl\/wp-content\/uploads\/2022\/06\/Mammiko68-500x750.jpg 500w, https:\/\/mammiko.pl\/wp-content\/uploads\/2022\/06\/Mammiko68-1024x1536.jpg 1024w, https:\/\/mammiko.pl\/wp-content\/uploads\/2022\/06\/Mammiko68-200x300.jpg 200w, https:\/\/mammiko.pl\/wp-content\/uploads\/2022\/06\/Mammiko68-683x1024.jpg 683w, https:\/\/mammiko.pl\/wp-content\/uploads\/2022\/06\/Mammiko68.jpg 1267w\" sizes=\"(max-width: 640px) 100vw, 640px\" \/><\/a>\n\t\t\t<\/div><\/figure><figure class='gallery-item'>\n\t\t\t<div class='gallery-icon portrait'>\n\t\t\t\t<a data-elementor-open-lightbox=\"yes\" data-elementor-lightbox-slideshow=\"c8b0081\" data-elementor-lightbox-title=\"Mammiko66\" data-e-action-hash=\"#elementor-action%3Aaction%3Dlightbox%26settings%3DeyJpZCI6MTQ1ODksInVybCI6Imh0dHBzOlwvXC9tYW1taWtvLnBsXC93cC1jb250ZW50XC91cGxvYWRzXC8yMDIyXC8wNlwvTWFtbWlrbzY2LmpwZyIsInNsaWRlc2hvdyI6ImM4YjAwODEifQ%3D%3D\" href='https:\/\/mammiko.pl\/wp-content\/uploads\/2022\/06\/Mammiko66.jpg'><img loading=\"lazy\" decoding=\"async\" width=\"640\" height=\"960\" src=\"https:\/\/mammiko.pl\/wp-content\/uploads\/2022\/06\/Mammiko66-768x1152.jpg\" class=\"attachment-medium_large size-medium_large\" alt=\"\" srcset=\"https:\/\/mammiko.pl\/wp-content\/uploads\/2022\/06\/Mammiko66-768x1152.jpg 768w, https:\/\/mammiko.pl\/wp-content\/uploads\/2022\/06\/Mammiko66-500x750.jpg 500w, https:\/\/mammiko.pl\/wp-content\/uploads\/2022\/06\/Mammiko66-1024x1536.jpg 1024w, https:\/\/mammiko.pl\/wp-content\/uploads\/2022\/06\/Mammiko66-200x300.jpg 200w, https:\/\/mammiko.pl\/wp-content\/uploads\/2022\/06\/Mammiko66-683x1024.jpg 683w, https:\/\/mammiko.pl\/wp-content\/uploads\/2022\/06\/Mammiko66.jpg 1267w\" sizes=\"(max-width: 640px) 100vw, 640px\" \/><\/a>\n\t\t\t<\/div><\/figure><figure class='gallery-item'>\n\t\t\t<div class='gallery-icon portrait'>\n\t\t\t\t<a data-elementor-open-lightbox=\"yes\" data-elementor-lightbox-slideshow=\"c8b0081\" data-elementor-lightbox-title=\"Mammiko77\" data-e-action-hash=\"#elementor-action%3Aaction%3Dlightbox%26settings%3DeyJpZCI6MTQ1OTUsInVybCI6Imh0dHBzOlwvXC9tYW1taWtvLnBsXC93cC1jb250ZW50XC91cGxvYWRzXC8yMDIyXC8wNlwvTWFtbWlrbzc3LmpwZyIsInNsaWRlc2hvdyI6ImM4YjAwODEifQ%3D%3D\" href='https:\/\/mammiko.pl\/wp-content\/uploads\/2022\/06\/Mammiko77.jpg'><img loading=\"lazy\" decoding=\"async\" width=\"640\" height=\"960\" src=\"https:\/\/mammiko.pl\/wp-content\/uploads\/2022\/06\/Mammiko77-768x1152.jpg\" class=\"attachment-medium_large size-medium_large\" alt=\"\" srcset=\"https:\/\/mammiko.pl\/wp-content\/uploads\/2022\/06\/Mammiko77-768x1152.jpg 768w, https:\/\/mammiko.pl\/wp-content\/uploads\/2022\/06\/Mammiko77-500x750.jpg 500w, https:\/\/mammiko.pl\/wp-content\/uploads\/2022\/06\/Mammiko77-1024x1536.jpg 1024w, https:\/\/mammiko.pl\/wp-content\/uploads\/2022\/06\/Mammiko77-200x300.jpg 200w, https:\/\/mammiko.pl\/wp-content\/uploads\/2022\/06\/Mammiko77-683x1024.jpg 683w, https:\/\/mammiko.pl\/wp-content\/uploads\/2022\/06\/Mammiko77.jpg 1267w\" sizes=\"(max-width: 640px) 100vw, 640px\" \/><\/a>\n\t\t\t<\/div><\/figure><figure class='gallery-item'>\n\t\t\t<div class='gallery-icon portrait'>\n\t\t\t\t<a data-elementor-open-lightbox=\"yes\" data-elementor-lightbox-slideshow=\"c8b0081\" data-elementor-lightbox-title=\"Mammiko79\" data-e-action-hash=\"#elementor-action%3Aaction%3Dlightbox%26settings%3DeyJpZCI6MTQ1OTYsInVybCI6Imh0dHBzOlwvXC9tYW1taWtvLnBsXC93cC1jb250ZW50XC91cGxvYWRzXC8yMDIyXC8wNlwvTWFtbWlrbzc5LmpwZyIsInNsaWRlc2hvdyI6ImM4YjAwODEifQ%3D%3D\" href='https:\/\/mammiko.pl\/wp-content\/uploads\/2022\/06\/Mammiko79.jpg'><img loading=\"lazy\" decoding=\"async\" width=\"640\" height=\"960\" src=\"https:\/\/mammiko.pl\/wp-content\/uploads\/2022\/06\/Mammiko79-768x1152.jpg\" class=\"attachment-medium_large size-medium_large\" alt=\"\" srcset=\"https:\/\/mammiko.pl\/wp-content\/uploads\/2022\/06\/Mammiko79-768x1152.jpg 768w, https:\/\/mammiko.pl\/wp-content\/uploads\/2022\/06\/Mammiko79-500x750.jpg 500w, https:\/\/mammiko.pl\/wp-content\/uploads\/2022\/06\/Mammiko79-1024x1536.jpg 1024w, https:\/\/mammiko.pl\/wp-content\/uploads\/2022\/06\/Mammiko79-200x300.jpg 200w, https:\/\/mammiko.pl\/wp-content\/uploads\/2022\/06\/Mammiko79-683x1024.jpg 683w, https:\/\/mammiko.pl\/wp-content\/uploads\/2022\/06\/Mammiko79.jpg 1267w\" sizes=\"(max-width: 640px) 100vw, 640px\" \/><\/a>\n\t\t\t<\/div><\/figure><figure class='gallery-item'>\n\t\t\t<div class='gallery-icon portrait'>\n\t\t\t\t<a data-elementor-open-lightbox=\"yes\" data-elementor-lightbox-slideshow=\"c8b0081\" data-elementor-lightbox-title=\"Mammiko76\" data-e-action-hash=\"#elementor-action%3Aaction%3Dlightbox%26settings%3DeyJpZCI6MTQ1OTQsInVybCI6Imh0dHBzOlwvXC9tYW1taWtvLnBsXC93cC1jb250ZW50XC91cGxvYWRzXC8yMDIyXC8wNlwvTWFtbWlrbzc2LmpwZyIsInNsaWRlc2hvdyI6ImM4YjAwODEifQ%3D%3D\" href='https:\/\/mammiko.pl\/wp-content\/uploads\/2022\/06\/Mammiko76.jpg'><img loading=\"lazy\" decoding=\"async\" width=\"640\" height=\"960\" src=\"https:\/\/mammiko.pl\/wp-content\/uploads\/2022\/06\/Mammiko76-768x1152.jpg\" class=\"attachment-medium_large size-medium_large\" alt=\"\" srcset=\"https:\/\/mammiko.pl\/wp-content\/uploads\/2022\/06\/Mammiko76-768x1152.jpg 768w, https:\/\/mammiko.pl\/wp-content\/uploads\/2022\/06\/Mammiko76-500x750.jpg 500w, https:\/\/mammiko.pl\/wp-content\/uploads\/2022\/06\/Mammiko76-1024x1536.jpg 1024w, https:\/\/mammiko.pl\/wp-content\/uploads\/2022\/06\/Mammiko76-200x300.jpg 200w, https:\/\/mammiko.pl\/wp-content\/uploads\/2022\/06\/Mammiko76-683x1024.jpg 683w, https:\/\/mammiko.pl\/wp-content\/uploads\/2022\/06\/Mammiko76.jpg 1267w\" sizes=\"(max-width: 640px) 100vw, 640px\" \/><\/a>\n\t\t\t<\/div><\/figure><figure class='gallery-item'>\n\t\t\t<div class='gallery-icon portrait'>\n\t\t\t\t<a data-elementor-open-lightbox=\"yes\" data-elementor-lightbox-slideshow=\"c8b0081\" data-elementor-lightbox-title=\"Mammiko80\" data-e-action-hash=\"#elementor-action%3Aaction%3Dlightbox%26settings%3DeyJpZCI6MTQ1ODgsInVybCI6Imh0dHBzOlwvXC9tYW1taWtvLnBsXC93cC1jb250ZW50XC91cGxvYWRzXC8yMDIzXC8wOVwvTWFtbWlrbzgwLmpwZyIsInNsaWRlc2hvdyI6ImM4YjAwODEifQ%3D%3D\" href='https:\/\/mammiko.pl\/wp-content\/uploads\/2023\/09\/Mammiko80.jpg'><img loading=\"lazy\" decoding=\"async\" width=\"640\" height=\"960\" src=\"https:\/\/mammiko.pl\/wp-content\/uploads\/2023\/09\/Mammiko80-768x1152.jpg\" class=\"attachment-medium_large size-medium_large\" alt=\"\" srcset=\"https:\/\/mammiko.pl\/wp-content\/uploads\/2023\/09\/Mammiko80-768x1152.jpg 768w, https:\/\/mammiko.pl\/wp-content\/uploads\/2023\/09\/Mammiko80-500x750.jpg 500w, https:\/\/mammiko.pl\/wp-content\/uploads\/2023\/09\/Mammiko80-1024x1536.jpg 1024w, https:\/\/mammiko.pl\/wp-content\/uploads\/2023\/09\/Mammiko80-200x300.jpg 200w, https:\/\/mammiko.pl\/wp-content\/uploads\/2023\/09\/Mammiko80-683x1024.jpg 683w, https:\/\/mammiko.pl\/wp-content\/uploads\/2023\/09\/Mammiko80.jpg 1267w\" sizes=\"(max-width: 640px) 100vw, 640px\" \/><\/a>\n\t\t\t<\/div><\/figure><figure class='gallery-item'>\n\t\t\t<div class='gallery-icon portrait'>\n\t\t\t\t<a data-elementor-open-lightbox=\"yes\" data-elementor-lightbox-slideshow=\"c8b0081\" data-elementor-lightbox-title=\"Mammiko82\" data-e-action-hash=\"#elementor-action%3Aaction%3Dlightbox%26settings%3DeyJpZCI6MTQzNTYsInVybCI6Imh0dHBzOlwvXC9tYW1taWtvLnBsXC93cC1jb250ZW50XC91cGxvYWRzXC8yMDIzXC8wOVwvTWFtbWlrbzgyLmpwZyIsInNsaWRlc2hvdyI6ImM4YjAwODEifQ%3D%3D\" href='https:\/\/mammiko.pl\/wp-content\/uploads\/2023\/09\/Mammiko82.jpg'><img loading=\"lazy\" decoding=\"async\" width=\"640\" height=\"960\" src=\"https:\/\/mammiko.pl\/wp-content\/uploads\/2023\/09\/Mammiko82-768x1152.jpg\" class=\"attachment-medium_large size-medium_large\" alt=\"\" srcset=\"https:\/\/mammiko.pl\/wp-content\/uploads\/2023\/09\/Mammiko82-768x1152.jpg 768w, https:\/\/mammiko.pl\/wp-content\/uploads\/2023\/09\/Mammiko82-500x750.jpg 500w, https:\/\/mammiko.pl\/wp-content\/uploads\/2023\/09\/Mammiko82-1024x1536.jpg 1024w, https:\/\/mammiko.pl\/wp-content\/uploads\/2023\/09\/Mammiko82-200x300.jpg 200w, https:\/\/mammiko.pl\/wp-content\/uploads\/2023\/09\/Mammiko82-683x1024.jpg 683w, https:\/\/mammiko.pl\/wp-content\/uploads\/2023\/09\/Mammiko82.jpg 1267w\" sizes=\"(max-width: 640px) 100vw, 640px\" \/><\/a>\n\t\t\t<\/div><\/figure>\n\t\t<\/div>\n\t\t<\/div>\n\t\t\t\t\t\t<\/div>\n\t\t\t\t<\/div>\n\t\t\t\t<div class=\"elementor-element elementor-element-1e78966 elementor-align-center elementor-widget elementor-widget-bloompixel-gradient-button\" data-id=\"1e78966\" data-element_type=\"widget\" data-widget_type=\"bloompixel-gradient-button.default\">\n\t\t\t\t<div class=\"elementor-widget-container\">\n\t\t\t\t\t\t\t<div class=\"elementor-button-wrapper button-defautl\">\r\n\t\t\t<a href=\"https:\/\/mammiko.pl\/de\/produkt\/simply-boho-mammiko-82\/\" class=\"elementor-button-link elementor-button btn-main classic elementor-size-sm\" role=\"button\">\r\n\t\t\t\t\t\t<span class=\"elementor-button-content-wrapper\">\r\n\t\t\t\t\t\t<span class=\"elementor-button-icon elementor-align-icon-right\">\r\n\t\t\t\t<i aria-hidden=\"true\" class=\"jws-icon-arrow-up-right-thin-1\"><\/i>  \r\n\t\t\t<\/span>\r\n\t\t\t\t\t\t<span class=\"elementor-button-text\">Deine Rita Simply Boho wartet auf dich\u2028<\/span>\r\n\t\t<\/span>\r\n\t\t\t\t\t<\/a>\r\n\t\t<\/div>\r\n\t\t\t\t\t\t<\/div>\n\t\t\t\t<\/div>\n\t\t\t\t\t<\/div>\n\t\t<\/div>\n\t\t\t\t      \r\n            \r\n              \r\n            \r\n            \t\r\n\t\t\t<\/div>\r\n\t\t<\/section>\r\n\t\t\t\t<\/div>","protected":false},"excerpt":{"rendered":"<p>Simply Boho Sukienka &#8222;Simply Boho&#8221; to absolutny hit letniej garderoby, kt\u00f3ry nie tylko podkre\u015bla urod\u0119 ka\u017cdej mamy, ale tak\u017ce sprawia, \u017ce poczuje si\u0119 ona lekko i swobodne. To sukienka z kr\u00f3tkim bufiastym r\u0119kawem, kt\u00f3ra emanuje dziewcz\u0119co\u015bci\u0105 i subtelno\u015bci\u0105. Jasny kolor sukienki i drobny kwiatowy print to po\u0142\u0105czenie, kt\u00f3re nadaje jej wyj\u0105tkowej lekko\u015bci. Zwiewna tkanina sprawia, [&hellip;]<\/p>","protected":false},"author":1,"featured_media":0,"parent":0,"menu_order":0,"comment_status":"closed","ping_status":"closed","template":"","meta":{"footnotes":""},"class_list":["post-15610","page","type-page","status-publish","hentry"],"_links":{"self":[{"href":"https:\/\/mammiko.pl\/de\/wp-json\/wp\/v2\/pages\/15610","targetHints":{"allow":["GET"]}}],"collection":[{"href":"https:\/\/mammiko.pl\/de\/wp-json\/wp\/v2\/pages"}],"about":[{"href":"https:\/\/mammiko.pl\/de\/wp-json\/wp\/v2\/types\/page"}],"author":[{"embeddable":true,"href":"https:\/\/mammiko.pl\/de\/wp-json\/wp\/v2\/users\/1"}],"replies":[{"embeddable":true,"href":"https:\/\/mammiko.pl\/de\/wp-json\/wp\/v2\/comments?post=15610"}],"version-history":[{"count":22,"href":"https:\/\/mammiko.pl\/de\/wp-json\/wp\/v2\/pages\/15610\/revisions"}],"predecessor-version":[{"id":16336,"href":"https:\/\/mammiko.pl\/de\/wp-json\/wp\/v2\/pages\/15610\/revisions\/16336"}],"wp:attachment":[{"href":"https:\/\/mammiko.pl\/de\/wp-json\/wp\/v2\/media?parent=15610"}],"curies":[{"name":"wp","href":"https:\/\/api.w.org\/{rel}","templated":true}]}}