{"id":15526,"date":"2023-10-10T18:20:08","date_gmt":"2023-10-10T16:20:08","guid":{"rendered":"https:\/\/mammiko.pl\/?page_id=15526"},"modified":"2023-11-03T04:36:54","modified_gmt":"2023-11-03T03:36:54","slug":"podziekowania","status":"publish","type":"page","link":"https:\/\/mammiko.pl\/de\/podziekowania\/","title":{"rendered":"Danksagungen"},"content":{"rendered":"<div data-elementor-type=\"wp-page\" data-elementor-id=\"15526\" class=\"elementor elementor-15526\">\n\t\t\t\t\t\t<section class=\"elementor-section elementor-top-section elementor-element elementor-element-48dd2ac elementor-section-content-middle elementor-section-boxed elementor-section-height-default elementor-section-height-default\" data-id=\"48dd2ac\" data-element_type=\"section\">\r\n\t\t\t\t\t\t<div class=\"elementor-container elementor-column-gap-wider jws_section_\" >\r\n\t\t\t\t<div class=\"elementor-column elementor-col-100 elementor-top-column elementor-element elementor-element-62cb4a9\" data-id=\"62cb4a9\" data-element_type=\"column\">\n\t\t\t<div class=\"elementor-widget-wrap elementor-element-populated\">\n\t\t\t\t\t\t<div class=\"elementor-element elementor-element-6d8e3c8 elementor-widget elementor-widget-heading\" data-id=\"6d8e3c8\" data-element_type=\"widget\" data-widget_type=\"heading.default\">\n\t\t\t\t<div class=\"elementor-widget-container\">\n\t\t\t\t\t<span class=\"elementor-heading-title elementor-size-default\">historia mammiko<\/span>\t\t\t\t<\/div>\n\t\t\t\t<\/div>\n\t\t\t\t<div class=\"elementor-element elementor-element-8047fd1 elementor-widget elementor-widget-heading\" data-id=\"8047fd1\" data-element_type=\"widget\" data-widget_type=\"heading.default\">\n\t\t\t\t<div class=\"elementor-widget-container\">\n\t\t\t\t\t<h1 class=\"elementor-heading-title elementor-size-default\">Danksagungen<\/h1>\t\t\t\t<\/div>\n\t\t\t\t<\/div>\n\t\t\t\t<div class=\"elementor-element elementor-element-947bd8f elementor-widget elementor-widget-text-editor\" data-id=\"947bd8f\" data-element_type=\"widget\" data-widget_type=\"text-editor.default\">\n\t\t\t\t<div class=\"elementor-widget-container\">\n\t\t\t\t\t\t\t\t\t<p>Wenn es nicht drei Personen g\u00e4be, die mich auf dem gesamten Weg zur Verwirklichung des Mammiko-Projekts unterst\u00fctzt haben, w\u00e4re es f\u00fcr mich schwer gewesen, und wer wei\u00df, auf welchem Stand es jetzt w\u00e4re.<\/p><p><strong><span style=\"color: #688c86;\">Tomek<\/span><\/strong> dein Engagement f\u00fcr Mammiko war erstaunlich. \u00dcber viele Monate hinweg hast du viel Zeit und Energie investiert, um mich und dieses Projekt zu unterst\u00fctzen. Deine Bereitschaft, verschiedene Aufgaben zu \u00fcbernehmen, und das Verst\u00e4ndnis, dass ich manchmal stundenlang an der Entwicklung von Mammiko arbeiten musste, waren unbezahlbar. Dank dir konnte ich ohne Sorgen handeln, in dem Wissen, dass Jasiu in besten H\u00e4nden ist. Gemeinsam haben wir viele Reisen durch Polen gemacht, durchwachte N\u00e4chte durchgemacht, schwierige Entscheidungen getroffen und stundenlange Gespr\u00e4che gef\u00fchrt. Du warst die Person, die in einem magischen Moment sagte: \"Mach es, du schaffst das.\" Damals vielleicht.\"<\/p><p><strong><span style=\"color: #688c86;\">Mama<\/span><\/strong> Deine Unterst\u00fctzung und dein Verst\u00e4ndnis waren unersetzlich. Du warst immer da, um mir in schwierigen Momenten zu helfen, innere Konflikte zu l\u00f6sen und mich bei Jasiu zu unterst\u00fctzen. Deine Anwesenheit war unbezahlbar f\u00fcr mich. Du verstehst, was Mammiko f\u00fcr mich bedeutet und wie wichtig es mir ist. Du versprichst keine einfachen L\u00f6sungen, aber du bist immer bereit, mich mit ehrlichem Gespr\u00e4ch und Unterst\u00fctzung zu unterst\u00fctzen. Deine strengen Bewertungen der Prototypen haben mir geholfen, Perfektion anzustreben, wof\u00fcr ich dankbar bin. Selbst wenn du weit weg warst, habe ich deine Unterst\u00fctzung gesp\u00fcrt.\u2028<\/p><p><strong><span style=\"color: #688c86;\">Ronny<\/span><\/strong> Du bist nicht nur mein Freund, sondern auch eine gro\u00dfe Unterst\u00fctzung f\u00fcr Mammiko. Dein Enthusiasmus \u00fcbertraf oft sogar meinen eigenen. In schwierigen Momenten bist du immer da, um mich zu unterst\u00fctzen und mich aufzumuntern. Dein Glaube an mich und an Mammiko ist unbezahlbar. Dank dir konnte ich viele potenzielle Probleme vermeiden, und diejenigen, die auf meinem Weg aufgetaucht sind, wurden oft durch dein Engagement schnell gel\u00f6st. Danke auch f\u00fcr deine technische Unterst\u00fctzung, f\u00fcr die Bereitstellung deines Wohnzimmers als tempor\u00e4res B\u00fcro und nat\u00fcrlich f\u00fcr all die gemeinsamen Vegeburger! Ich hoffe, du wei\u00dft, wie viel deine Anwesenheit f\u00fcr mich bedeutet.\u2028<\/p>\t\t\t\t\t\t\t\t<\/div>\n\t\t\t\t<\/div>\n\t\t\t\t\t<\/div>\n\t\t<\/div>\n\t\t\t\t      \r\n            \r\n              \r\n            \r\n            \t\r\n\t\t\t<\/div>\r\n\t\t<\/section>\r\n\t\t\t\t<\/div>","protected":false},"excerpt":{"rendered":"<p>historia mammiko Podzi\u0119kowania Gdyby nie trzy osoby, kt\u00f3re wspiera\u0142y mnie w ca\u0142ej drodze do realizacji projektu Mammiko, by\u0142oby mi ci\u0119\u017cko i kto wie, na jakim etapie by\u0142by on teraz. Tomek &#8211; Twoje zaanga\u017cowanie w Mammiko by\u0142o niesamowite. Przez wiele miesi\u0119cy po\u015bwi\u0119ci\u0142e\u015b sporo swojego czasu i energii, aby wspiera\u0107 mnie i ten projekt. Twoja gotowo\u015b\u0107 do [&hellip;]<\/p>","protected":false},"author":1,"featured_media":0,"parent":0,"menu_order":0,"comment_status":"closed","ping_status":"closed","template":"","meta":{"footnotes":""},"class_list":["post-15526","page","type-page","status-publish","hentry"],"_links":{"self":[{"href":"https:\/\/mammiko.pl\/de\/wp-json\/wp\/v2\/pages\/15526","targetHints":{"allow":["GET"]}}],"collection":[{"href":"https:\/\/mammiko.pl\/de\/wp-json\/wp\/v2\/pages"}],"about":[{"href":"https:\/\/mammiko.pl\/de\/wp-json\/wp\/v2\/types\/page"}],"author":[{"embeddable":true,"href":"https:\/\/mammiko.pl\/de\/wp-json\/wp\/v2\/users\/1"}],"replies":[{"embeddable":true,"href":"https:\/\/mammiko.pl\/de\/wp-json\/wp\/v2\/comments?post=15526"}],"version-history":[{"count":14,"href":"https:\/\/mammiko.pl\/de\/wp-json\/wp\/v2\/pages\/15526\/revisions"}],"predecessor-version":[{"id":16211,"href":"https:\/\/mammiko.pl\/de\/wp-json\/wp\/v2\/pages\/15526\/revisions\/16211"}],"wp:attachment":[{"href":"https:\/\/mammiko.pl\/de\/wp-json\/wp\/v2\/media?parent=15526"}],"curies":[{"name":"wp","href":"https:\/\/api.w.org\/{rel}","templated":true}]}}