{"id":15312,"date":"2023-10-05T19:28:10","date_gmt":"2023-10-05T17:28:10","guid":{"rendered":"https:\/\/mammiko.pl\/?page_id=15312"},"modified":"2023-10-11T17:42:15","modified_gmt":"2023-10-11T15:42:15","slug":"formularz-zwrotu","status":"publish","type":"page","link":"https:\/\/mammiko.pl\/de\/formularz-zwrotu\/","title":{"rendered":"R\u00fccksendeformular"},"content":{"rendered":"<div data-elementor-type=\"wp-page\" data-elementor-id=\"15312\" class=\"elementor elementor-15312\">\n\t\t\t\t\t\t<section class=\"elementor-section elementor-top-section elementor-element elementor-element-0c0cffd elementor-section-boxed elementor-section-height-default elementor-section-height-default\" data-id=\"0c0cffd\" data-element_type=\"section\">\r\n\t\t\t\t\t\t<div class=\"elementor-container elementor-column-gap-default jws_section_\" >\r\n\t\t\t\t<div class=\"elementor-column elementor-col-100 elementor-top-column elementor-element elementor-element-b21ad79\" data-id=\"b21ad79\" data-element_type=\"column\">\n\t\t\t<div class=\"elementor-widget-wrap elementor-element-populated\">\n\t\t\t\t\t\t<div class=\"elementor-element elementor-element-3dda402 elementor-widget elementor-widget-image\" data-id=\"3dda402\" data-element_type=\"widget\" data-widget_type=\"image.default\">\n\t\t\t\t<div class=\"elementor-widget-container\">\n\t\t\t\t\t\t\t\t\t\t\t\t\t\t\t<img fetchpriority=\"high\" decoding=\"async\" width=\"512\" height=\"512\" src=\"https:\/\/mammiko.pl\/wp-content\/uploads\/2021\/12\/cropped-Mammiko-LOGO-RGB_Obszar-roboczy-1.png\" class=\"attachment-large size-large wp-image-15218\" alt=\"\" srcset=\"https:\/\/mammiko.pl\/wp-content\/uploads\/2021\/12\/cropped-Mammiko-LOGO-RGB_Obszar-roboczy-1.png 512w, https:\/\/mammiko.pl\/wp-content\/uploads\/2021\/12\/cropped-Mammiko-LOGO-RGB_Obszar-roboczy-1-300x300.png 300w, https:\/\/mammiko.pl\/wp-content\/uploads\/2021\/12\/cropped-Mammiko-LOGO-RGB_Obszar-roboczy-1-150x150.png 150w, https:\/\/mammiko.pl\/wp-content\/uploads\/2021\/12\/cropped-Mammiko-LOGO-RGB_Obszar-roboczy-1-70x70.png 70w, https:\/\/mammiko.pl\/wp-content\/uploads\/2021\/12\/cropped-Mammiko-LOGO-RGB_Obszar-roboczy-1-500x500.png 500w, https:\/\/mammiko.pl\/wp-content\/uploads\/2021\/12\/cropped-Mammiko-LOGO-RGB_Obszar-roboczy-1-100x100.png 100w, https:\/\/mammiko.pl\/wp-content\/uploads\/2021\/12\/cropped-Mammiko-LOGO-RGB_Obszar-roboczy-1-270x270.png 270w, https:\/\/mammiko.pl\/wp-content\/uploads\/2021\/12\/cropped-Mammiko-LOGO-RGB_Obszar-roboczy-1-192x192.png 192w, https:\/\/mammiko.pl\/wp-content\/uploads\/2021\/12\/cropped-Mammiko-LOGO-RGB_Obszar-roboczy-1-180x180.png 180w, https:\/\/mammiko.pl\/wp-content\/uploads\/2021\/12\/cropped-Mammiko-LOGO-RGB_Obszar-roboczy-1-32x32.png 32w\" sizes=\"(max-width: 512px) 100vw, 512px\" \/>\t\t\t\t\t\t\t\t\t\t\t\t\t\t\t<\/div>\n\t\t\t\t<\/div>\n\t\t\t\t<div class=\"elementor-element elementor-element-03bca18 elementor-widget elementor-widget-text-editor\" data-id=\"03bca18\" data-element_type=\"widget\" data-widget_type=\"text-editor.default\">\n\t\t\t\t<div class=\"elementor-widget-container\">\n\t\t\t\t\t\t\t\t\t<h1 style=\"text-align: center;\">R\u00fccksendeformular<\/h1><p style=\"text-align: right;\">Miejscowo\u015b\u0107, data\u2026\u2026\u2026\u2026\u2026\u2026\u2026.<\/p><p>Imi\u0119: \u2026\u2026..\u2026\u2026.\u2026\u2026..\u2026\u2026.\u2026..\u2026\u2026\u2026\u2026\u2026<\/p><p>Nazwisko: \u2026.\u2026\u2026..\u2026..\u2026\u2026.\u2026\u2026\u2026\u2026..\u2026..<\/p><p>Adres zamieszkania: \u2026\u2026\u2026\u2026\u2026\u2026\u2026\u2026\u2026..<\/p><p>Numer telefonu: \u2026.\u2026\u2026\u2026\u2026\u2026..\u2026\u2026\u2026\u2026..<\/p><p>Adres e-mail: \u2026\u2026.\u2026\u2026\u2026\u2026\u2026\u2026\u2026\u2026\u2026\u2026<\/p><p>Data otrzymania towaru: \u2026\u2026\u2026\u2026\u2026\u2026\u2026&#8230;<\/p><p>Numer zam\u00f3wienia: \u2026\u2026\u2026\u2026\u2026\u2026\u2026\u2026\u2026..<\/p><p>\u00a0<\/p><h5 style=\"text-align: left;\">O\u015bwiadczenie odst\u0105pienia od umowy ZAWARTEJ NA ODLEG\u0141O\u015a\u0106<\/h5><p>O\u015bwiadczam, \u017ce zgodnie z art. 27ustawy z dnia 30 maja 2014 r. o prawach konsumenta (Dz. U. 2014 r. poz. 827) odst\u0119puj\u0119 od umowy sprzeda\u017cy towaru:<\/p><ol><li>Nazwa<\/li><li>Ilo\u015b\u0107<\/li><li>Cena brutto<\/li><\/ol><p>\u00a0<\/p><p>Dow\u00f3d zakupu:<\/p><p>Paragon, numer \u2026\u2026\u2026\u2026\u2026\u2026\u2026\u2026\u2026\u2026\u2026\u2026.<\/p><p>Faktura, numer \u2026\u2026\u2026\u2026\u2026\u2026\u2026\u2026\u2026\u2026\u2026\u2026..<\/p><p>Prosz\u0119 o zwrot kwoty w wysoko\u015bci: \u2026\u2026..\u2026\u2026z\u0142, s\u0142ownie \u2026\u2026\u2026\u2026\u2026\u2026\u2026\u2026.\u2026 Numer rachunku bankowego, na kt\u00f3ry zostanie zwr\u00f3cona kwota: \u2026..\u2026\u2026\u2026.<\/p><p>\u00a0<\/p><p style=\"text-align: right;\">&#8230;&#8230;&#8230;&#8230;&#8230;&#8230;&#8230;&#8230;&#8230;\u2026\u2026&#8230; czytelny podpis klienta<\/p>\t\t\t\t\t\t\t\t<\/div>\n\t\t\t\t<\/div>\n\t\t\t\t<div class=\"elementor-element elementor-element-37a8fc5 elementor-align-center elementor-widget elementor-widget-bloompixel-gradient-button\" data-id=\"37a8fc5\" data-element_type=\"widget\" data-widget_type=\"bloompixel-gradient-button.default\">\n\t\t\t\t<div class=\"elementor-widget-container\">\n\t\t\t\t\t\t\t<div class=\"elementor-button-wrapper button-defautl\">\r\n\t\t\t<a href=\"https:\/\/mammiko.pl\/wp-content\/uploads\/2023\/10\/Formularz-zwrotu.pdf\" class=\"elementor-button-link elementor-button btn-main elementor-size-sm\" role=\"button\">\r\n\t\t\t\t\t\t<span class=\"elementor-button-content-wrapper\">\r\n\t\t\t\t\t\t<span class=\"elementor-button-icon elementor-align-icon-right\">\r\n\t\t\t\t<i aria-hidden=\"true\" class=\"jws-icon-arrow-up-right-thin-1\"><\/i>  \r\n\t\t\t<\/span>\r\n\t\t\t\t\t\t<span class=\"elementor-button-text\">pobierz pdf<\/span>\r\n\t\t<\/span>\r\n\t\t\t\t\t<\/a>\r\n\t\t<\/div>\r\n\t\t\t\t\t\t<\/div>\n\t\t\t\t<\/div>\n\t\t\t\t\t<\/div>\n\t\t<\/div>\n\t\t\t\t      \r\n            \r\n              \r\n            \r\n            \t\r\n\t\t\t<\/div>\r\n\t\t<\/section>\r\n\t\t\t\t<\/div>","protected":false},"excerpt":{"rendered":"<p>Formularz zwrotu Miejscowo\u015b\u0107, data\u2026\u2026\u2026\u2026\u2026\u2026\u2026. Imi\u0119: \u2026\u2026..\u2026\u2026.\u2026\u2026..\u2026\u2026.\u2026..\u2026\u2026\u2026\u2026\u2026 Nazwisko: \u2026.\u2026\u2026..\u2026..\u2026\u2026.\u2026\u2026\u2026\u2026..\u2026.. Adres zamieszkania: \u2026\u2026\u2026\u2026\u2026\u2026\u2026\u2026\u2026.. Numer telefonu: \u2026.\u2026\u2026\u2026\u2026\u2026..\u2026\u2026\u2026\u2026.. Adres e-mail: \u2026\u2026.\u2026\u2026\u2026\u2026\u2026\u2026\u2026\u2026\u2026\u2026 Data otrzymania towaru: \u2026\u2026\u2026\u2026\u2026\u2026\u2026&#8230; Numer zam\u00f3wienia: \u2026\u2026\u2026\u2026\u2026\u2026\u2026\u2026\u2026.. \u00a0 O\u015bwiadczenie odst\u0105pienia od umowy ZAWARTEJ NA ODLEG\u0141O\u015a\u0106 O\u015bwiadczam, \u017ce zgodnie z art. 27ustawy z dnia 30 maja 2014 r. o prawach konsumenta (Dz. U. 2014 r. poz. 827) odst\u0119puj\u0119 od [&hellip;]<\/p>","protected":false},"author":1,"featured_media":0,"parent":0,"menu_order":0,"comment_status":"closed","ping_status":"closed","template":"","meta":{"footnotes":""},"class_list":["post-15312","page","type-page","status-publish","hentry"],"_links":{"self":[{"href":"https:\/\/mammiko.pl\/de\/wp-json\/wp\/v2\/pages\/15312","targetHints":{"allow":["GET"]}}],"collection":[{"href":"https:\/\/mammiko.pl\/de\/wp-json\/wp\/v2\/pages"}],"about":[{"href":"https:\/\/mammiko.pl\/de\/wp-json\/wp\/v2\/types\/page"}],"author":[{"embeddable":true,"href":"https:\/\/mammiko.pl\/de\/wp-json\/wp\/v2\/users\/1"}],"replies":[{"embeddable":true,"href":"https:\/\/mammiko.pl\/de\/wp-json\/wp\/v2\/comments?post=15312"}],"version-history":[{"count":10,"href":"https:\/\/mammiko.pl\/de\/wp-json\/wp\/v2\/pages\/15312\/revisions"}],"predecessor-version":[{"id":15808,"href":"https:\/\/mammiko.pl\/de\/wp-json\/wp\/v2\/pages\/15312\/revisions\/15808"}],"wp:attachment":[{"href":"https:\/\/mammiko.pl\/de\/wp-json\/wp\/v2\/media?parent=15312"}],"curies":[{"name":"wp","href":"https:\/\/api.w.org\/{rel}","templated":true}]}}