{"id":14526,"date":"2023-09-12T20:02:04","date_gmt":"2023-09-12T18:02:04","guid":{"rendered":"https:\/\/mammiko.pl\/?page_id=14526"},"modified":"2023-11-03T04:51:29","modified_gmt":"2023-11-03T03:51:29","slug":"i-love-you-mom-opis-produktu","status":"publish","type":"page","link":"https:\/\/mammiko.pl\/de\/i-love-you-mom-opis-produktu\/","title":{"rendered":"I Love You Mom \u2013 Produktbeschreibung"},"content":{"rendered":"<div data-elementor-type=\"wp-page\" data-elementor-id=\"14526\" class=\"elementor elementor-14526\">\n\t\t\t\t\t\t<section class=\"elementor-section elementor-top-section elementor-element elementor-element-3fdde24 elementor-section-height-min-height elementor-section-items-bottom elementor-section-boxed elementor-section-height-default\" data-id=\"3fdde24\" data-element_type=\"section\" data-settings=\"{&quot;background_background&quot;:&quot;classic&quot;}\">\r\n\t\t\t\t\t\t<div class=\"elementor-container elementor-column-gap-default jws_section_\" >\r\n\t\t\t\t<div class=\"elementor-column elementor-col-100 elementor-top-column elementor-element elementor-element-adb5838\" data-id=\"adb5838\" data-element_type=\"column\">\n\t\t\t<div class=\"elementor-widget-wrap elementor-element-populated\">\n\t\t\t\t\t\t<div class=\"elementor-element elementor-element-f8b544d elementor-invisible elementor-widget elementor-widget-heading\" data-id=\"f8b544d\" data-element_type=\"widget\" data-settings=\"{&quot;_animation&quot;:&quot;fadeInLeft&quot;}\" data-widget_type=\"heading.default\">\n\t\t\t\t<div class=\"elementor-widget-container\">\n\t\t\t\t\t<h4 class=\"elementor-heading-title elementor-size-default\">Kimono <\/h4>\t\t\t\t<\/div>\n\t\t\t\t<\/div>\n\t\t\t\t<div class=\"elementor-element elementor-element-36c68ec elementor-invisible elementor-widget elementor-widget-heading\" data-id=\"36c68ec\" data-element_type=\"widget\" data-settings=\"{&quot;_animation&quot;:&quot;fadeInLeft&quot;,&quot;_animation_delay&quot;:200}\" data-widget_type=\"heading.default\">\n\t\t\t\t<div class=\"elementor-widget-container\">\n\t\t\t\t\t<h3 class=\"elementor-heading-title elementor-size-default\">I love you Mom<\/h3>\t\t\t\t<\/div>\n\t\t\t\t<\/div>\n\t\t\t\t\t<\/div>\n\t\t<\/div>\n\t\t\t\t      \r\n            \r\n              \r\n            \r\n            \t\r\n\t\t\t<\/div>\r\n\t\t<\/section>\r\n\t\t\t\t<section class=\"elementor-section elementor-top-section elementor-element elementor-element-fc40404 elementor-section-content-middle elementor-section-boxed elementor-section-height-default elementor-section-height-default\" data-id=\"fc40404\" data-element_type=\"section\">\r\n\t\t\t\t\t\t<div class=\"elementor-container elementor-column-gap-wider jws_section_\" >\r\n\t\t\t\t<div class=\"elementor-column elementor-col-100 elementor-top-column elementor-element elementor-element-6c8388a\" data-id=\"6c8388a\" data-element_type=\"column\">\n\t\t\t<div class=\"elementor-widget-wrap elementor-element-populated\">\n\t\t\t\t\t\t<div class=\"elementor-element elementor-element-8bec478 elementor-widget elementor-widget-text-editor\" data-id=\"8bec478\" data-element_type=\"widget\" data-widget_type=\"text-editor.default\">\n\t\t\t\t<div class=\"elementor-widget-container\">\n\t\t\t\t\t\t\t\t\t<p>Frauen in jedem Lebensabschnitt, sei es w\u00e4hrend der Schwangerschaft, im Wochenbett oder w\u00e4hrend der Stillzeit, verdienen es, sich komfortabel, bequem und elegant zu f\u00fchlen. Das Kimono I Love You Mom, das ich entworfen habe, spiegelt diese Philosophie wider und verk\u00f6rpert gleichzeitig alle Elemente, von denen stillende M\u00fctter jeden Tag profitieren k\u00f6nnen.\u2028<\/p><p>Die Schwangerschaft ist nicht die Zeit, in der eine Frau ihren eigenen Stil f\u00fcr unpers\u00f6nliche, sackartige Kleidung aufgeben sollte. Der Wunsch, modisch auszusehen, verschwindet nicht mit dem Auftreten des Babybauchs. Das Kimono I Love You Mom ist die Antwort auf die Notwendigkeit, etwas Lockeres, aber gleichzeitig Elegantes und Funktionales zu tragen.\u2028<\/p><p>Die Verwendung des Kimono-Schnitts ist beabsichtigt. Seine lockere und ungezwungene Form passt sich perfekt dem sich ver\u00e4ndernden K\u00f6rper der schwangeren Frau an. Speziell entworfene Abn\u00e4her erm\u00f6glichen mehr Stoff vorne, um Platz f\u00fcr den wachsenden Bauch zu bieten, w\u00e4hrend gleichzeitig bequemes Stillen erm\u00f6glicht wird.\u2028<\/p><p>Der einfache Verschluss im Inneren verhindert ein versehentliches Auseinanderfallen des Kimonos und unerw\u00fcnschtes Entbl\u00f6\u00dfen der Brust oder ein st\u00e4ndiges Auseinanderziehen am wachsenden Bauch w\u00e4hrend der Schwangerschaft. Durchdachte Taschen erm\u00f6glichen die Aufbewahrung vieler notwendiger Kleinigkeiten.\u2028<\/p><p><span style=\"color: var(--body);\">Bambusviskose \u2013 auch diese Wahl war nicht zuf\u00e4llig. Ihre temperaturregulierenden, antibakteriellen und hygroskopischen Eigenschaften machen sie zu einer idealen Wahl f\u00fcr die empfindliche Haut schwangerer Frauen. Dies ist auch wichtig f\u00fcr die Haut des Babys, das oft auf den Armen der Mutter auftaucht und sich an ihre Kleidung schmiegt. Dar\u00fcber hinaus ist es ein umweltfreundliches und umweltfreundliches Material, was es zu einer ausgezeichneten Wahl f\u00fcr bewusste M\u00fctter macht. Nicht umsonst habe ich mich genau f\u00fcr Bambusviskose entschieden. All das, damit das Kimono einen weitaus eleganteren und klassischeren Charakter hat. Schlie\u00dflich kommt kein Frottee- oder Strickbademantel dem gleichen Effekt nahe! Und wenn wir schon beim Material sind, beachtet bitte das originelle Muster. Es wurde nach unseren Farben von Mammiko in Polen auf Stoff gedruckt.\u2028<\/span><\/p><p>Die \u00c4rmel des Kimonos I Love You Mom sind vielseitig. Dank Gummiz\u00fcgen und Stoppern k\u00f6nnen sie leicht reguliert werden \u2013 locker im klassischen Stil getragen oder hochgekrempelt, um elegante Puff\u00e4rmel zu kreieren, die bei allt\u00e4glichen Aktivit\u00e4ten nicht st\u00f6ren.<\/p><p>Das Kimono I Love You Mom ist ein Kompromiss zwischen Stil und Funktionalit\u00e4t. Es ist ein Produkt, das mit Blick auf alle Bed\u00fcrfnisse werdender M\u00fctter entstanden ist, von der Schwangerschaft \u00fcber die Geburt bis zum Wochenbett und Stillen. Es ist mehr als nur Kleidung \u2013 es ist ein Ausdruck der F\u00fcrsorge um das Wohlbefinden und den Komfort der Frau in dieser besonderen Phase ihres Lebens. Ich hoffe, du wirst dich darin besonders f\u00fchlen.<\/p><p>Ich habe es f\u00fcr dich entworfen. Ich hoffe, ihr werdet Freunde werden.\u00a0<\/p>\t\t\t\t\t\t\t\t<\/div>\n\t\t\t\t<\/div>\n\t\t\t\t<div class=\"elementor-element elementor-element-f21361b elementor-widget elementor-widget-spacer\" data-id=\"f21361b\" data-element_type=\"widget\" data-widget_type=\"spacer.default\">\n\t\t\t\t<div class=\"elementor-widget-container\">\n\t\t\t\t\t\t\t<div class=\"elementor-spacer\">\n\t\t\t<div class=\"elementor-spacer-inner\"><\/div>\n\t\t<\/div>\n\t\t\t\t\t\t<\/div>\n\t\t\t\t<\/div>\n\t\t\t\t\t<\/div>\n\t\t<\/div>\n\t\t\t\t      \r\n            \r\n              \r\n            \r\n            \t\r\n\t\t\t<\/div>\r\n\t\t<\/section>\r\n\t\t\t\t<section class=\"elementor-section elementor-top-section elementor-element elementor-element-42e5786 elementor-section-boxed elementor-section-height-default elementor-section-height-default\" data-id=\"42e5786\" data-element_type=\"section\">\r\n\t\t\t\t\t\t<div class=\"elementor-container elementor-column-gap-default jws_section_\" >\r\n\t\t\t\t<div class=\"elementor-column elementor-col-100 elementor-top-column elementor-element elementor-element-875a159\" data-id=\"875a159\" data-element_type=\"column\">\n\t\t\t<div class=\"elementor-widget-wrap elementor-element-populated\">\n\t\t\t\t\t\t<div class=\"elementor-element elementor-element-24f47bc elementor-widget elementor-widget-jws_demo\" data-id=\"24f47bc\" data-element_type=\"widget\" data-widget_type=\"jws_demo.default\">\n\t\t\t\t<div class=\"elementor-widget-container\">\n\t\t\t\t\t         <div class=\"jws_demo_element\">\r\n            <div class=\"jws_demo row\">\r\n                                    <div class=\"jws_demo_item col-xl-3 col-lg-3 col-6 elementor-repeater-item-f580dc1\">\r\n                       <div class=\"jws_column_content\">\r\n                            <div class=\"jws_image\">\r\n                                                                \r\n                                    <img fetchpriority=\"high\" decoding=\"async\" class=\"attachment-large wp-post-image\" src=\"https:\/\/mammiko.pl\/wp-content\/uploads\/2023\/09\/Tab-_Ciaza_-770x1450.jpg\" width=\"770\" height=\"1450\" alt=\"Tab _Cia\u0328z\u0307a_\" title=\"Tab _Cia\u0328z\u0307a_\" \/>                                <a class=\"overlay\" href=\"https:\/\/mammiko.pl\/de\/kimono-na-czas-ciazy\/\"><\/a>\r\n                              \r\n                                    \r\n                                        <div class=\"jws_image_content_inner\">\r\n                                                                                    <\/div>\r\n                             \r\n                            <\/div>\r\n                            <header class=\"jws_headline\">\r\n                                <h4><a href=\"https:\/\/mammiko.pl\/de\/kimono-na-czas-ciazy\/\">\r\n                                Kimono f\u00fcr die Schwangerschaft                                <\/a><\/h4>\r\n                            <\/header>\r\n                     \r\n                    <\/div>\r\n                <\/div>\r\n                                    <div class=\"jws_demo_item col-xl-3 col-lg-3 col-6 elementor-repeater-item-cedc85f\">\r\n                       <div class=\"jws_column_content\">\r\n                            <div class=\"jws_image\">\r\n                                                                \r\n                                    <img decoding=\"async\" class=\"attachment-large wp-post-image\" src=\"https:\/\/mammiko.pl\/wp-content\/uploads\/2023\/09\/Tab-_Mama_-770x1450.jpg\" width=\"770\" height=\"1450\" alt=\"Tab _Mama_\" title=\"Tab _Mama_\" \/>                                <a class=\"overlay\" href=\"https:\/\/mammiko.pl\/de\/kimono-w-zyciu-mamy\/\"><\/a>\r\n                              \r\n                                    \r\n                                        <div class=\"jws_image_content_inner\">\r\n                                                                                    <\/div>\r\n                             \r\n                            <\/div>\r\n                            <header class=\"jws_headline\">\r\n                                <h4><a href=\"https:\/\/mammiko.pl\/de\/kimono-w-zyciu-mamy\/\">\r\n                                Kimono im Leben einer Mutter                                <\/a><\/h4>\r\n                            <\/header>\r\n                     \r\n                    <\/div>\r\n                <\/div>\r\n                                    <div class=\"jws_demo_item col-xl-3 col-lg-3 col-6 elementor-repeater-item-4b5e534\">\r\n                       <div class=\"jws_column_content\">\r\n                            <div class=\"jws_image\">\r\n                                                                \r\n                                    <img decoding=\"async\" class=\"attachment-large wp-post-image\" src=\"https:\/\/mammiko.pl\/wp-content\/uploads\/2023\/10\/Tab-_Detale_-770x1450.jpg\" width=\"770\" height=\"1450\" alt=\"_Tab _Detale_\" title=\"_Tab _Detale_\" \/>                                <a class=\"overlay\" href=\"https:\/\/mammiko.pl\/de\/detale-i-innowacje\/\"><\/a>\r\n                              \r\n                                    \r\n                                        <div class=\"jws_image_content_inner\">\r\n                                                                                    <\/div>\r\n                             \r\n                            <\/div>\r\n                            <header class=\"jws_headline\">\r\n                                <h4><a href=\"https:\/\/mammiko.pl\/de\/detale-i-innowacje\/\">\r\n                                Details und Innovationen                                <\/a><\/h4>\r\n                            <\/header>\r\n                     \r\n                    <\/div>\r\n                <\/div>\r\n                                    <div class=\"jws_demo_item col-xl-3 col-lg-3 col-6 elementor-repeater-item-3a6bc4e\">\r\n                       <div class=\"jws_column_content\">\r\n                            <div class=\"jws_image\">\r\n                                                                \r\n                                    <img loading=\"lazy\" decoding=\"async\" class=\"attachment-large wp-post-image\" src=\"https:\/\/mammiko.pl\/wp-content\/uploads\/2023\/09\/Dominika9-770x1450.jpg\" width=\"770\" height=\"1450\" alt=\"Dominika9\" title=\"Dominika9\" \/>                                <a class=\"overlay\" href=\"https:\/\/mammiko.pl\/de\/produkt\/kimono\/\"><\/a>\r\n                              \r\n                                    \r\n                                        <div class=\"jws_image_content_inner\">\r\n                                                                                    <\/div>\r\n                             \r\n                            <\/div>\r\n                            <header class=\"jws_headline\">\r\n                                <h4><a href=\"https:\/\/mammiko.pl\/de\/produkt\/kimono\/\">\r\n                                Hol dir das Kimono \u201eI love you mom\"                                <\/a><\/h4>\r\n                            <\/header>\r\n                     \r\n                    <\/div>\r\n                <\/div>\r\n                            <\/div>\r\n         <\/div>   \r\n        \t\t\t\t<\/div>\n\t\t\t\t<\/div>\n\t\t\t\t\t<\/div>\n\t\t<\/div>\n\t\t\t\t      \r\n            \r\n              \r\n            \r\n            \t\r\n\t\t\t<\/div>\r\n\t\t<\/section>\r\n\t\t\t\t<\/div>","protected":false},"excerpt":{"rendered":"<p>Kimono I love you Mom Kobieta na ka\u017cdym etapie swojego \u017cycia, w ci\u0105\u017cy, po\u0142ogu, czy laktacji, zas\u0142uguje na to, by czu\u0107 si\u0119 komfortowo, wygodnie i elegancko. Kimono I Love You Mom, kt\u00f3re stworzy\u0142am, jest odzwierciedleniem tej filozofii i jednocze\u015bnie uosobieniem wszystkich element\u00f3w, z kt\u00f3rych karmi\u0105ce mamy mog\u0105 czerpa\u0107 korzy\u015bci\u2026 ka\u017cdego dnia. Ci\u0105\u017ca to nie czas, [&hellip;]<\/p>","protected":false},"author":1,"featured_media":0,"parent":0,"menu_order":0,"comment_status":"closed","ping_status":"closed","template":"","meta":{"footnotes":""},"class_list":["post-14526","page","type-page","status-publish","hentry"],"_links":{"self":[{"href":"https:\/\/mammiko.pl\/de\/wp-json\/wp\/v2\/pages\/14526","targetHints":{"allow":["GET"]}}],"collection":[{"href":"https:\/\/mammiko.pl\/de\/wp-json\/wp\/v2\/pages"}],"about":[{"href":"https:\/\/mammiko.pl\/de\/wp-json\/wp\/v2\/types\/page"}],"author":[{"embeddable":true,"href":"https:\/\/mammiko.pl\/de\/wp-json\/wp\/v2\/users\/1"}],"replies":[{"embeddable":true,"href":"https:\/\/mammiko.pl\/de\/wp-json\/wp\/v2\/comments?post=14526"}],"version-history":[{"count":46,"href":"https:\/\/mammiko.pl\/de\/wp-json\/wp\/v2\/pages\/14526\/revisions"}],"predecessor-version":[{"id":16230,"href":"https:\/\/mammiko.pl\/de\/wp-json\/wp\/v2\/pages\/14526\/revisions\/16230"}],"wp:attachment":[{"href":"https:\/\/mammiko.pl\/de\/wp-json\/wp\/v2\/media?parent=14526"}],"curies":[{"name":"wp","href":"https:\/\/api.w.org\/{rel}","templated":true}]}}