{"id":14521,"date":"2023-09-12T19:56:13","date_gmt":"2023-09-12T17:56:13","guid":{"rendered":"https:\/\/mammiko.pl\/?page_id=14521"},"modified":"2023-10-23T18:10:37","modified_gmt":"2023-10-23T16:10:37","slug":"rita","status":"publish","type":"page","link":"https:\/\/mammiko.pl\/de\/rita\/","title":{"rendered":"Kleid Rita\u2028"},"content":{"rendered":"<div data-elementor-type=\"wp-page\" data-elementor-id=\"14521\" class=\"elementor elementor-14521\">\n\t\t\t\t\t\t<section class=\"elementor-section elementor-top-section elementor-element elementor-element-7dc5502 elementor-section-height-min-height elementor-section-items-bottom elementor-section-boxed elementor-section-height-default\" data-id=\"7dc5502\" data-element_type=\"section\" data-settings=\"{&quot;background_background&quot;:&quot;classic&quot;}\">\r\n\t\t\t\t\t\t<div class=\"elementor-container elementor-column-gap-default jws_section_\" >\r\n\t\t\t\t<div class=\"elementor-column elementor-col-100 elementor-top-column elementor-element elementor-element-8a4867a\" data-id=\"8a4867a\" data-element_type=\"column\">\n\t\t\t<div class=\"elementor-widget-wrap elementor-element-populated\">\n\t\t\t\t\t\t<div class=\"elementor-element elementor-element-acda3eb elementor-invisible elementor-widget elementor-widget-heading\" data-id=\"acda3eb\" data-element_type=\"widget\" data-settings=\"{&quot;_animation&quot;:&quot;fadeInLeft&quot;}\" data-widget_type=\"heading.default\">\n\t\t\t\t<div class=\"elementor-widget-container\">\n\t\t\t\t\t<h4 class=\"elementor-heading-title elementor-size-default\">Kleid Rita\u2028 <\/h4>\t\t\t\t<\/div>\n\t\t\t\t<\/div>\n\t\t\t\t<div class=\"elementor-element elementor-element-1551066 elementor-invisible elementor-widget elementor-widget-heading\" data-id=\"1551066\" data-element_type=\"widget\" data-settings=\"{&quot;_animation&quot;:&quot;fadeInLeft&quot;,&quot;_animation_delay&quot;:200}\" data-widget_type=\"heading.default\">\n\t\t\t\t<div class=\"elementor-widget-container\">\n\t\t\t\t\t<h3 class=\"elementor-heading-title elementor-size-default\">Komfort trifft Eleganz<\/h3>\t\t\t\t<\/div>\n\t\t\t\t<\/div>\n\t\t\t\t\t<\/div>\n\t\t<\/div>\n\t\t\t\t      \r\n            \r\n              \r\n            \r\n            \t\r\n\t\t\t<\/div>\r\n\t\t<\/section>\r\n\t\t\t\t<section class=\"elementor-section elementor-top-section elementor-element elementor-element-79af64a elementor-section-content-middle elementor-section-boxed elementor-section-height-default elementor-section-height-default\" data-id=\"79af64a\" data-element_type=\"section\">\r\n\t\t\t\t\t\t<div class=\"elementor-container elementor-column-gap-wider jws_section_\" >\r\n\t\t\t\t<div class=\"elementor-column elementor-col-100 elementor-top-column elementor-element elementor-element-dee7e01\" data-id=\"dee7e01\" data-element_type=\"column\">\n\t\t\t<div class=\"elementor-widget-wrap elementor-element-populated\">\n\t\t\t\t\t\t<div class=\"elementor-element elementor-element-d49c171 elementor-widget elementor-widget-text-editor\" data-id=\"d49c171\" data-element_type=\"widget\" data-widget_type=\"text-editor.default\">\n\t\t\t\t<div class=\"elementor-widget-container\">\n\t\t\t\t\t\t\t\t\t<p>Das Kleid Rita wurde mit Blick auf die t\u00e4glichen Bed\u00fcrfnisse stillender M\u00fctter und den Wunsch geschaffen, ihnen ein sch\u00f6nes, funktionales und traumhaftes Outfit zu schenken. Rita ist nicht nur originell, sondern vor allem modisch und elegant. Es ist die Antwort auf meine eigenen Erfahrungen und Bed\u00fcrfnisse als stillende Mutter, daher glaube ich, dass es vielen M\u00fcttern gefallen wird, die sich zu jeder Zeit sch\u00f6n und bequem f\u00fchlen m\u00f6chten.\u2028<\/p>\n<p>Jedes Detail des Kleides wurde sorgf\u00e4ltig durchdacht. Alles, damit Rita w\u00e4hrend des Tragens jedem von euch h\u00f6chsten Komfort und Funktionalit\u00e4t bieten kann. Der Oberstoff von Rita besteht aus 100% Baumwolle mit geringer Grammatur, wodurch er leicht, bequem und luftig ist. Der Stillbereich besteht aus Strickware aus einer polnischen Spinnerei mit einem Anteil von 6% Elasthan, weich und elastisch, und passt sich der sich \u00e4ndernden Gr\u00f6\u00dfe der Brust an.\u2028\u2028&nbsp;<\/p><p><span style=\"color: var(--body);\">Rita passt sich den Ver\u00e4nderungen w\u00e4hrend der Schwangerschaft, im Wochenbett oder in der Zeit nach der Geburt an. Wie durch einen Zauberstab platzierte N\u00e4hte unter der Brust legen den Stoff immer perfekt auf den wachsenden Bauch. Der lockerere Teil auf der Vorderseite erm\u00f6glicht ein Gef\u00fchl von Komfort und Freiheit beim Stillen. Und das Wichtigste \u2013 Intimit\u00e4t und Diskretion. Stressfreies Stillen in der \u00d6ffentlichkeit, ohne die Brust zu entbl\u00f6\u00dfen? Bitte sehr! Diese Innovation, die schon lange in meiner Vorstellung existierte, hat endlich ihre Umsetzung gefunden. In der Vorderseite des Kleides versteckte zwei Stoffschichten erm\u00f6glichen ein diskretes Entbl\u00f6\u00dfen der Brust beim Stillen. Das Kleid hat auch einen \"Schal\", den du jederzeit herunterziehen und dich bedecken kannst, damit dein K\u00f6rper auch w\u00e4hrend des Stillens bedeckt bleibt.\u2028<\/span><br><\/p>\n<p>Und wenn Diskretion \u00fcberhaupt nicht das ist, worauf es dir besonders ankommt, kannst du die Option des \u00d6ffnens des Druckknopfs nutzen und nach dem Aufschieben des Stoffteils das Baby wie in einem normalen Pullover oder Kleid f\u00fcttern.\u2028<\/p>\n<p>Das Kleid Rita reicht je nach H\u00f6he mindestens bis zum Knie. Es zeigt keine Unterw\u00e4sche bei pl\u00f6tzlichem Windsto\u00df oder wenn du die H\u00e4nde nach oben hebst. Und es wird nicht zu kurz, wenn der Bauch gr\u00f6\u00dfer wird \u2013 das ist das Problem vieler Kleider, auch w\u00e4hrend der Schwangerschaft, die sich auf dem Bauch heben und immer k\u00fcrzer werden. Es ist genau an der Stelle, wo es sein sollte. Auf Taillenh\u00f6he findest du Schn\u00fcre, um das Kleid nach deinen Vorlieben und Bed\u00fcrfnissen anzupassen.\u2028<\/p>\n<p>Rita hat neben den praktischen Funktionen auch einfach eine sch\u00f6ne und modische Ausstrahlung und erm\u00f6glicht jeder Frau, sich sofort attraktiv zu f\u00fchlen. Dank der \u00c4rmel mit Puff\u00e4rmeln und Manschette eignet sich das Kleid auch f\u00fcr besondere Anl\u00e4sse. Ich habe es f\u00fcr dich und andere M\u00fctter kreiert, damit ihr euch jeden Tag nicht nur beim Stillen, sondern auch bei der Betonung eurer Weiblichkeit wohlf\u00fchlt. Es ist in f\u00fcnf Mustern erh\u00e4ltlich.&nbsp;<\/p>\t\t\t\t\t\t\t\t<\/div>\n\t\t\t\t<\/div>\n\t\t\t\t\t<\/div>\n\t\t<\/div>\n\t\t\t\t      \r\n            \r\n              \r\n            \r\n            \t\r\n\t\t\t<\/div>\r\n\t\t<\/section>\r\n\t\t\t\t<section class=\"elementor-section elementor-top-section elementor-element elementor-element-c6a4327 elementor-section-boxed elementor-section-height-default elementor-section-height-default\" data-id=\"c6a4327\" data-element_type=\"section\">\r\n\t\t\t\t\t\t<div class=\"elementor-container elementor-column-gap-default jws_section_\" >\r\n\t\t\t\t<div class=\"elementor-column elementor-col-100 elementor-top-column elementor-element elementor-element-fd12066\" data-id=\"fd12066\" data-element_type=\"column\">\n\t\t\t<div class=\"elementor-widget-wrap elementor-element-populated\">\n\t\t\t\t\t\t<div class=\"elementor-element elementor-element-907d488 elementor-widget elementor-widget-jws_demo\" data-id=\"907d488\" data-element_type=\"widget\" data-widget_type=\"jws_demo.default\">\n\t\t\t\t<div class=\"elementor-widget-container\">\n\t\t\t\t\t         <div class=\"jws_demo_element\">\r\n            <div class=\"jws_demo row\">\r\n                                    <div class=\"jws_demo_item col-xl-20 col-lg-20 col-12 elementor-repeater-item-f580dc1\">\r\n                       <div class=\"jws_column_content\">\r\n                            <div class=\"jws_image\">\r\n                                                                \r\n                                    <img fetchpriority=\"high\" decoding=\"async\" class=\"attachment-large wp-post-image\" src=\"https:\/\/mammiko.pl\/wp-content\/uploads\/2023\/09\/Mammiko80-770x1450.jpg\" width=\"770\" height=\"1450\" alt=\"Mammiko80\" title=\"Mammiko80\" \/>                                <a class=\"overlay\" href=\"https:\/\/mammiko.pl\/de\/simply-boho\/\"><\/a>\r\n                              \r\n                                    \r\n                                        <div class=\"jws_image_content_inner\">\r\n                                                                                    <\/div>\r\n                             \r\n                            <\/div>\r\n                            <header class=\"jws_headline\">\r\n                                <h4><a href=\"https:\/\/mammiko.pl\/de\/simply-boho\/\">\r\n                                Simply Boho                                <\/a><\/h4>\r\n                            <\/header>\r\n                     \r\n                    <\/div>\r\n                <\/div>\r\n                                    <div class=\"jws_demo_item col-xl-20 col-lg-20 col-12 elementor-repeater-item-cedc85f\">\r\n                       <div class=\"jws_column_content\">\r\n                            <div class=\"jws_image\">\r\n                                                                \r\n                                    <img decoding=\"async\" class=\"attachment-large wp-post-image\" src=\"https:\/\/mammiko.pl\/wp-content\/uploads\/2023\/09\/Mammiko115-770x1450.jpg\" width=\"770\" height=\"1450\" alt=\"Mammiko 115\" title=\"Mammiko 115\" \/>                                <a class=\"overlay\" href=\"https:\/\/mammiko.pl\/de\/so-pink\/\"><\/a>\r\n                              \r\n                                    \r\n                                        <div class=\"jws_image_content_inner\">\r\n                                                                                    <\/div>\r\n                             \r\n                            <\/div>\r\n                            <header class=\"jws_headline\">\r\n                                <h4><a href=\"https:\/\/mammiko.pl\/de\/so-pink\/\">\r\n                                So? Pink!                                <\/a><\/h4>\r\n                            <\/header>\r\n                     \r\n                    <\/div>\r\n                <\/div>\r\n                                    <div class=\"jws_demo_item col-xl-20 col-lg-20 col-12 elementor-repeater-item-4b5e534\">\r\n                       <div class=\"jws_column_content\">\r\n                            <div class=\"jws_image\">\r\n                                                                \r\n                                    <img decoding=\"async\" class=\"attachment-large wp-post-image\" src=\"https:\/\/mammiko.pl\/wp-content\/uploads\/2022\/06\/Mammiko117-770x1450.jpg\" width=\"770\" height=\"1450\" alt=\"Mammiko117\" title=\"Mammiko117\" \/>                                <a class=\"overlay\" href=\"https:\/\/mammiko.pl\/de\/colourful-fiesta\/\"><\/a>\r\n                              \r\n                                    \r\n                                        <div class=\"jws_image_content_inner\">\r\n                                                                                    <\/div>\r\n                             \r\n                            <\/div>\r\n                            <header class=\"jws_headline\">\r\n                                <h4><a href=\"https:\/\/mammiko.pl\/de\/colourful-fiesta\/\">\r\n                                Colourful Fiesta                                <\/a><\/h4>\r\n                            <\/header>\r\n                     \r\n                    <\/div>\r\n                <\/div>\r\n                                    <div class=\"jws_demo_item col-xl-20 col-lg-20 col-12 elementor-repeater-item-3a6bc4e\">\r\n                       <div class=\"jws_column_content\">\r\n                            <div class=\"jws_image\">\r\n                                                                \r\n                                    <img loading=\"lazy\" decoding=\"async\" class=\"attachment-large wp-post-image\" src=\"https:\/\/mammiko.pl\/wp-content\/uploads\/2022\/06\/Mammiko84-770x1450.jpg\" width=\"770\" height=\"1450\" alt=\"Mammiko84\" title=\"Mammiko84\" \/>                                <a class=\"overlay\" href=\"https:\/\/mammiko.pl\/de\/retro-sunset\/\"><\/a>\r\n                              \r\n                                    \r\n                                        <div class=\"jws_image_content_inner\">\r\n                                                                                    <\/div>\r\n                             \r\n                            <\/div>\r\n                            <header class=\"jws_headline\">\r\n                                <h4><a href=\"https:\/\/mammiko.pl\/de\/retro-sunset\/\">\r\n                                Retro Sunset                                <\/a><\/h4>\r\n                            <\/header>\r\n                     \r\n                    <\/div>\r\n                <\/div>\r\n                                    <div class=\"jws_demo_item col-xl-20 col-lg-20 col-12 elementor-repeater-item-03b6390\">\r\n                       <div class=\"jws_column_content\">\r\n                            <div class=\"jws_image\">\r\n                                                                \r\n                                    <img loading=\"lazy\" decoding=\"async\" class=\"attachment-large wp-post-image\" src=\"https:\/\/mammiko.pl\/wp-content\/uploads\/2022\/06\/Mammiko38-770x1450.jpg\" width=\"770\" height=\"1450\" alt=\"Mammiko38\" title=\"Mammiko38\" \/>                                <a class=\"overlay\" href=\"https:\/\/mammiko.pl\/de\/black-chic\/\"><\/a>\r\n                              \r\n                                    \r\n                                        <div class=\"jws_image_content_inner\">\r\n                                                                                    <\/div>\r\n                             \r\n                            <\/div>\r\n                            <header class=\"jws_headline\">\r\n                                <h4><a href=\"https:\/\/mammiko.pl\/de\/black-chic\/\">\r\n                                Black Chic                                <\/a><\/h4>\r\n                            <\/header>\r\n                     \r\n                    <\/div>\r\n                <\/div>\r\n                            <\/div>\r\n         <\/div>   \r\n        \t\t\t\t<\/div>\n\t\t\t\t<\/div>\n\t\t\t\t\t<\/div>\n\t\t<\/div>\n\t\t\t\t      \r\n            \r\n              \r\n            \r\n            \t\r\n\t\t\t<\/div>\r\n\t\t<\/section>\r\n\t\t\t\t<section class=\"elementor-section elementor-top-section elementor-element elementor-element-fc1c7e8 elementor-section-boxed elementor-section-height-default elementor-section-height-default\" data-id=\"fc1c7e8\" data-element_type=\"section\">\r\n\t\t\t\t\t\t<div class=\"elementor-container elementor-column-gap-default jws_section_\" >\r\n\t\t\t\t<div class=\"elementor-column elementor-col-100 elementor-top-column elementor-element elementor-element-b47e173\" data-id=\"b47e173\" data-element_type=\"column\">\n\t\t\t<div class=\"elementor-widget-wrap elementor-element-populated\">\n\t\t\t\t\t\t<div class=\"elementor-element elementor-element-348bb6e elementor-align-center elementor-widget elementor-widget-bloompixel-gradient-button\" data-id=\"348bb6e\" data-element_type=\"widget\" data-widget_type=\"bloompixel-gradient-button.default\">\n\t\t\t\t<div class=\"elementor-widget-container\">\n\t\t\t\t\t\t\t<div class=\"elementor-button-wrapper button-defautl\">\r\n\t\t\t<a href=\"https:\/\/mammiko.pl\/de\/rita-karmienie\/\" class=\"elementor-button-link elementor-button btn-main classic elementor-size-sm\" role=\"button\">\r\n\t\t\t\t\t\t<span class=\"elementor-button-content-wrapper\">\r\n\t\t\t\t\t\t<span class=\"elementor-button-icon elementor-align-icon-right\">\r\n\t\t\t\t<i aria-hidden=\"true\" class=\"jws-icon-arrow-up-right-thin-1\"><\/i>  \r\n\t\t\t<\/span>\r\n\t\t\t\t\t\t<span class=\"elementor-button-text\">Wie funktioniert das Stillen im Kleid Rita?<\/span>\r\n\t\t<\/span>\r\n\t\t\t\t\t<\/a>\r\n\t\t<\/div>\r\n\t\t\t\t\t\t<\/div>\n\t\t\t\t<\/div>\n\t\t\t\t\t<\/div>\n\t\t<\/div>\n\t\t\t\t      \r\n            \r\n              \r\n            \r\n            \t\r\n\t\t\t<\/div>\r\n\t\t<\/section>\r\n\t\t\t\t<\/div>","protected":false},"excerpt":{"rendered":"<p>Rita komfort i elegancja Sukienka Rita powsta\u0142a z my\u015bl\u0105 o codziennych potrzebach mam karmi\u0105cych i ch\u0119ci podarowania im pi\u0119knego, funkcjonalnego i wymarzonego stroju. Rita jest nie tylko oryginalna, ale przede wszystkim modna i elegancka. Jest odpowiedzi\u0105 na moje w\u0142asne do\u015bwiadczenia i potrzeby jako mamy karmi\u0105cej, dlatego wierz\u0119, \u017ce przypadnie do gustu wielu mamom, kt\u00f3re pragn\u0105 [&hellip;]<\/p>","protected":false},"author":1,"featured_media":0,"parent":0,"menu_order":0,"comment_status":"closed","ping_status":"closed","template":"","meta":{"footnotes":""},"class_list":["post-14521","page","type-page","status-publish","hentry"],"_links":{"self":[{"href":"https:\/\/mammiko.pl\/de\/wp-json\/wp\/v2\/pages\/14521","targetHints":{"allow":["GET"]}}],"collection":[{"href":"https:\/\/mammiko.pl\/de\/wp-json\/wp\/v2\/pages"}],"about":[{"href":"https:\/\/mammiko.pl\/de\/wp-json\/wp\/v2\/types\/page"}],"author":[{"embeddable":true,"href":"https:\/\/mammiko.pl\/de\/wp-json\/wp\/v2\/users\/1"}],"replies":[{"embeddable":true,"href":"https:\/\/mammiko.pl\/de\/wp-json\/wp\/v2\/comments?post=14521"}],"version-history":[{"count":81,"href":"https:\/\/mammiko.pl\/de\/wp-json\/wp\/v2\/pages\/14521\/revisions"}],"predecessor-version":[{"id":16188,"href":"https:\/\/mammiko.pl\/de\/wp-json\/wp\/v2\/pages\/14521\/revisions\/16188"}],"wp:attachment":[{"href":"https:\/\/mammiko.pl\/de\/wp-json\/wp\/v2\/media?parent=14521"}],"curies":[{"name":"wp","href":"https:\/\/api.w.org\/{rel}","templated":true}]}}