{"id":14448,"date":"2023-09-12T18:47:31","date_gmt":"2023-09-12T16:47:31","guid":{"rendered":"https:\/\/mammiko.pl\/?page_id=14448"},"modified":"2023-10-23T15:48:53","modified_gmt":"2023-10-23T13:48:53","slug":"rita-karmienie","status":"publish","type":"page","link":"https:\/\/mammiko.pl\/de\/rita-karmienie\/","title":{"rendered":"Rita &#8211; Karmienie"},"content":{"rendered":"<div data-elementor-type=\"wp-page\" data-elementor-id=\"14448\" class=\"elementor elementor-14448\">\n\t\t\t\t\t\t<section class=\"elementor-section elementor-top-section elementor-element elementor-element-260e4df elementor-section-height-min-height elementor-section-items-bottom elementor-section-boxed elementor-section-height-default\" data-id=\"260e4df\" data-element_type=\"section\" data-settings=\"{&quot;background_background&quot;:&quot;classic&quot;}\">\r\n\t\t\t\t\t\t<div class=\"elementor-container elementor-column-gap-default jws_section_\" >\r\n\t\t\t\t<div class=\"elementor-column elementor-col-100 elementor-top-column elementor-element elementor-element-073dda6\" data-id=\"073dda6\" data-element_type=\"column\">\n\t\t\t<div class=\"elementor-widget-wrap elementor-element-populated\">\n\t\t\t\t\t\t<div class=\"elementor-element elementor-element-57049ee elementor-invisible elementor-widget elementor-widget-heading\" data-id=\"57049ee\" data-element_type=\"widget\" data-settings=\"{&quot;_animation&quot;:&quot;fadeInLeft&quot;}\" data-widget_type=\"heading.default\">\n\t\t\t\t<div class=\"elementor-widget-container\">\n\t\t\t\t\t<h4 class=\"elementor-heading-title elementor-size-default\">Kleid Rita\u2028 <\/h4>\t\t\t\t<\/div>\n\t\t\t\t<\/div>\n\t\t\t\t<div class=\"elementor-element elementor-element-f42a5f4 elementor-invisible elementor-widget elementor-widget-heading\" data-id=\"f42a5f4\" data-element_type=\"widget\" data-settings=\"{&quot;_animation&quot;:&quot;fadeInLeft&quot;,&quot;_animation_delay&quot;:200}\" data-widget_type=\"heading.default\">\n\t\t\t\t<div class=\"elementor-widget-container\">\n\t\t\t\t\t<h3 class=\"elementor-heading-title elementor-size-default\">poczuj si\u0119 Kobieco<\/h3>\t\t\t\t<\/div>\n\t\t\t\t<\/div>\n\t\t\t\t\t<\/div>\n\t\t<\/div>\n\t\t\t\t      \r\n            \r\n              \r\n            \r\n            \t\r\n\t\t\t<\/div>\r\n\t\t<\/section>\r\n\t\t\t\t<section class=\"elementor-section elementor-top-section elementor-element elementor-element-dbf3567 elementor-section-content-middle elementor-section-boxed elementor-section-height-default elementor-section-height-default\" data-id=\"dbf3567\" data-element_type=\"section\">\r\n\t\t\t\t\t\t<div class=\"elementor-container elementor-column-gap-wider jws_section_\" >\r\n\t\t\t\t<div class=\"elementor-column elementor-col-50 elementor-top-column elementor-element elementor-element-16b5dc2\" data-id=\"16b5dc2\" data-element_type=\"column\">\n\t\t\t<div class=\"elementor-widget-wrap elementor-element-populated\">\n\t\t\t\t\t\t<div class=\"elementor-element elementor-element-1f1c937 elementor-widget elementor-widget-text-editor\" data-id=\"1f1c937\" data-element_type=\"widget\" data-widget_type=\"text-editor.default\">\n\t\t\t\t<div class=\"elementor-widget-container\">\n\t\t\t\t\t\t\t\t\t<p>Alle lieben Mamas, die das Gl\u00fcck haben, ihre Kinder zu stillen, wissen, wie wichtig diese Erfahrung ist. Es ist ein Moment der Intimit\u00e4t, N\u00e4he und Liebe, der uns auf unglaublich magische Weise mit unseren Kleinen verbindet. Aber genauso gut wisst ihr, dass es auch eine Herausforderung ist, besonders an \u00f6ffentlichen Orten oder in Gegenwart anderer Menschen. Deshalb wurde das Kleid Rita mit Blick auf eure Bed\u00fcrfnisse und W\u00fcnsche geschaffen.\u2028<\/p>\n<p>Unter dem vorderen Teil des Kleides Rita verbirgt sich ein bequemer Strickstoff. Er ist von guter Qualit\u00e4t, weich und dehnbar. Er passt sich leicht jeder Brustgr\u00f6\u00dfe an. Es sind zwei ineinander greifende Stoffschichten, die einfach auseinander gezogen werden k\u00f6nnen, um euer Kleines zu stillen. Aber das ist nur der Anfang! Was Rita besonders macht und innovativ ist, ist der Teil des Materials, den ich \"Bluse\" nenne. Ihr k\u00f6nnt ihn nach oben schieben und, wenn ihr das Baby leicht abr\u00fcckt, eure Brust komplett bedecken. Diese L\u00f6sung ist so diskret, dass kein K\u00f6rperteil auff\u00e4llig ist. Genau das braucht ihr, um euch sicher und komfortabel beim Stillen zu f\u00fchlen, unabh\u00e4ngig vom Ort und der Situation.\u2028<\/p>\t\t\t\t\t\t\t\t<\/div>\n\t\t\t\t<\/div>\n\t\t\t\t<div class=\"elementor-element elementor-element-d350456 elementor-align-center elementor-widget elementor-widget-bloompixel-gradient-button\" data-id=\"d350456\" data-element_type=\"widget\" data-widget_type=\"bloompixel-gradient-button.default\">\n\t\t\t\t<div class=\"elementor-widget-container\">\n\t\t\t\t\t\t\t<div class=\"elementor-button-wrapper button-defautl\">\r\n\t\t\t<a href=\"https:\/\/mammiko.pl\/de\/sklep\/\" class=\"elementor-button-link elementor-button btn-main classic elementor-size-sm\" role=\"button\">\r\n\t\t\t\t\t\t<span class=\"elementor-button-content-wrapper\">\r\n\t\t\t\t\t\t<span class=\"elementor-button-icon elementor-align-icon-right\">\r\n\t\t\t\t<i aria-hidden=\"true\" class=\"jws-icon-arrow-up-right-thin-1\"><\/i>  \r\n\t\t\t<\/span>\r\n\t\t\t\t\t\t<span class=\"elementor-button-text\">Jetzt deine Rita w\u00e4hlen<\/span>\r\n\t\t<\/span>\r\n\t\t\t\t\t<\/a>\r\n\t\t<\/div>\r\n\t\t\t\t\t\t<\/div>\n\t\t\t\t<\/div>\n\t\t\t\t<div class=\"elementor-element elementor-element-4d2b62c elementor-widget elementor-widget-spacer\" data-id=\"4d2b62c\" data-element_type=\"widget\" data-widget_type=\"spacer.default\">\n\t\t\t\t<div class=\"elementor-widget-container\">\n\t\t\t\t\t\t\t<div class=\"elementor-spacer\">\n\t\t\t<div class=\"elementor-spacer-inner\"><\/div>\n\t\t<\/div>\n\t\t\t\t\t\t<\/div>\n\t\t\t\t<\/div>\n\t\t\t\t\t<\/div>\n\t\t<\/div>\n\t\t        <div class=\"shade_animation shade-cfc3220\">\r\n\t\t             \t\t\t\t<div class=\"shade_wrap elementor-repeater-item-ab19279\">\r\n                                <div class=\"shade_wrap_inner infinite\">\r\n                                    <img decoding=\"async\" src=\"https:\/\/mammiko.pl\/wp-content\/uploads\/2021\/12\/Sparkle.svg\">  \r\n                                <\/div>  \r\n                            <\/div>\r\n                    <\/div>\r\n        \t\t<div class=\"elementor-column elementor-col-50 elementor-top-column elementor-element elementor-element-cfc3220 jws-shade-yes\" data-id=\"cfc3220\" data-element_type=\"column\">\n\t\t\t<div class=\"elementor-widget-wrap elementor-element-populated\">\n\t\t\t\t\t\t<div class=\"elementor-element elementor-element-6ca4990 elementor-widget__width-initial elementor-invisible elementor-widget elementor-widget-image\" data-id=\"6ca4990\" data-element_type=\"widget\" data-settings=\"{&quot;_animation&quot;:&quot;fadeInRight&quot;}\" data-widget_type=\"image.default\">\n\t\t\t\t<div class=\"elementor-widget-container\">\n\t\t\t\t\t\t\t\t\t\t\t\t\t\t\t<img decoding=\"async\" src=\"https:\/\/mammiko.pl\/wp-content\/uploads\/elementor\/thumbs\/Mammiko60-r5sqdrjt0n169uoywr7mhdr3y348rqwiuzlfp9hzrk.jpg\" title=\"Mammiko60\" alt=\"Mammiko60\" loading=\"lazy\" \/>\t\t\t\t\t\t\t\t\t\t\t\t\t\t\t<\/div>\n\t\t\t\t<\/div>\n\t\t\t\t<div class=\"elementor-element elementor-element-143ad36 elementor-widget__width-initial elementor-invisible elementor-widget elementor-widget-image\" data-id=\"143ad36\" data-element_type=\"widget\" data-settings=\"{&quot;_animation&quot;:&quot;fadeInRight&quot;,&quot;_animation_delay&quot;:200}\" data-widget_type=\"image.default\">\n\t\t\t\t<div class=\"elementor-widget-container\">\n\t\t\t\t\t\t\t\t\t\t\t\t\t\t\t<img decoding=\"async\" src=\"https:\/\/mammiko.pl\/wp-content\/uploads\/elementor\/thumbs\/Mammiko59-r5sqdudaznjj8jqeh6scue0wgj3unq9jsrb7s8p21e.jpg\" title=\"Mammiko59\" alt=\"Mammiko59\" loading=\"lazy\" \/>\t\t\t\t\t\t\t\t\t\t\t\t\t\t\t<\/div>\n\t\t\t\t<\/div>\n\t\t\t\t\t<\/div>\n\t\t<\/div>\n\t\t\t\t      \r\n            \r\n              \r\n            \r\n            \t\r\n\t\t\t<\/div>\r\n\t\t<\/section>\r\n\t\t\t\t<section class=\"elementor-section elementor-top-section elementor-element elementor-element-2cd6073 elementor-section-content-middle elementor-reverse-mobile elementor-section-boxed elementor-section-height-default elementor-section-height-default\" data-id=\"2cd6073\" data-element_type=\"section\">\r\n\t\t\t\t\t\t<div class=\"elementor-container elementor-column-gap-wider jws_section_\" >\r\n\t\t        <div class=\"shade_animation shade-f7069d0\">\r\n\t\t             \t\t\t\t<div class=\"shade_wrap elementor-repeater-item-ab19279\">\r\n                                <div class=\"shade_wrap_inner infinite\">\r\n                                    <img decoding=\"async\" src=\"https:\/\/mammiko.pl\/wp-content\/uploads\/2021\/12\/Sparkle.svg\">  \r\n                                <\/div>  \r\n                            <\/div>\r\n                    <\/div>\r\n        \t\t<div class=\"elementor-column elementor-col-50 elementor-top-column elementor-element elementor-element-f7069d0 jws-shade-yes\" data-id=\"f7069d0\" data-element_type=\"column\">\n\t\t\t<div class=\"elementor-widget-wrap elementor-element-populated\">\n\t\t\t\t\t\t<div class=\"elementor-element elementor-element-9470ec6 elementor-widget__width-initial elementor-invisible elementor-widget elementor-widget-image\" data-id=\"9470ec6\" data-element_type=\"widget\" data-settings=\"{&quot;_animation&quot;:&quot;fadeInRight&quot;}\" data-widget_type=\"image.default\">\n\t\t\t\t<div class=\"elementor-widget-container\">\n\t\t\t\t\t\t\t\t\t\t\t\t\t\t\t<img decoding=\"async\" src=\"https:\/\/mammiko.pl\/wp-content\/uploads\/elementor\/thumbs\/Mammiko61-r5sqdtfheb3qx2m8ls0vmda14uuz753zj8wentf7f4.jpg\" title=\"Mammiko61\" alt=\"Mammiko61\" loading=\"lazy\" \/>\t\t\t\t\t\t\t\t\t\t\t\t\t\t\t<\/div>\n\t\t\t\t<\/div>\n\t\t\t\t<div class=\"elementor-element elementor-element-50e6226 elementor-widget__width-initial elementor-invisible elementor-widget elementor-widget-image\" data-id=\"50e6226\" data-element_type=\"widget\" data-settings=\"{&quot;_animation&quot;:&quot;fadeInRight&quot;,&quot;_animation_delay&quot;:200}\" data-widget_type=\"image.default\">\n\t\t\t\t<div class=\"elementor-widget-container\">\n\t\t\t\t\t\t\t\t\t\t\t\t\t\t\t<img decoding=\"async\" src=\"https:\/\/mammiko.pl\/wp-content\/uploads\/elementor\/thumbs\/Mammiko62-r5sqdshmlzgylbt4s5z3pehz9rd48c234i08torudu.jpg\" title=\"Mammiko62\" alt=\"Mammiko62\" loading=\"lazy\" \/>\t\t\t\t\t\t\t\t\t\t\t\t\t\t\t<\/div>\n\t\t\t\t<\/div>\n\t\t\t\t\t<\/div>\n\t\t<\/div>\n\t\t\t\t<div class=\"elementor-column elementor-col-50 elementor-top-column elementor-element elementor-element-1c88671\" data-id=\"1c88671\" data-element_type=\"column\">\n\t\t\t<div class=\"elementor-widget-wrap elementor-element-populated\">\n\t\t\t\t\t\t<div class=\"elementor-element elementor-element-754271a elementor-widget elementor-widget-text-editor\" data-id=\"754271a\" data-element_type=\"widget\" data-widget_type=\"text-editor.default\">\n\t\t\t\t<div class=\"elementor-widget-container\">\n\t\t\t\t\t\t\t\t\t<p>Ich verstehe, dass einige von euch sich beim Stillen in der \u00d6ffentlichkeit nicht unwohl f\u00fchlen und es nicht st\u00f6rt, sich zu entbl\u00f6\u00dfen. Deshalb bietet das Kleid Rita auch die traditionelle L\u00f6sung an \u2013 ihr k\u00f6nnt einige Kn\u00f6pfe in der Bluse \u00f6ffnen und auf jede gew\u00fcnschte Weise stillen. Die Kn\u00f6pfe verleihen dem Kleid auch einen dekorativen Wert und verleihen ihm Leichtigkeit und Stil.\u2028<\/p><p><strong>F\u00fcr mich ist das Kleid Rita nicht nur zum Stillen. Es ist der Ausdruck meiner Sorge um eure Bed\u00fcrfnisse und Komfort.<\/strong>\u00a0Ich m\u00f6chte, dass ihr das Muttersein ohne Hemmungen genie\u00dfen k\u00f6nnt, ohne Angst vor dem Ort oder den Blicken. Das Kleid Rita ist die L\u00f6sung, die jede stillende Mutter selbstbewusst und wundersch\u00f6n f\u00fchlen l\u00e4sst.\u2028<\/p>\t\t\t\t\t\t\t\t<\/div>\n\t\t\t\t<\/div>\n\t\t\t\t<div class=\"elementor-element elementor-element-aae3b61 elementor-align-center elementor-widget elementor-widget-bloompixel-gradient-button\" data-id=\"aae3b61\" data-element_type=\"widget\" data-widget_type=\"bloompixel-gradient-button.default\">\n\t\t\t\t<div class=\"elementor-widget-container\">\n\t\t\t\t\t\t\t<div class=\"elementor-button-wrapper button-defautl\">\r\n\t\t\t<a href=\"https:\/\/mammiko.pl\/de\/sklep\/\" class=\"elementor-button-link elementor-button btn-main classic elementor-size-sm\" role=\"button\">\r\n\t\t\t\t\t\t<span class=\"elementor-button-content-wrapper\">\r\n\t\t\t\t\t\t<span class=\"elementor-button-icon elementor-align-icon-right\">\r\n\t\t\t\t<i aria-hidden=\"true\" class=\"jws-icon-arrow-up-right-thin-1\"><\/i>  \r\n\t\t\t<\/span>\r\n\t\t\t\t\t\t<span class=\"elementor-button-text\">Jetzt deine Rita w\u00e4hlen<\/span>\r\n\t\t<\/span>\r\n\t\t\t\t\t<\/a>\r\n\t\t<\/div>\r\n\t\t\t\t\t\t<\/div>\n\t\t\t\t<\/div>\n\t\t\t\t<div class=\"elementor-element elementor-element-54cf380 elementor-widget elementor-widget-spacer\" data-id=\"54cf380\" data-element_type=\"widget\" data-widget_type=\"spacer.default\">\n\t\t\t\t<div class=\"elementor-widget-container\">\n\t\t\t\t\t\t\t<div class=\"elementor-spacer\">\n\t\t\t<div class=\"elementor-spacer-inner\"><\/div>\n\t\t<\/div>\n\t\t\t\t\t\t<\/div>\n\t\t\t\t<\/div>\n\t\t\t\t\t<\/div>\n\t\t<\/div>\n\t\t\t\t      \r\n            \r\n              \r\n            \r\n            \t\r\n\t\t\t<\/div>\r\n\t\t<\/section>\r\n\t\t\t\t<\/div>","protected":false},"excerpt":{"rendered":"<p>Rita poczuj si\u0119 Kobieco Wszystkie Wy drogie Mamy, kt\u00f3re macie to szcz\u0119\u015bcie karmi\u0107 swoje dzieci piersi\u0105, wiecie, jak wa\u017cne jest to do\u015bwiadczenie. To chwila intymno\u015bci, blisko\u015bci i mi\u0142o\u015bci, kt\u00f3ra \u0142\u0105czy nas z naszymi maluchami w niezwykle magiczny spos\u00f3b. Ale r\u00f3wnie dobrze wiecie, \u017ce to tak\u017ce wyzwanie, szczeg\u00f3lnie w miejscach publicznych lub w otoczeniu innych os\u00f3b. [&hellip;]<\/p>","protected":false},"author":1,"featured_media":0,"parent":0,"menu_order":0,"comment_status":"closed","ping_status":"closed","template":"","meta":{"footnotes":""},"class_list":["post-14448","page","type-page","status-publish","hentry"],"_links":{"self":[{"href":"https:\/\/mammiko.pl\/de\/wp-json\/wp\/v2\/pages\/14448","targetHints":{"allow":["GET"]}}],"collection":[{"href":"https:\/\/mammiko.pl\/de\/wp-json\/wp\/v2\/pages"}],"about":[{"href":"https:\/\/mammiko.pl\/de\/wp-json\/wp\/v2\/types\/page"}],"author":[{"embeddable":true,"href":"https:\/\/mammiko.pl\/de\/wp-json\/wp\/v2\/users\/1"}],"replies":[{"embeddable":true,"href":"https:\/\/mammiko.pl\/de\/wp-json\/wp\/v2\/comments?post=14448"}],"version-history":[{"count":64,"href":"https:\/\/mammiko.pl\/de\/wp-json\/wp\/v2\/pages\/14448\/revisions"}],"predecessor-version":[{"id":16157,"href":"https:\/\/mammiko.pl\/de\/wp-json\/wp\/v2\/pages\/14448\/revisions\/16157"}],"wp:attachment":[{"href":"https:\/\/mammiko.pl\/de\/wp-json\/wp\/v2\/media?parent=14448"}],"curies":[{"name":"wp","href":"https:\/\/api.w.org\/{rel}","templated":true}]}}